{"id":15009,"date":"2021-04-07T12:26:13","date_gmt":"2021-04-07T11:26:13","guid":{"rendered":"https:\/\/tintas2000.pt\/home\/?page_id=15009"},"modified":"2022-06-17T17:56:40","modified_gmt":"2022-06-17T16:56:40","slug":"missao","status":"publish","type":"page","link":"https:\/\/tintas2000.pt\/home\/missao\/","title":{"rendered":"Miss\u00e3o"},"content":{"rendered":"\t\t<div data-elementor-type=\"wp-page\" data-elementor-id=\"15009\" class=\"elementor elementor-15009\" data-elementor-post-type=\"page\">\n\t\t\t\t\t\t<section class=\"elementor-section elementor-top-section elementor-element elementor-element-5521798 elementor-section-boxed elementor-section-height-default elementor-section-height-default\" data-id=\"5521798\" data-element_type=\"section\" data-e-type=\"section\">\n\t\t\t\t\t\t<div class=\"elementor-container elementor-column-gap-default\">\n\t\t\t\t\t<div class=\"elementor-column elementor-col-100 elementor-top-column elementor-element elementor-element-9c8aaec\" data-id=\"9c8aaec\" data-element_type=\"column\" data-e-type=\"column\">\n\t\t\t<div class=\"elementor-widget-wrap elementor-element-populated\">\n\t\t\t\t\t\t<div class=\"elementor-element elementor-element-11726db elementor-widget elementor-widget-heading\" data-id=\"11726db\" data-element_type=\"widget\" data-e-type=\"widget\" data-widget_type=\"heading.default\">\n\t\t\t\t<div class=\"elementor-widget-container\">\n\t\t\t\t\t<h2 class=\"elementor-heading-title elementor-size-default\">MISS\u00c3O E VALORES<\/h2>\t\t\t\t<\/div>\n\t\t\t\t<\/div>\n\t\t\t\t<div class=\"elementor-element elementor-element-0accf50 elementor-widget elementor-widget-text-editor\" data-id=\"0accf50\" data-element_type=\"widget\" data-e-type=\"widget\" data-widget_type=\"text-editor.default\">\n\t\t\t\t<div class=\"elementor-widget-container\">\n\t\t\t\t\t\t\t\t\tTINTAS 2000 &gt; EMPRESA &gt; MISS\u00c3O E VALORES\t\t\t\t\t\t\t\t<\/div>\n\t\t\t\t<\/div>\n\t\t\t\t\t<\/div>\n\t\t<\/div>\n\t\t\t\t\t<\/div>\n\t\t<\/section>\n\t\t\t\t<section class=\"elementor-section elementor-top-section elementor-element elementor-element-bfd6641 elementor-section-boxed elementor-section-height-default elementor-section-height-default\" data-id=\"bfd6641\" data-element_type=\"section\" data-e-type=\"section\">\n\t\t\t\t\t\t<div class=\"elementor-container elementor-column-gap-default\">\n\t\t\t\t\t<div class=\"elementor-column elementor-col-33 elementor-top-column elementor-element elementor-element-2e65419\" data-id=\"2e65419\" data-element_type=\"column\" data-e-type=\"column\">\n\t\t\t<div class=\"elementor-widget-wrap elementor-element-populated\">\n\t\t\t\t\t\t<section class=\"elementor-section elementor-inner-section elementor-element elementor-element-15152b0 elementor-section-boxed elementor-section-height-default elementor-section-height-default\" data-id=\"15152b0\" data-element_type=\"section\" data-e-type=\"section\">\n\t\t\t\t\t\t<div class=\"elementor-container elementor-column-gap-default\">\n\t\t\t\t\t<div class=\"elementor-column elementor-col-100 elementor-inner-column elementor-element elementor-element-47de54f\" data-id=\"47de54f\" data-element_type=\"column\" data-e-type=\"column\">\n\t\t\t<div class=\"elementor-widget-wrap elementor-element-populated\">\n\t\t\t\t\t\t<div class=\"elementor-element elementor-element-1018988 elementor-nav-menu__align-start elementor-nav-menu--dropdown-none purchaseHistory elementor-widget elementor-widget-nav-menu\" data-id=\"1018988\" data-element_type=\"widget\" data-e-type=\"widget\" data-settings=\"{&quot;layout&quot;:&quot;vertical&quot;,&quot;submenu_icon&quot;:{&quot;value&quot;:&quot;&lt;i class=\\&quot;\\&quot; aria-hidden=\\&quot;true\\&quot;&gt;&lt;\\\/i&gt;&quot;,&quot;library&quot;:&quot;&quot;}}\" data-widget_type=\"nav-menu.default\">\n\t\t\t\t<div class=\"elementor-widget-container\">\n\t\t\t\t\t\t\t\t<nav aria-label=\"Menu\" class=\"elementor-nav-menu--main elementor-nav-menu__container elementor-nav-menu--layout-vertical e--pointer-none\">\n\t\t\t\t<ul id=\"menu-1-1018988\" class=\"elementor-nav-menu sm-vertical\"><li class=\"menu-item menu-item-type-post_type menu-item-object-page menu-item-24324\"><a href=\"https:\/\/tintas2000.pt\/home\/empresa\/\" class=\"elementor-item\">Empresa<\/a><\/li>\n<li class=\"menu-item menu-item-type-post_type menu-item-object-page menu-item-24325\"><a href=\"https:\/\/tintas2000.pt\/home\/missao\/\" class=\"elementor-item\">Miss\u00e3o e Valores<\/a><\/li>\n<li class=\"menu-item menu-item-type-post_type menu-item-object-page menu-item-24323\"><a href=\"https:\/\/tintas2000.pt\/home\/qualidade\/\" class=\"elementor-item\">Qualidade e Ambiente<\/a><\/li>\n<li class=\"menu-item menu-item-type-post_type menu-item-object-page menu-item-24322\"><a href=\"https:\/\/tintas2000.pt\/home\/responsabilidade-social\/\" class=\"elementor-item\">Responsabilidade Social<\/a><\/li>\n<li class=\"menu-item menu-item-type-post_type menu-item-object-page menu-item-24326\"><a href=\"https:\/\/tintas2000.pt\/home\/academia-de-formacao\/\" class=\"elementor-item\">Academia de Forma\u00e7\u00e3o<\/a><\/li>\n<li class=\"menu-item menu-item-type-post_type menu-item-object-page menu-item-24321\"><a href=\"https:\/\/tintas2000.pt\/home\/recursos-humanos\/\" class=\"elementor-item\">Recursos Humanos<\/a><\/li>\n<li class=\"menu-item menu-item-type-post_type menu-item-object-page menu-item-38279\"><a href=\"https:\/\/tintas2000.pt\/home\/projeto-de-investimento\/\" class=\"elementor-item\">Projeto de Investimento<\/a><\/li>\n<\/ul>\t\t\t<\/nav>\n\t\t\t\t\t\t<nav class=\"elementor-nav-menu--dropdown elementor-nav-menu__container\" aria-hidden=\"true\">\n\t\t\t\t<ul id=\"menu-2-1018988\" class=\"elementor-nav-menu sm-vertical\"><li class=\"menu-item menu-item-type-post_type menu-item-object-page menu-item-24324\"><a href=\"https:\/\/tintas2000.pt\/home\/empresa\/\" class=\"elementor-item\" tabindex=\"-1\">Empresa<\/a><\/li>\n<li class=\"menu-item menu-item-type-post_type menu-item-object-page menu-item-24325\"><a href=\"https:\/\/tintas2000.pt\/home\/missao\/\" class=\"elementor-item\" tabindex=\"-1\">Miss\u00e3o e Valores<\/a><\/li>\n<li class=\"menu-item menu-item-type-post_type menu-item-object-page menu-item-24323\"><a href=\"https:\/\/tintas2000.pt\/home\/qualidade\/\" class=\"elementor-item\" tabindex=\"-1\">Qualidade e Ambiente<\/a><\/li>\n<li class=\"menu-item menu-item-type-post_type menu-item-object-page menu-item-24322\"><a href=\"https:\/\/tintas2000.pt\/home\/responsabilidade-social\/\" class=\"elementor-item\" tabindex=\"-1\">Responsabilidade Social<\/a><\/li>\n<li class=\"menu-item menu-item-type-post_type menu-item-object-page menu-item-24326\"><a href=\"https:\/\/tintas2000.pt\/home\/academia-de-formacao\/\" class=\"elementor-item\" tabindex=\"-1\">Academia de Forma\u00e7\u00e3o<\/a><\/li>\n<li class=\"menu-item menu-item-type-post_type menu-item-object-page menu-item-24321\"><a href=\"https:\/\/tintas2000.pt\/home\/recursos-humanos\/\" class=\"elementor-item\" tabindex=\"-1\">Recursos Humanos<\/a><\/li>\n<li class=\"menu-item menu-item-type-post_type menu-item-object-page menu-item-38279\"><a href=\"https:\/\/tintas2000.pt\/home\/projeto-de-investimento\/\" class=\"elementor-item\" tabindex=\"-1\">Projeto de Investimento<\/a><\/li>\n<\/ul>\t\t\t<\/nav>\n\t\t\t\t\t\t<\/div>\n\t\t\t\t<\/div>\n\t\t\t\t\t<\/div>\n\t\t<\/div>\n\t\t\t\t\t<\/div>\n\t\t<\/section>\n\t\t\t\t\t<\/div>\n\t\t<\/div>\n\t\t\t\t<div class=\"elementor-column elementor-col-66 elementor-top-column elementor-element elementor-element-8b017fb\" data-id=\"8b017fb\" data-element_type=\"column\" data-e-type=\"column\">\n\t\t\t<div class=\"elementor-widget-wrap elementor-element-populated\">\n\t\t\t\t\t\t<div class=\"elementor-element elementor-element-7fddb7c elementor--h-position-center elementor--v-position-middle elementor-pagination-position-inside elementor-widget elementor-widget-slides\" data-id=\"7fddb7c\" data-element_type=\"widget\" data-e-type=\"widget\" data-settings=\"{&quot;navigation&quot;:&quot;dots&quot;,&quot;autoplay&quot;:&quot;yes&quot;,&quot;pause_on_hover&quot;:&quot;yes&quot;,&quot;pause_on_interaction&quot;:&quot;yes&quot;,&quot;autoplay_speed&quot;:5000,&quot;infinite&quot;:&quot;yes&quot;,&quot;transition&quot;:&quot;slide&quot;,&quot;transition_speed&quot;:500}\" data-widget_type=\"slides.default\">\n\t\t\t\t<div class=\"elementor-widget-container\">\n\t\t\t\t\t\t\t\t\t<div class=\"elementor-swiper\">\n\t\t\t\t\t<div class=\"elementor-slides-wrapper elementor-main-swiper swiper\" role=\"region\" aria-roledescription=\"carousel\" aria-label=\"Slides\" dir=\"ltr\" data-animation=\"fadeInUp\">\n\t\t\t\t<div class=\"swiper-wrapper elementor-slides\">\n\t\t\t\t\t\t\t\t\t\t<div class=\"elementor-repeater-item-eb4c7bf swiper-slide\" role=\"group\" aria-roledescription=\"slide\"><div class=\"swiper-slide-bg\" role=\"img\" aria-label=\"Rectangle 33 (2)\"><\/div><div class=\"swiper-slide-inner\" ><div class=\"swiper-slide-contents\"><\/div><\/div><\/div>\t\t\t\t<\/div>\n\t\t\t\t\t\t\t<\/div>\n\t\t\t\t<\/div>\n\t\t\t\t\t\t\t\t<\/div>\n\t\t\t\t<\/div>\n\t\t\t\t<div class=\"elementor-element elementor-element-cecc35e elementor-widget-divider--view-line_text elementor-widget-divider--element-align-center elementor-widget elementor-widget-divider\" data-id=\"cecc35e\" data-element_type=\"widget\" data-e-type=\"widget\" data-widget_type=\"divider.default\">\n\t\t\t\t<div class=\"elementor-widget-container\">\n\t\t\t\t\t\t\t<div class=\"elementor-divider\">\n\t\t\t<span class=\"elementor-divider-separator\">\n\t\t\t\t\t\t<\/span>\n\t\t<\/div>\n\t\t\t\t\t\t<\/div>\n\t\t\t\t<\/div>\n\t\t\t\t<div class=\"elementor-element elementor-element-ce48ffc elementor-widget elementor-widget-heading\" data-id=\"ce48ffc\" data-element_type=\"widget\" data-e-type=\"widget\" data-widget_type=\"heading.default\">\n\t\t\t\t<div class=\"elementor-widget-container\">\n\t\t\t\t\t<h2 class=\"elementor-heading-title elementor-size-default\">MISS\u00c3O<\/h2>\t\t\t\t<\/div>\n\t\t\t\t<\/div>\n\t\t\t\t<div class=\"elementor-element elementor-element-bfff7ba elementor-widget elementor-widget-text-editor\" data-id=\"bfff7ba\" data-element_type=\"widget\" data-e-type=\"widget\" data-widget_type=\"text-editor.default\">\n\t\t\t\t<div class=\"elementor-widget-container\">\n\t\t\t\t\t\t\t\t\t<p><strong>A F\u00e1brica de Tintas 2000, S.A. tem como Miss\u00e3o&#8230;<\/strong><\/p>\n<p>Pintar, proteger, colorir e embelezar edif\u00edcios, equipamentos, estruturas met\u00e1licas e mobili\u00e1rio de madeira, com solu\u00e7\u00f5es inovadoras, de qualidade e com resultados de excel\u00eancia, promovendo o bem-estar e a satisfa\u00e7\u00e3o dos clientes, dos colaboradores e demais parceiros de neg\u00f3cio.<\/p>\t\t\t\t\t\t\t\t<\/div>\n\t\t\t\t<\/div>\n\t\t\t\t<div class=\"elementor-element elementor-element-3225288 elementor-widget-divider--view-line_text elementor-widget-divider--element-align-center elementor-widget elementor-widget-divider\" data-id=\"3225288\" data-element_type=\"widget\" data-e-type=\"widget\" data-widget_type=\"divider.default\">\n\t\t\t\t<div class=\"elementor-widget-container\">\n\t\t\t\t\t\t\t<div class=\"elementor-divider\">\n\t\t\t<span class=\"elementor-divider-separator\">\n\t\t\t\t\t\t<\/span>\n\t\t<\/div>\n\t\t\t\t\t\t<\/div>\n\t\t\t\t<\/div>\n\t\t\t\t<div class=\"elementor-element elementor-element-6b04782 elementor-widget elementor-widget-heading\" data-id=\"6b04782\" data-element_type=\"widget\" data-e-type=\"widget\" data-widget_type=\"heading.default\">\n\t\t\t\t<div class=\"elementor-widget-container\">\n\t\t\t\t\t<h2 class=\"elementor-heading-title elementor-size-default\">VIS\u00c3O<\/h2>\t\t\t\t<\/div>\n\t\t\t\t<\/div>\n\t\t\t\t<div class=\"elementor-element elementor-element-14ac13f elementor-widget elementor-widget-text-editor\" data-id=\"14ac13f\" data-element_type=\"widget\" data-e-type=\"widget\" data-widget_type=\"text-editor.default\">\n\t\t\t\t<div class=\"elementor-widget-container\">\n\t\t\t\t\t\t\t\t\tNo nosso horizonte est\u00e1 ser o maior e melhor grupo de tintas e vernizes do pa\u00eds, produzindo com qualidade solu\u00e7\u00f5es inovadoras de pintura, por forma a sermos o parceiro preferencial na concretiza\u00e7\u00e3o de neg\u00f3cios que acrescentam valor a todas as partes envolvidas e \u00e0 sociedade em geral, atingindo resultados de excel\u00eancia, com forte empenho, brio e paix\u00e3o de todos os colaboradores.<\/br><\/br>\nCom a ambi\u00e7\u00e3o de fazer mais e melhor perspetivamos a expans\u00e3o para novos mercados e novos segmentos; a cria\u00e7\u00e3o de uma estrutura organizativa simplificada e \u00e1gil, mantendo e assegurando em simult\u00e2neo uma s\u00f3lida capacidade financeira.\t\t\t\t\t\t\t\t<\/div>\n\t\t\t\t<\/div>\n\t\t\t\t<div class=\"elementor-element elementor-element-016601e elementor-widget-divider--view-line_text elementor-widget-divider--element-align-center elementor-widget elementor-widget-divider\" data-id=\"016601e\" data-element_type=\"widget\" data-e-type=\"widget\" data-widget_type=\"divider.default\">\n\t\t\t\t<div class=\"elementor-widget-container\">\n\t\t\t\t\t\t\t<div class=\"elementor-divider\">\n\t\t\t<span class=\"elementor-divider-separator\">\n\t\t\t\t\t\t<\/span>\n\t\t<\/div>\n\t\t\t\t\t\t<\/div>\n\t\t\t\t<\/div>\n\t\t\t\t<div class=\"elementor-element elementor-element-10870cf elementor-widget elementor-widget-heading\" data-id=\"10870cf\" data-element_type=\"widget\" data-e-type=\"widget\" data-widget_type=\"heading.default\">\n\t\t\t\t<div class=\"elementor-widget-container\">\n\t\t\t\t\t<h2 class=\"elementor-heading-title elementor-size-default\">VALORES<\/h2>\t\t\t\t<\/div>\n\t\t\t\t<\/div>\n\t\t\t\t<div class=\"elementor-element elementor-element-c05cf74 elementor-widget elementor-widget-text-editor\" data-id=\"c05cf74\" data-element_type=\"widget\" data-e-type=\"widget\" data-widget_type=\"text-editor.default\">\n\t\t\t\t<div class=\"elementor-widget-container\">\n\t\t\t\t\t\t\t\t\t<p><strong>O Grupo Tintas 2000 possui valores claros e ambiciosos, assentes em 7 pilares fundamentais:<\/strong><\/p><p>&#8211; Cultura din\u00e2mica, aberta, forte e distintiva;<br \/>&#8211; Ambi\u00e7\u00e3o de fazer mais e melhor;<br \/>&#8211; Inova\u00e7\u00e3o;<br \/>&#8211; Potencial de crescimento elevado, competitividade e cria\u00e7\u00e3o de valor;<br \/>&#8211; Equil\u00edbrio entre rentabilidade, crescimento e solidez financeira.<\/p>\t\t\t\t\t\t\t\t<\/div>\n\t\t\t\t<\/div>\n\t\t\t\t<div class=\"elementor-element elementor-element-3f23dc5 elementor-widget-divider--view-line_text elementor-widget-divider--element-align-center elementor-widget elementor-widget-divider\" data-id=\"3f23dc5\" data-element_type=\"widget\" data-e-type=\"widget\" data-widget_type=\"divider.default\">\n\t\t\t\t<div class=\"elementor-widget-container\">\n\t\t\t\t\t\t\t<div class=\"elementor-divider\">\n\t\t\t<span class=\"elementor-divider-separator\">\n\t\t\t\t\t\t<\/span>\n\t\t<\/div>\n\t\t\t\t\t\t<\/div>\n\t\t\t\t<\/div>\n\t\t\t\t<div class=\"elementor-element elementor-element-cf68777 elementor-widget elementor-widget-heading\" data-id=\"cf68777\" data-element_type=\"widget\" data-e-type=\"widget\" data-widget_type=\"heading.default\">\n\t\t\t\t<div class=\"elementor-widget-container\">\n\t\t\t\t\t<h2 class=\"elementor-heading-title elementor-size-default\">M\u00c1XIMAS<\/h2>\t\t\t\t<\/div>\n\t\t\t\t<\/div>\n\t\t\t\t<div class=\"elementor-element elementor-element-88c5c08 elementor-widget elementor-widget-text-editor\" data-id=\"88c5c08\" data-element_type=\"widget\" data-e-type=\"widget\" data-widget_type=\"text-editor.default\">\n\t\t\t\t<div class=\"elementor-widget-container\">\n\t\t\t\t\t\t\t\t\t&#8211; Ter orgulho naquilo que fazemos<\/BR>\n&#8211; Maximizar o lucro<\/BR>\n&#8211; Desenvolver um clima de boas rela\u00e7\u00f5es humanas e de trabalho<\/BR>\n&#8211; Ser ambiciosos nos objetivos e ultrapassa-los<\/BR>\n&#8211; Apoiar os nossos colaboradores, porque acreditamos neles<\/BR>\n&#8211; Excel\u00eancia dos nossos produtos e servi\u00e7os<\/BR>\n&#8211; Promover a melhoria continua, orientada para a Qualidade Total<\/BR>\n&#8211; Adaptarmo-nos de modo inovador ao mercado<\/BR>\n&#8211; Cliente 100% satisfeito<\/BR>\n&#8211; Fazer bem \u00e0 primeira<\/BR>\n&#8211; Zero desperd\u00edcios<\/BR>\n&#8211; Assumir um comportamento respons\u00e1vel e de conformidade com a lei<\/BR>\n&#8211; Comunicar abertamente e com seriedade com os nossos clientes, colaboradores e com a sociedade<\/BR>\n&#8211; Ser um orgulho pertencer \u00e0 Tintas 2000<\/BR>\n&#8211; Queremos ser um exemplo a seguir<\/BR>\t\t\t\t\t\t\t\t<\/div>\n\t\t\t\t<\/div>\n\t\t\t\t<div class=\"elementor-element elementor-element-ca0290d elementor-widget-divider--view-line_text elementor-widget-divider--element-align-center elementor-widget elementor-widget-divider\" data-id=\"ca0290d\" data-element_type=\"widget\" data-e-type=\"widget\" data-widget_type=\"divider.default\">\n\t\t\t\t<div class=\"elementor-widget-container\">\n\t\t\t\t\t\t\t<div class=\"elementor-divider\">\n\t\t\t<span class=\"elementor-divider-separator\">\n\t\t\t\t\t\t<\/span>\n\t\t<\/div>\n\t\t\t\t\t\t<\/div>\n\t\t\t\t<\/div>\n\t\t\t\t\t<\/div>\n\t\t<\/div>\n\t\t\t\t\t<\/div>\n\t\t<\/section>\n\t\t\t\t<\/div>\n\t\t","protected":false},"excerpt":{"rendered":"<p>MISS\u00c3O E VALORES TINTAS 2000 &gt; EMPRESA &gt; MISS\u00c3O E VALORES MISS\u00c3O A F\u00e1brica de Tintas 2000, S.A. tem como Miss\u00e3o&#8230; Pintar, proteger, colorir e embelezar edif\u00edcios, equipamentos, estruturas met\u00e1licas e mobili\u00e1rio de madeira, com solu\u00e7\u00f5es inovadoras, de qualidade e com resultados de excel\u00eancia, promovendo o bem-estar e a satisfa\u00e7\u00e3o dos clientes, dos colaboradores e [&hellip;]<\/p>\n","protected":false},"author":1,"featured_media":0,"parent":0,"menu_order":0,"comment_status":"closed","ping_status":"closed","template":"","meta":{"_acf_changed":false,"footnotes":""},"class_list":["post-15009","page","type-page","status-publish","hentry"],"acf":[],"yoast_head":"<!-- This site is optimized with the Yoast SEO plugin v27.5 - https:\/\/yoast.com\/product\/yoast-seo-wordpress\/ -->\n<title>Miss\u00e3o - Tintas 2000<\/title>\n<meta name=\"robots\" content=\"index, follow, max-snippet:-1, max-image-preview:large, max-video-preview:-1\" \/>\n<link rel=\"canonical\" href=\"https:\/\/tintas2000.pt\/home\/missao\/\" \/>\n<meta property=\"og:locale\" content=\"pt_PT\" \/>\n<meta property=\"og:type\" content=\"article\" \/>\n<meta property=\"og:title\" content=\"Miss\u00e3o - Tintas 2000\" \/>\n<meta property=\"og:description\" content=\"MISS\u00c3O E VALORES TINTAS 2000 &gt; EMPRESA &gt; MISS\u00c3O E VALORES MISS\u00c3O A F\u00e1brica de Tintas 2000, S.A. tem como Miss\u00e3o&#8230; Pintar, proteger, colorir e embelezar edif\u00edcios, equipamentos, estruturas met\u00e1licas e mobili\u00e1rio de madeira, com solu\u00e7\u00f5es inovadoras, de qualidade e com resultados de excel\u00eancia, promovendo o bem-estar e a satisfa\u00e7\u00e3o dos clientes, dos colaboradores e [&hellip;]\" \/>\n<meta property=\"og:url\" content=\"https:\/\/tintas2000.pt\/home\/missao\/\" \/>\n<meta property=\"og:site_name\" content=\"Tintas 2000\" \/>\n<meta property=\"article:modified_time\" content=\"2022-06-17T16:56:40+00:00\" \/>\n<meta name=\"twitter:card\" content=\"summary_large_image\" \/>\n<meta name=\"twitter:label1\" content=\"Tempo estimado de leitura\" \/>\n\t<meta name=\"twitter:data1\" content=\"2 minutos\" \/>\n<script type=\"application\/ld+json\" class=\"yoast-schema-graph\">{\"@context\":\"https:\\\/\\\/schema.org\",\"@graph\":[{\"@type\":\"WebPage\",\"@id\":\"https:\\\/\\\/tintas2000.pt\\\/home\\\/missao\\\/\",\"url\":\"https:\\\/\\\/tintas2000.pt\\\/home\\\/missao\\\/\",\"name\":\"Miss\u00e3o - Tintas 2000\",\"isPartOf\":{\"@id\":\"https:\\\/\\\/tintas2000.pt\\\/home\\\/#website\"},\"datePublished\":\"2021-04-07T11:26:13+00:00\",\"dateModified\":\"2022-06-17T16:56:40+00:00\",\"breadcrumb\":{\"@id\":\"https:\\\/\\\/tintas2000.pt\\\/home\\\/missao\\\/#breadcrumb\"},\"inLanguage\":\"pt-PT\",\"potentialAction\":[{\"@type\":\"ReadAction\",\"target\":[\"https:\\\/\\\/tintas2000.pt\\\/home\\\/missao\\\/\"]}]},{\"@type\":\"BreadcrumbList\",\"@id\":\"https:\\\/\\\/tintas2000.pt\\\/home\\\/missao\\\/#breadcrumb\",\"itemListElement\":[{\"@type\":\"ListItem\",\"position\":1,\"name\":\"In\u00edcio\",\"item\":\"https:\\\/\\\/tintas2000.pt\\\/home\\\/\"},{\"@type\":\"ListItem\",\"position\":2,\"name\":\"Miss\u00e3o\"}]},{\"@type\":\"WebSite\",\"@id\":\"https:\\\/\\\/tintas2000.pt\\\/home\\\/#website\",\"url\":\"https:\\\/\\\/tintas2000.pt\\\/home\\\/\",\"name\":\"Tintas 2000\",\"description\":\"Tintas 2000\",\"potentialAction\":[{\"@type\":\"SearchAction\",\"target\":{\"@type\":\"EntryPoint\",\"urlTemplate\":\"https:\\\/\\\/tintas2000.pt\\\/home\\\/?s={search_term_string}\"},\"query-input\":{\"@type\":\"PropertyValueSpecification\",\"valueRequired\":true,\"valueName\":\"search_term_string\"}}],\"inLanguage\":\"pt-PT\"}]}<\/script>\n<!-- \/ Yoast SEO plugin. -->","yoast_head_json":{"title":"Miss\u00e3o - Tintas 2000","robots":{"index":"index","follow":"follow","max-snippet":"max-snippet:-1","max-image-preview":"max-image-preview:large","max-video-preview":"max-video-preview:-1"},"canonical":"https:\/\/tintas2000.pt\/home\/missao\/","og_locale":"pt_PT","og_type":"article","og_title":"Miss\u00e3o - Tintas 2000","og_description":"MISS\u00c3O E VALORES TINTAS 2000 &gt; EMPRESA &gt; MISS\u00c3O E VALORES MISS\u00c3O A F\u00e1brica de Tintas 2000, S.A. tem como Miss\u00e3o&#8230; Pintar, proteger, colorir e embelezar edif\u00edcios, equipamentos, estruturas met\u00e1licas e mobili\u00e1rio de madeira, com solu\u00e7\u00f5es inovadoras, de qualidade e com resultados de excel\u00eancia, promovendo o bem-estar e a satisfa\u00e7\u00e3o dos clientes, dos colaboradores e [&hellip;]","og_url":"https:\/\/tintas2000.pt\/home\/missao\/","og_site_name":"Tintas 2000","article_modified_time":"2022-06-17T16:56:40+00:00","twitter_card":"summary_large_image","twitter_misc":{"Tempo estimado de leitura":"2 minutos"},"schema":{"@context":"https:\/\/schema.org","@graph":[{"@type":"WebPage","@id":"https:\/\/tintas2000.pt\/home\/missao\/","url":"https:\/\/tintas2000.pt\/home\/missao\/","name":"Miss\u00e3o - Tintas 2000","isPartOf":{"@id":"https:\/\/tintas2000.pt\/home\/#website"},"datePublished":"2021-04-07T11:26:13+00:00","dateModified":"2022-06-17T16:56:40+00:00","breadcrumb":{"@id":"https:\/\/tintas2000.pt\/home\/missao\/#breadcrumb"},"inLanguage":"pt-PT","potentialAction":[{"@type":"ReadAction","target":["https:\/\/tintas2000.pt\/home\/missao\/"]}]},{"@type":"BreadcrumbList","@id":"https:\/\/tintas2000.pt\/home\/missao\/#breadcrumb","itemListElement":[{"@type":"ListItem","position":1,"name":"In\u00edcio","item":"https:\/\/tintas2000.pt\/home\/"},{"@type":"ListItem","position":2,"name":"Miss\u00e3o"}]},{"@type":"WebSite","@id":"https:\/\/tintas2000.pt\/home\/#website","url":"https:\/\/tintas2000.pt\/home\/","name":"Tintas 2000","description":"Tintas 2000","potentialAction":[{"@type":"SearchAction","target":{"@type":"EntryPoint","urlTemplate":"https:\/\/tintas2000.pt\/home\/?s={search_term_string}"},"query-input":{"@type":"PropertyValueSpecification","valueRequired":true,"valueName":"search_term_string"}}],"inLanguage":"pt-PT"}]}},"_links":{"self":[{"href":"https:\/\/tintas2000.pt\/home\/wp-json\/wp\/v2\/pages\/15009","targetHints":{"allow":["GET"]}}],"collection":[{"href":"https:\/\/tintas2000.pt\/home\/wp-json\/wp\/v2\/pages"}],"about":[{"href":"https:\/\/tintas2000.pt\/home\/wp-json\/wp\/v2\/types\/page"}],"author":[{"embeddable":true,"href":"https:\/\/tintas2000.pt\/home\/wp-json\/wp\/v2\/users\/1"}],"replies":[{"embeddable":true,"href":"https:\/\/tintas2000.pt\/home\/wp-json\/wp\/v2\/comments?post=15009"}],"version-history":[{"count":0,"href":"https:\/\/tintas2000.pt\/home\/wp-json\/wp\/v2\/pages\/15009\/revisions"}],"wp:attachment":[{"href":"https:\/\/tintas2000.pt\/home\/wp-json\/wp\/v2\/media?parent=15009"}],"curies":[{"name":"wp","href":"https:\/\/api.w.org\/{rel}","templated":true}]}}