{"id":15069,"date":"2021-04-08T04:40:40","date_gmt":"2021-04-08T03:40:40","guid":{"rendered":"https:\/\/tintas2000.pt\/home\/?page_id=15069"},"modified":"2022-03-02T09:13:36","modified_gmt":"2022-03-02T09:13:36","slug":"responsabilidade-social","status":"publish","type":"page","link":"https:\/\/tintas2000.pt\/home\/responsabilidade-social\/","title":{"rendered":"Responsabilidade Social"},"content":{"rendered":"\t\t<div data-elementor-type=\"wp-page\" data-elementor-id=\"15069\" class=\"elementor elementor-15069\" data-elementor-post-type=\"page\">\n\t\t\t\t\t\t<section class=\"elementor-section elementor-top-section elementor-element elementor-element-21c4772 elementor-section-boxed elementor-section-height-default elementor-section-height-default\" data-id=\"21c4772\" data-element_type=\"section\" data-e-type=\"section\">\n\t\t\t\t\t\t<div class=\"elementor-container elementor-column-gap-default\">\n\t\t\t\t\t<div class=\"elementor-column elementor-col-100 elementor-top-column elementor-element elementor-element-3c0399b\" data-id=\"3c0399b\" data-element_type=\"column\" data-e-type=\"column\">\n\t\t\t<div class=\"elementor-widget-wrap elementor-element-populated\">\n\t\t\t\t\t\t<div class=\"elementor-element elementor-element-56e38e9 elementor-widget elementor-widget-heading\" data-id=\"56e38e9\" data-element_type=\"widget\" data-e-type=\"widget\" data-widget_type=\"heading.default\">\n\t\t\t\t<div class=\"elementor-widget-container\">\n\t\t\t\t\t<h2 class=\"elementor-heading-title elementor-size-default\">Responsabilidade Social<\/h2>\t\t\t\t<\/div>\n\t\t\t\t<\/div>\n\t\t\t\t<div class=\"elementor-element elementor-element-e576b91 elementor-widget elementor-widget-text-editor\" data-id=\"e576b91\" data-element_type=\"widget\" data-e-type=\"widget\" data-widget_type=\"text-editor.default\">\n\t\t\t\t<div class=\"elementor-widget-container\">\n\t\t\t\t\t\t\t\t\t<p>TINTAS 2000 &gt; EMPRESA &gt; RESPONSABILIDADE SOCIAL<\/p>\t\t\t\t\t\t\t\t<\/div>\n\t\t\t\t<\/div>\n\t\t\t\t\t<\/div>\n\t\t<\/div>\n\t\t\t\t\t<\/div>\n\t\t<\/section>\n\t\t\t\t<section class=\"elementor-section elementor-top-section elementor-element elementor-element-052685a elementor-section-boxed elementor-section-height-default elementor-section-height-default\" data-id=\"052685a\" data-element_type=\"section\" data-e-type=\"section\">\n\t\t\t\t\t\t<div class=\"elementor-container elementor-column-gap-default\">\n\t\t\t\t\t<div class=\"elementor-column elementor-col-33 elementor-top-column elementor-element elementor-element-cf98ec9\" data-id=\"cf98ec9\" data-element_type=\"column\" data-e-type=\"column\">\n\t\t\t<div class=\"elementor-widget-wrap elementor-element-populated\">\n\t\t\t\t\t\t<section class=\"elementor-section elementor-inner-section elementor-element elementor-element-9a18b8a elementor-section-boxed elementor-section-height-default elementor-section-height-default\" data-id=\"9a18b8a\" data-element_type=\"section\" data-e-type=\"section\">\n\t\t\t\t\t\t<div class=\"elementor-container elementor-column-gap-default\">\n\t\t\t\t\t<div class=\"elementor-column elementor-col-100 elementor-inner-column elementor-element elementor-element-6822367\" data-id=\"6822367\" data-element_type=\"column\" data-e-type=\"column\">\n\t\t\t<div class=\"elementor-widget-wrap elementor-element-populated\">\n\t\t\t\t\t\t<div class=\"elementor-element elementor-element-faa47a1 elementor-nav-menu__align-start elementor-nav-menu--dropdown-none purchaseHistory elementor-widget elementor-widget-nav-menu\" data-id=\"faa47a1\" data-element_type=\"widget\" data-e-type=\"widget\" data-settings=\"{&quot;layout&quot;:&quot;vertical&quot;,&quot;submenu_icon&quot;:{&quot;value&quot;:&quot;&lt;i class=\\&quot;\\&quot; aria-hidden=\\&quot;true\\&quot;&gt;&lt;\\\/i&gt;&quot;,&quot;library&quot;:&quot;&quot;}}\" data-widget_type=\"nav-menu.default\">\n\t\t\t\t<div class=\"elementor-widget-container\">\n\t\t\t\t\t\t\t\t<nav aria-label=\"Menu\" class=\"elementor-nav-menu--main elementor-nav-menu__container elementor-nav-menu--layout-vertical e--pointer-none\">\n\t\t\t\t<ul id=\"menu-1-faa47a1\" class=\"elementor-nav-menu sm-vertical\"><li class=\"menu-item menu-item-type-post_type menu-item-object-page menu-item-24324\"><a href=\"https:\/\/tintas2000.pt\/home\/empresa\/\" class=\"elementor-item\">Empresa<\/a><\/li>\n<li class=\"menu-item menu-item-type-post_type menu-item-object-page menu-item-24325\"><a href=\"https:\/\/tintas2000.pt\/home\/missao\/\" class=\"elementor-item\">Miss\u00e3o e Valores<\/a><\/li>\n<li class=\"menu-item menu-item-type-post_type menu-item-object-page menu-item-24323\"><a href=\"https:\/\/tintas2000.pt\/home\/qualidade\/\" class=\"elementor-item\">Qualidade e Ambiente<\/a><\/li>\n<li class=\"menu-item menu-item-type-post_type menu-item-object-page menu-item-24322\"><a href=\"https:\/\/tintas2000.pt\/home\/responsabilidade-social\/\" class=\"elementor-item\">Responsabilidade Social<\/a><\/li>\n<li class=\"menu-item menu-item-type-post_type menu-item-object-page menu-item-24326\"><a href=\"https:\/\/tintas2000.pt\/home\/academia-de-formacao\/\" class=\"elementor-item\">Academia de Forma\u00e7\u00e3o<\/a><\/li>\n<li class=\"menu-item menu-item-type-post_type menu-item-object-page menu-item-24321\"><a href=\"https:\/\/tintas2000.pt\/home\/recursos-humanos\/\" class=\"elementor-item\">Recursos Humanos<\/a><\/li>\n<li class=\"menu-item menu-item-type-post_type menu-item-object-page menu-item-38279\"><a href=\"https:\/\/tintas2000.pt\/home\/projeto-de-investimento\/\" class=\"elementor-item\">Projeto de Investimento<\/a><\/li>\n<\/ul>\t\t\t<\/nav>\n\t\t\t\t\t\t<nav class=\"elementor-nav-menu--dropdown elementor-nav-menu__container\" aria-hidden=\"true\">\n\t\t\t\t<ul id=\"menu-2-faa47a1\" class=\"elementor-nav-menu sm-vertical\"><li class=\"menu-item menu-item-type-post_type menu-item-object-page menu-item-24324\"><a href=\"https:\/\/tintas2000.pt\/home\/empresa\/\" class=\"elementor-item\" tabindex=\"-1\">Empresa<\/a><\/li>\n<li class=\"menu-item menu-item-type-post_type menu-item-object-page menu-item-24325\"><a href=\"https:\/\/tintas2000.pt\/home\/missao\/\" class=\"elementor-item\" tabindex=\"-1\">Miss\u00e3o e Valores<\/a><\/li>\n<li class=\"menu-item menu-item-type-post_type menu-item-object-page menu-item-24323\"><a href=\"https:\/\/tintas2000.pt\/home\/qualidade\/\" class=\"elementor-item\" tabindex=\"-1\">Qualidade e Ambiente<\/a><\/li>\n<li class=\"menu-item menu-item-type-post_type menu-item-object-page menu-item-24322\"><a href=\"https:\/\/tintas2000.pt\/home\/responsabilidade-social\/\" class=\"elementor-item\" tabindex=\"-1\">Responsabilidade Social<\/a><\/li>\n<li class=\"menu-item menu-item-type-post_type menu-item-object-page menu-item-24326\"><a href=\"https:\/\/tintas2000.pt\/home\/academia-de-formacao\/\" class=\"elementor-item\" tabindex=\"-1\">Academia de Forma\u00e7\u00e3o<\/a><\/li>\n<li class=\"menu-item menu-item-type-post_type menu-item-object-page menu-item-24321\"><a href=\"https:\/\/tintas2000.pt\/home\/recursos-humanos\/\" class=\"elementor-item\" tabindex=\"-1\">Recursos Humanos<\/a><\/li>\n<li class=\"menu-item menu-item-type-post_type menu-item-object-page menu-item-38279\"><a href=\"https:\/\/tintas2000.pt\/home\/projeto-de-investimento\/\" class=\"elementor-item\" tabindex=\"-1\">Projeto de Investimento<\/a><\/li>\n<\/ul>\t\t\t<\/nav>\n\t\t\t\t\t\t<\/div>\n\t\t\t\t<\/div>\n\t\t\t\t\t<\/div>\n\t\t<\/div>\n\t\t\t\t\t<\/div>\n\t\t<\/section>\n\t\t\t\t\t<\/div>\n\t\t<\/div>\n\t\t\t\t<div class=\"elementor-column elementor-col-66 elementor-top-column elementor-element elementor-element-f131cac\" data-id=\"f131cac\" data-element_type=\"column\" data-e-type=\"column\">\n\t\t\t<div class=\"elementor-widget-wrap elementor-element-populated\">\n\t\t\t\t\t\t<div class=\"elementor-element elementor-element-2170865 elementor--h-position-center elementor--v-position-middle elementor-pagination-position-inside elementor-widget elementor-widget-slides\" data-id=\"2170865\" data-element_type=\"widget\" data-e-type=\"widget\" data-settings=\"{&quot;navigation&quot;:&quot;dots&quot;,&quot;autoplay&quot;:&quot;yes&quot;,&quot;pause_on_hover&quot;:&quot;yes&quot;,&quot;pause_on_interaction&quot;:&quot;yes&quot;,&quot;autoplay_speed&quot;:5000,&quot;infinite&quot;:&quot;yes&quot;,&quot;transition&quot;:&quot;slide&quot;,&quot;transition_speed&quot;:500}\" data-widget_type=\"slides.default\">\n\t\t\t\t<div class=\"elementor-widget-container\">\n\t\t\t\t\t\t\t\t\t<div class=\"elementor-swiper\">\n\t\t\t\t\t<div class=\"elementor-slides-wrapper elementor-main-swiper swiper\" role=\"region\" aria-roledescription=\"carousel\" aria-label=\"Slides\" dir=\"ltr\" data-animation=\"fadeInUp\">\n\t\t\t\t<div class=\"swiper-wrapper elementor-slides\">\n\t\t\t\t\t\t\t\t\t\t<div class=\"elementor-repeater-item-eb4c7bf swiper-slide\" role=\"group\" aria-roledescription=\"slide\"><div class=\"swiper-slide-bg\" role=\"img\" aria-label=\"Rectangle 33 (3)\"><\/div><div class=\"swiper-slide-inner\" ><div class=\"swiper-slide-contents\"><\/div><\/div><\/div>\t\t\t\t<\/div>\n\t\t\t\t\t\t\t<\/div>\n\t\t\t\t<\/div>\n\t\t\t\t\t\t\t\t<\/div>\n\t\t\t\t<\/div>\n\t\t\t\t<div class=\"elementor-element elementor-element-f781264 elementor-widget-divider--view-line_text elementor-widget-divider--element-align-center elementor-widget elementor-widget-divider\" data-id=\"f781264\" data-element_type=\"widget\" data-e-type=\"widget\" data-widget_type=\"divider.default\">\n\t\t\t\t<div class=\"elementor-widget-container\">\n\t\t\t\t\t\t\t<div class=\"elementor-divider\">\n\t\t\t<span class=\"elementor-divider-separator\">\n\t\t\t\t\t\t<\/span>\n\t\t<\/div>\n\t\t\t\t\t\t<\/div>\n\t\t\t\t<\/div>\n\t\t\t\t<div class=\"elementor-element elementor-element-342c49c elementor-widget elementor-widget-heading\" data-id=\"342c49c\" data-element_type=\"widget\" data-e-type=\"widget\" data-widget_type=\"heading.default\">\n\t\t\t\t<div class=\"elementor-widget-container\">\n\t\t\t\t\t<h2 class=\"elementor-heading-title elementor-size-default\">PROJETO COLORIR<\/h2>\t\t\t\t<\/div>\n\t\t\t\t<\/div>\n\t\t\t\t<div class=\"elementor-element elementor-element-7645d36 elementor-widget elementor-widget-text-editor\" data-id=\"7645d36\" data-element_type=\"widget\" data-e-type=\"widget\" data-widget_type=\"text-editor.default\">\n\t\t\t\t<div class=\"elementor-widget-container\">\n\t\t\t\t\t\t\t\t\t<p>A F\u00e1brica de Tintas 2000, S.A., no \u00e2mbito da responsabilidade social, criou o Projeto ColoRIR, um projeto que j\u00e1 existia antes de 2015 mas que s\u00f3 no final desse ano arrancou com maior visibilidade.<br \/><br \/><\/p><p>A principal miss\u00e3o do ColoRIR \u00e9 provocar sorrisos \u00e0 nossa grande equipa e \u00e0 comunidade em geral, tendo j\u00e1 organizado v\u00e1rias iniciativas que pretendem marcar a diferen\u00e7a. \u00c9 tamb\u00e9m no \u00e2mbito deste projeto que a empresa colabora de forma solid\u00e1ria com institui\u00e7\u00f5es de apoio social, atrav\u00e9s de recolha de verbas, bens, alimentos, ou doa\u00e7\u00f5es de tinta.<br \/><br \/><\/p><p>A Tintas 2000 j\u00e1 conta com 5 Caminhadas Solid\u00e1rias, sendo que em cada uma delas ajudou uma associa\u00e7\u00e3o diferente. O valor angariado na 1\u00aa Caminhada Solid\u00e1ria reverteu a favor da Socialis e Causa da Crian\u00e7a, a 2\u00aa Caminhada Solid\u00e1ria reverteu a favor dos Bombeiros Volunt\u00e1rios de Moreira da Maia, a 3\u00aa Caminhada Solid\u00e1ria reverteu a favor da Refood &#8211; Delega\u00e7\u00e3o da Maia, a 4\u00aa Caminhada Solid\u00e1ria reverteu a favor da Cruz Vermelha &#8211; Delega\u00e7\u00e3o Maia e a 5\u00aa caminhada a favor da APPDACDM &#8211; Associa\u00e7\u00e3o Portuguesa de Pais e Amigos do Cidad\u00e3o com Defici\u00eancia Mental da Maia.<br \/><br \/><\/p><p>O projeto possui 7 cores, cada uma referente a uma \u00e1rea de interven\u00e7\u00e3o distinta, sendo elas: Cultura, Fam\u00edlia, Desporto, Responsabilidade Social, Voluntariado, Sa\u00fade e Bem Estar e Partilha de Talentos.<\/p>\t\t\t\t\t\t\t\t<\/div>\n\t\t\t\t<\/div>\n\t\t\t\t<div class=\"elementor-element elementor-element-267be98 elementor-widget elementor-widget-image\" data-id=\"267be98\" data-element_type=\"widget\" data-e-type=\"widget\" data-widget_type=\"image.default\">\n\t\t\t\t<div class=\"elementor-widget-container\">\n\t\t\t\t\t\t\t\t\t\t\t\t\t\t\t<img fetchpriority=\"high\" decoding=\"async\" width=\"540\" height=\"433\" src=\"https:\/\/tintas2000.pt\/home\/wp-content\/uploads\/2021\/04\/Captura-de-ecra\u0303-2020-09-29-a\u0300s-14.37-1.png\" class=\"attachment-large size-large wp-image-15091\" alt=\"\" srcset=\"https:\/\/tintas2000.pt\/home\/wp-content\/uploads\/2021\/04\/Captura-de-ecra\u0303-2020-09-29-a\u0300s-14.37-1.png 540w, https:\/\/tintas2000.pt\/home\/wp-content\/uploads\/2021\/04\/Captura-de-ecra\u0303-2020-09-29-a\u0300s-14.37-1-300x241.png 300w\" sizes=\"(max-width: 540px) 100vw, 540px\" \/>\t\t\t\t\t\t\t\t\t\t\t\t\t\t\t<\/div>\n\t\t\t\t<\/div>\n\t\t\t\t\t<\/div>\n\t\t<\/div>\n\t\t\t\t\t<\/div>\n\t\t<\/section>\n\t\t\t\t<\/div>\n\t\t","protected":false},"excerpt":{"rendered":"<p>Responsabilidade Social TINTAS 2000 &gt; EMPRESA &gt; RESPONSABILIDADE SOCIAL PROJETO COLORIR A F\u00e1brica de Tintas 2000, S.A., no \u00e2mbito da responsabilidade social, criou o Projeto ColoRIR, um projeto que j\u00e1 existia antes de 2015 mas que s\u00f3 no final desse ano arrancou com maior visibilidade. A principal miss\u00e3o do ColoRIR \u00e9 provocar sorrisos \u00e0 nossa [&hellip;]<\/p>\n","protected":false},"author":1,"featured_media":0,"parent":0,"menu_order":0,"comment_status":"closed","ping_status":"closed","template":"","meta":{"_acf_changed":false,"footnotes":""},"class_list":["post-15069","page","type-page","status-publish","hentry"],"acf":[],"yoast_head":"<!-- This site is optimized with the Yoast SEO plugin v27.3 - https:\/\/yoast.com\/product\/yoast-seo-wordpress\/ -->\n<title>Responsabilidade Social - Tintas 2000<\/title>\n<meta name=\"robots\" content=\"index, follow, max-snippet:-1, max-image-preview:large, max-video-preview:-1\" \/>\n<link rel=\"canonical\" href=\"https:\/\/tintas2000.pt\/home\/responsabilidade-social\/\" \/>\n<meta property=\"og:locale\" content=\"pt_PT\" \/>\n<meta property=\"og:type\" content=\"article\" \/>\n<meta property=\"og:title\" content=\"Responsabilidade Social - Tintas 2000\" \/>\n<meta property=\"og:description\" content=\"Responsabilidade Social TINTAS 2000 &gt; EMPRESA &gt; RESPONSABILIDADE SOCIAL PROJETO COLORIR A F\u00e1brica de Tintas 2000, S.A., no \u00e2mbito da responsabilidade social, criou o Projeto ColoRIR, um projeto que j\u00e1 existia antes de 2015 mas que s\u00f3 no final desse ano arrancou com maior visibilidade. A principal miss\u00e3o do ColoRIR \u00e9 provocar sorrisos \u00e0 nossa [&hellip;]\" \/>\n<meta property=\"og:url\" content=\"https:\/\/tintas2000.pt\/home\/responsabilidade-social\/\" \/>\n<meta property=\"og:site_name\" content=\"Tintas 2000\" \/>\n<meta property=\"article:modified_time\" content=\"2022-03-02T09:13:36+00:00\" \/>\n<meta name=\"twitter:card\" content=\"summary_large_image\" \/>\n<meta name=\"twitter:label1\" content=\"Tempo estimado de leitura\" \/>\n\t<meta name=\"twitter:data1\" content=\"1 minuto\" \/>\n<script type=\"application\/ld+json\" class=\"yoast-schema-graph\">{\"@context\":\"https:\\\/\\\/schema.org\",\"@graph\":[{\"@type\":\"WebPage\",\"@id\":\"https:\\\/\\\/tintas2000.pt\\\/home\\\/responsabilidade-social\\\/\",\"url\":\"https:\\\/\\\/tintas2000.pt\\\/home\\\/responsabilidade-social\\\/\",\"name\":\"Responsabilidade Social - Tintas 2000\",\"isPartOf\":{\"@id\":\"https:\\\/\\\/tintas2000.pt\\\/home\\\/#website\"},\"datePublished\":\"2021-04-08T03:40:40+00:00\",\"dateModified\":\"2022-03-02T09:13:36+00:00\",\"breadcrumb\":{\"@id\":\"https:\\\/\\\/tintas2000.pt\\\/home\\\/responsabilidade-social\\\/#breadcrumb\"},\"inLanguage\":\"pt-PT\",\"potentialAction\":[{\"@type\":\"ReadAction\",\"target\":[\"https:\\\/\\\/tintas2000.pt\\\/home\\\/responsabilidade-social\\\/\"]}]},{\"@type\":\"BreadcrumbList\",\"@id\":\"https:\\\/\\\/tintas2000.pt\\\/home\\\/responsabilidade-social\\\/#breadcrumb\",\"itemListElement\":[{\"@type\":\"ListItem\",\"position\":1,\"name\":\"In\u00edcio\",\"item\":\"https:\\\/\\\/tintas2000.pt\\\/home\\\/\"},{\"@type\":\"ListItem\",\"position\":2,\"name\":\"Responsabilidade Social\"}]},{\"@type\":\"WebSite\",\"@id\":\"https:\\\/\\\/tintas2000.pt\\\/home\\\/#website\",\"url\":\"https:\\\/\\\/tintas2000.pt\\\/home\\\/\",\"name\":\"Tintas 2000\",\"description\":\"Tintas 2000\",\"potentialAction\":[{\"@type\":\"SearchAction\",\"target\":{\"@type\":\"EntryPoint\",\"urlTemplate\":\"https:\\\/\\\/tintas2000.pt\\\/home\\\/?s={search_term_string}\"},\"query-input\":{\"@type\":\"PropertyValueSpecification\",\"valueRequired\":true,\"valueName\":\"search_term_string\"}}],\"inLanguage\":\"pt-PT\"}]}<\/script>\n<!-- \/ Yoast SEO plugin. -->","yoast_head_json":{"title":"Responsabilidade Social - Tintas 2000","robots":{"index":"index","follow":"follow","max-snippet":"max-snippet:-1","max-image-preview":"max-image-preview:large","max-video-preview":"max-video-preview:-1"},"canonical":"https:\/\/tintas2000.pt\/home\/responsabilidade-social\/","og_locale":"pt_PT","og_type":"article","og_title":"Responsabilidade Social - Tintas 2000","og_description":"Responsabilidade Social TINTAS 2000 &gt; EMPRESA &gt; RESPONSABILIDADE SOCIAL PROJETO COLORIR A F\u00e1brica de Tintas 2000, S.A., no \u00e2mbito da responsabilidade social, criou o Projeto ColoRIR, um projeto que j\u00e1 existia antes de 2015 mas que s\u00f3 no final desse ano arrancou com maior visibilidade. A principal miss\u00e3o do ColoRIR \u00e9 provocar sorrisos \u00e0 nossa [&hellip;]","og_url":"https:\/\/tintas2000.pt\/home\/responsabilidade-social\/","og_site_name":"Tintas 2000","article_modified_time":"2022-03-02T09:13:36+00:00","twitter_card":"summary_large_image","twitter_misc":{"Tempo estimado de leitura":"1 minuto"},"schema":{"@context":"https:\/\/schema.org","@graph":[{"@type":"WebPage","@id":"https:\/\/tintas2000.pt\/home\/responsabilidade-social\/","url":"https:\/\/tintas2000.pt\/home\/responsabilidade-social\/","name":"Responsabilidade Social - Tintas 2000","isPartOf":{"@id":"https:\/\/tintas2000.pt\/home\/#website"},"datePublished":"2021-04-08T03:40:40+00:00","dateModified":"2022-03-02T09:13:36+00:00","breadcrumb":{"@id":"https:\/\/tintas2000.pt\/home\/responsabilidade-social\/#breadcrumb"},"inLanguage":"pt-PT","potentialAction":[{"@type":"ReadAction","target":["https:\/\/tintas2000.pt\/home\/responsabilidade-social\/"]}]},{"@type":"BreadcrumbList","@id":"https:\/\/tintas2000.pt\/home\/responsabilidade-social\/#breadcrumb","itemListElement":[{"@type":"ListItem","position":1,"name":"In\u00edcio","item":"https:\/\/tintas2000.pt\/home\/"},{"@type":"ListItem","position":2,"name":"Responsabilidade Social"}]},{"@type":"WebSite","@id":"https:\/\/tintas2000.pt\/home\/#website","url":"https:\/\/tintas2000.pt\/home\/","name":"Tintas 2000","description":"Tintas 2000","potentialAction":[{"@type":"SearchAction","target":{"@type":"EntryPoint","urlTemplate":"https:\/\/tintas2000.pt\/home\/?s={search_term_string}"},"query-input":{"@type":"PropertyValueSpecification","valueRequired":true,"valueName":"search_term_string"}}],"inLanguage":"pt-PT"}]}},"_links":{"self":[{"href":"https:\/\/tintas2000.pt\/home\/wp-json\/wp\/v2\/pages\/15069","targetHints":{"allow":["GET"]}}],"collection":[{"href":"https:\/\/tintas2000.pt\/home\/wp-json\/wp\/v2\/pages"}],"about":[{"href":"https:\/\/tintas2000.pt\/home\/wp-json\/wp\/v2\/types\/page"}],"author":[{"embeddable":true,"href":"https:\/\/tintas2000.pt\/home\/wp-json\/wp\/v2\/users\/1"}],"replies":[{"embeddable":true,"href":"https:\/\/tintas2000.pt\/home\/wp-json\/wp\/v2\/comments?post=15069"}],"version-history":[{"count":0,"href":"https:\/\/tintas2000.pt\/home\/wp-json\/wp\/v2\/pages\/15069\/revisions"}],"wp:attachment":[{"href":"https:\/\/tintas2000.pt\/home\/wp-json\/wp\/v2\/media?parent=15069"}],"curies":[{"name":"wp","href":"https:\/\/api.w.org\/{rel}","templated":true}]}}