{"id":26823,"date":"2021-09-08T06:53:34","date_gmt":"2021-09-08T05:53:34","guid":{"rendered":"https:\/\/tintas2000.pt\/home\/?page_id=26823"},"modified":"2023-01-24T12:56:24","modified_gmt":"2023-01-24T12:56:24","slug":"dados-de-acesso","status":"publish","type":"page","link":"https:\/\/tintas2000.pt\/home\/dados-de-acesso\/","title":{"rendered":"Dados de Acesso"},"content":{"rendered":"\t\t<div data-elementor-type=\"wp-page\" data-elementor-id=\"26823\" class=\"elementor elementor-26823\" data-elementor-post-type=\"page\">\n\t\t\t\t\t\t<section class=\"elementor-section elementor-top-section elementor-element elementor-element-2aaa118 elementor-section-boxed elementor-section-height-default elementor-section-height-default\" data-id=\"2aaa118\" data-element_type=\"section\" data-e-type=\"section\">\n\t\t\t\t\t\t<div class=\"elementor-container elementor-column-gap-default\">\n\t\t\t\t\t<div class=\"elementor-column elementor-col-100 elementor-top-column elementor-element elementor-element-3f33496\" data-id=\"3f33496\" data-element_type=\"column\" data-e-type=\"column\">\n\t\t\t<div class=\"elementor-widget-wrap elementor-element-populated\">\n\t\t\t\t\t\t<div class=\"elementor-element elementor-element-d2f57a6 elementor-widget elementor-widget-heading\" data-id=\"d2f57a6\" data-element_type=\"widget\" data-e-type=\"widget\" data-widget_type=\"heading.default\">\n\t\t\t\t<div class=\"elementor-widget-container\">\n\t\t\t\t\t<h2 class=\"elementor-heading-title elementor-size-default\">dADOS DE ACESSO<\/h2>\t\t\t\t<\/div>\n\t\t\t\t<\/div>\n\t\t\t\t<div class=\"elementor-element elementor-element-433c0a9 elementor-widget elementor-widget-text-editor\" data-id=\"433c0a9\" data-element_type=\"widget\" data-e-type=\"widget\" data-widget_type=\"text-editor.default\">\n\t\t\t\t<div class=\"elementor-widget-container\">\n\t\t\t\t\t\t\t\t\tTINTAS 2000 &gt; MY 2000 &gt; dADOS DE ACESSO\t\t\t\t\t\t\t\t<\/div>\n\t\t\t\t<\/div>\n\t\t\t\t\t<\/div>\n\t\t<\/div>\n\t\t\t\t\t<\/div>\n\t\t<\/section>\n\t\t\t\t<section class=\"elementor-section elementor-top-section elementor-element elementor-element-7fa6b616 elementor-section-boxed elementor-section-height-default elementor-section-height-default\" data-id=\"7fa6b616\" data-element_type=\"section\" data-e-type=\"section\">\n\t\t\t\t\t\t<div class=\"elementor-container elementor-column-gap-no\">\n\t\t\t\t\t<div class=\"elementor-column elementor-col-100 elementor-top-column elementor-element elementor-element-7c0f9661\" data-id=\"7c0f9661\" data-element_type=\"column\" data-e-type=\"column\">\n\t\t\t<div class=\"elementor-widget-wrap elementor-element-populated\">\n\t\t\t\t\t\t<section class=\"elementor-section elementor-inner-section elementor-element elementor-element-76c8f825 elementor-section-boxed elementor-section-height-default elementor-section-height-default\" data-id=\"76c8f825\" data-element_type=\"section\" data-e-type=\"section\">\n\t\t\t\t\t\t<div class=\"elementor-container elementor-column-gap-default\">\n\t\t\t\t\t<div class=\"elementor-column elementor-col-50 elementor-inner-column elementor-element elementor-element-fca863e\" data-id=\"fca863e\" data-element_type=\"column\" data-e-type=\"column\">\n\t\t\t<div class=\"elementor-widget-wrap elementor-element-populated\">\n\t\t\t\t\t\t<div class=\"elementor-element elementor-element-7f35c665 elementor-widget elementor-widget-template\" data-id=\"7f35c665\" data-element_type=\"widget\" data-e-type=\"widget\" data-widget_type=\"template.default\">\n\t\t\t\t<div class=\"elementor-widget-container\">\n\t\t\t\t\t\t\t<div class=\"elementor-template\">\n\t\t\t\t\t<div data-elementor-type=\"section\" data-elementor-id=\"22518\" class=\"elementor elementor-22518\" data-elementor-post-type=\"elementor_library\">\n\t\t\t\t\t<section class=\"elementor-section elementor-inner-section elementor-element elementor-element-609d56a0 elementor-section-boxed elementor-section-height-default elementor-section-height-default\" data-id=\"609d56a0\" data-element_type=\"section\" data-e-type=\"section\">\n\t\t\t\t\t\t<div class=\"elementor-container elementor-column-gap-default\">\n\t\t\t\t\t<div class=\"elementor-column elementor-col-100 elementor-inner-column elementor-element elementor-element-50715c2\" data-id=\"50715c2\" data-element_type=\"column\" data-e-type=\"column\">\n\t\t\t<div class=\"elementor-widget-wrap elementor-element-populated\">\n\t\t\t\t\t\t<div class=\"elementor-element elementor-element-6d0970c2 elementor-nav-menu__align-start elementor-nav-menu--dropdown-none purchaseHistory elementor-widget elementor-widget-nav-menu\" data-id=\"6d0970c2\" data-element_type=\"widget\" data-e-type=\"widget\" data-settings=\"{&quot;layout&quot;:&quot;vertical&quot;,&quot;submenu_icon&quot;:{&quot;value&quot;:&quot;&lt;i class=\\&quot;\\&quot; aria-hidden=\\&quot;true\\&quot;&gt;&lt;\\\/i&gt;&quot;,&quot;library&quot;:&quot;&quot;}}\" data-widget_type=\"nav-menu.default\">\n\t\t\t\t<div class=\"elementor-widget-container\">\n\t\t\t\t\t\t\t\t<nav aria-label=\"Menu\" class=\"elementor-nav-menu--main elementor-nav-menu__container elementor-nav-menu--layout-vertical e--pointer-none\">\n\t\t\t\t<ul id=\"menu-1-6d0970c2\" class=\"elementor-nav-menu sm-vertical\"><li class=\"menu-item menu-item-type-custom menu-item-object-custom menu-item-26812\"><a href=\"https:\/\/tintas2000.pt\/home\/my-account-2\/orders\/\" class=\"elementor-item\">Hist\u00f3rico de compras<\/a><\/li>\n<li class=\"menu-item menu-item-type-custom menu-item-object-custom menu-item-26813\"><a href=\"https:\/\/tintas2000.pt\/home\/my-account-2\/orders\/?status=wc-processing\" class=\"elementor-item\">Mercadoria por entregar<\/a><\/li>\n<li class=\"menu-item menu-item-type-custom menu-item-object-custom menu-item-26871\"><a href=\"https:\/\/tintas2000.pt\/home\/my-account-2\/edit-account\/\" class=\"elementor-item\">Dados de acesso<\/a><\/li>\n<li class=\"menu-item menu-item-type-custom menu-item-object-custom menu-item-26868\"><a href=\"https:\/\/tintas2000.pt\/home\/my-account-2\/edit-address\" class=\"elementor-item\">Dados pessoais<\/a><\/li>\n<\/ul>\t\t\t<\/nav>\n\t\t\t\t\t\t<nav class=\"elementor-nav-menu--dropdown elementor-nav-menu__container\" aria-hidden=\"true\">\n\t\t\t\t<ul id=\"menu-2-6d0970c2\" class=\"elementor-nav-menu sm-vertical\"><li class=\"menu-item menu-item-type-custom menu-item-object-custom menu-item-26812\"><a href=\"https:\/\/tintas2000.pt\/home\/my-account-2\/orders\/\" class=\"elementor-item\" tabindex=\"-1\">Hist\u00f3rico de compras<\/a><\/li>\n<li class=\"menu-item menu-item-type-custom menu-item-object-custom menu-item-26813\"><a href=\"https:\/\/tintas2000.pt\/home\/my-account-2\/orders\/?status=wc-processing\" class=\"elementor-item\" tabindex=\"-1\">Mercadoria por entregar<\/a><\/li>\n<li class=\"menu-item menu-item-type-custom menu-item-object-custom menu-item-26871\"><a href=\"https:\/\/tintas2000.pt\/home\/my-account-2\/edit-account\/\" class=\"elementor-item\" tabindex=\"-1\">Dados de acesso<\/a><\/li>\n<li class=\"menu-item menu-item-type-custom menu-item-object-custom menu-item-26868\"><a href=\"https:\/\/tintas2000.pt\/home\/my-account-2\/edit-address\" class=\"elementor-item\" tabindex=\"-1\">Dados pessoais<\/a><\/li>\n<\/ul>\t\t\t<\/nav>\n\t\t\t\t\t\t<\/div>\n\t\t\t\t<\/div>\n\t\t\t\t\t<\/div>\n\t\t<\/div>\n\t\t\t\t\t<\/div>\n\t\t<\/section>\n\t\t\t\t<\/div>\n\t\t\t\t<\/div>\n\t\t\t\t\t\t<\/div>\n\t\t\t\t<\/div>\n\t\t\t\t<div class=\"elementor-element elementor-element-7c880291 elementor-widget elementor-widget-text-editor\" data-id=\"7c880291\" data-element_type=\"widget\" data-e-type=\"widget\" data-widget_type=\"text-editor.default\">\n\t\t\t\t<div class=\"elementor-widget-container\">\n\t\t\t\t\t\t\t\t\t<p><a style=\"color: #2e3192;\" href=\"https:\/\/tintas2000.pt\/home\/wp-login.php?action=logout\">TERMINAR SESS\u00c3O<\/a><\/p>\t\t\t\t\t\t\t\t<\/div>\n\t\t\t\t<\/div>\n\t\t\t\t\t<\/div>\n\t\t<\/div>\n\t\t\t\t<div class=\"elementor-column elementor-col-50 elementor-inner-column elementor-element elementor-element-96e1092\" data-id=\"96e1092\" data-element_type=\"column\" data-e-type=\"column\">\n\t\t\t<div class=\"elementor-widget-wrap elementor-element-populated\">\n\t\t\t\t\t\t\t<\/div>\n\t\t<\/div>\n\t\t\t\t\t<\/div>\n\t\t<\/section>\n\t\t\t\t\t<\/div>\n\t\t<\/div>\n\t\t\t\t\t<\/div>\n\t\t<\/section>\n\t\t\t\t<section class=\"elementor-section elementor-top-section elementor-element elementor-element-74b64acd elementor-section-boxed elementor-section-height-default elementor-section-height-default\" data-id=\"74b64acd\" data-element_type=\"section\" data-e-type=\"section\">\n\t\t\t\t\t\t<div class=\"elementor-container elementor-column-gap-default\">\n\t\t\t\t\t<div class=\"elementor-column elementor-col-50 elementor-top-column elementor-element elementor-element-78c855c7\" data-id=\"78c855c7\" data-element_type=\"column\" data-e-type=\"column\">\n\t\t\t<div class=\"elementor-widget-wrap\">\n\t\t\t\t\t\t\t<\/div>\n\t\t<\/div>\n\t\t\t\t<div class=\"elementor-column elementor-col-50 elementor-top-column elementor-element elementor-element-4690f2e1\" data-id=\"4690f2e1\" data-element_type=\"column\" data-e-type=\"column\">\n\t\t\t<div class=\"elementor-widget-wrap\">\n\t\t\t\t\t\t\t<\/div>\n\t\t<\/div>\n\t\t\t\t\t<\/div>\n\t\t<\/section>\n\t\t\t\t<section class=\"elementor-section elementor-top-section elementor-element elementor-element-6ec322e7 chat-data elementor-section-boxed elementor-section-height-default elementor-section-height-default\" data-id=\"6ec322e7\" data-element_type=\"section\" data-e-type=\"section\">\n\t\t\t\t\t\t<div class=\"elementor-container elementor-column-gap-default\">\n\t\t\t\t\t<div class=\"elementor-column elementor-col-100 elementor-top-column elementor-element elementor-element-7318356\" data-id=\"7318356\" data-element_type=\"column\" data-e-type=\"column\">\n\t\t\t<div class=\"elementor-widget-wrap elementor-element-populated\">\n\t\t\t\t\t\t<div class=\"elementor-element elementor-element-3e5c0674 elementor-widget elementor-widget-image\" data-id=\"3e5c0674\" data-element_type=\"widget\" data-e-type=\"widget\" data-widget_type=\"image.default\">\n\t\t\t\t<div class=\"elementor-widget-container\">\n\t\t\t\t\t\t\t\t\t\t\t\t\t\t\t<img decoding=\"async\" src=\"https:\/\/tintas2000.pt\/home\/wp-content\/uploads\/2021\/03\/chat.png\" title=\"\" alt=\"\" loading=\"lazy\" \/>\t\t\t\t\t\t\t\t\t\t\t\t\t\t\t<\/div>\n\t\t\t\t<\/div>\n\t\t\t\t\t<\/div>\n\t\t<\/div>\n\t\t\t\t\t<\/div>\n\t\t<\/section>\n\t\t\t\t<\/div>\n\t\t","protected":false},"excerpt":{"rendered":"<p>dADOS DE ACESSO TINTAS 2000 &gt; MY 2000 &gt; dADOS DE ACESSO TERMINAR SESS\u00c3O Nome&nbsp;* Apelido&nbsp;* Nome a mostrar&nbsp;* Isto ser\u00e1 como o seu nome ser\u00e1 mostrado na sua conta e avalia\u00e7\u00f5es Endere\u00e7o de email&nbsp;* Alterar senha Senha actual (deixe em branco para n\u00e3o modificar) Nova senha (deixe em branco para n\u00e3o modificar) Confirme a [&hellip;]<\/p>\n","protected":false},"author":1,"featured_media":0,"parent":0,"menu_order":0,"comment_status":"closed","ping_status":"closed","template":"","meta":{"_acf_changed":false,"footnotes":""},"class_list":["post-26823","page","type-page","status-publish","hentry"],"acf":[],"yoast_head":"<!-- This site is optimized with the Yoast SEO plugin v27.5 - https:\/\/yoast.com\/product\/yoast-seo-wordpress\/ -->\n<title>Dados de Acesso - Tintas 2000<\/title>\n<meta name=\"robots\" content=\"index, follow, max-snippet:-1, max-image-preview:large, max-video-preview:-1\" \/>\n<link rel=\"canonical\" href=\"https:\/\/tintas2000.pt\/home\/dados-de-acesso\/\" \/>\n<meta property=\"og:locale\" content=\"pt_PT\" \/>\n<meta property=\"og:type\" content=\"article\" \/>\n<meta property=\"og:title\" content=\"Dados de Acesso - Tintas 2000\" \/>\n<meta property=\"og:description\" content=\"dADOS DE ACESSO TINTAS 2000 &gt; MY 2000 &gt; dADOS DE ACESSO TERMINAR SESS\u00c3O Nome&nbsp;* Apelido&nbsp;* Nome a mostrar&nbsp;* Isto ser\u00e1 como o seu nome ser\u00e1 mostrado na sua conta e avalia\u00e7\u00f5es Endere\u00e7o de email&nbsp;* Alterar senha Senha actual (deixe em branco para n\u00e3o modificar) Nova senha (deixe em branco para n\u00e3o modificar) Confirme a [&hellip;]\" \/>\n<meta property=\"og:url\" content=\"https:\/\/tintas2000.pt\/home\/dados-de-acesso\/\" \/>\n<meta property=\"og:site_name\" content=\"Tintas 2000\" \/>\n<meta property=\"article:modified_time\" content=\"2023-01-24T12:56:24+00:00\" \/>\n<meta name=\"twitter:card\" content=\"summary_large_image\" \/>\n<meta name=\"twitter:label1\" content=\"Tempo estimado de leitura\" \/>\n\t<meta name=\"twitter:data1\" content=\"2 minutos\" \/>\n<script type=\"application\/ld+json\" class=\"yoast-schema-graph\">{\"@context\":\"https:\\\/\\\/schema.org\",\"@graph\":[{\"@type\":\"WebPage\",\"@id\":\"https:\\\/\\\/tintas2000.pt\\\/home\\\/dados-de-acesso\\\/\",\"url\":\"https:\\\/\\\/tintas2000.pt\\\/home\\\/dados-de-acesso\\\/\",\"name\":\"Dados de Acesso - Tintas 2000\",\"isPartOf\":{\"@id\":\"https:\\\/\\\/tintas2000.pt\\\/home\\\/#website\"},\"datePublished\":\"2021-09-08T05:53:34+00:00\",\"dateModified\":\"2023-01-24T12:56:24+00:00\",\"breadcrumb\":{\"@id\":\"https:\\\/\\\/tintas2000.pt\\\/home\\\/dados-de-acesso\\\/#breadcrumb\"},\"inLanguage\":\"pt-PT\",\"potentialAction\":[{\"@type\":\"ReadAction\",\"target\":[\"https:\\\/\\\/tintas2000.pt\\\/home\\\/dados-de-acesso\\\/\"]}]},{\"@type\":\"BreadcrumbList\",\"@id\":\"https:\\\/\\\/tintas2000.pt\\\/home\\\/dados-de-acesso\\\/#breadcrumb\",\"itemListElement\":[{\"@type\":\"ListItem\",\"position\":1,\"name\":\"In\u00edcio\",\"item\":\"https:\\\/\\\/tintas2000.pt\\\/home\\\/\"},{\"@type\":\"ListItem\",\"position\":2,\"name\":\"Dados de Acesso\"}]},{\"@type\":\"WebSite\",\"@id\":\"https:\\\/\\\/tintas2000.pt\\\/home\\\/#website\",\"url\":\"https:\\\/\\\/tintas2000.pt\\\/home\\\/\",\"name\":\"Tintas 2000\",\"description\":\"Tintas 2000\",\"potentialAction\":[{\"@type\":\"SearchAction\",\"target\":{\"@type\":\"EntryPoint\",\"urlTemplate\":\"https:\\\/\\\/tintas2000.pt\\\/home\\\/?s={search_term_string}\"},\"query-input\":{\"@type\":\"PropertyValueSpecification\",\"valueRequired\":true,\"valueName\":\"search_term_string\"}}],\"inLanguage\":\"pt-PT\"}]}<\/script>\n<!-- \/ Yoast SEO plugin. -->","yoast_head_json":{"title":"Dados de Acesso - Tintas 2000","robots":{"index":"index","follow":"follow","max-snippet":"max-snippet:-1","max-image-preview":"max-image-preview:large","max-video-preview":"max-video-preview:-1"},"canonical":"https:\/\/tintas2000.pt\/home\/dados-de-acesso\/","og_locale":"pt_PT","og_type":"article","og_title":"Dados de Acesso - Tintas 2000","og_description":"dADOS DE ACESSO TINTAS 2000 &gt; MY 2000 &gt; dADOS DE ACESSO TERMINAR SESS\u00c3O Nome&nbsp;* Apelido&nbsp;* Nome a mostrar&nbsp;* Isto ser\u00e1 como o seu nome ser\u00e1 mostrado na sua conta e avalia\u00e7\u00f5es Endere\u00e7o de email&nbsp;* Alterar senha Senha actual (deixe em branco para n\u00e3o modificar) Nova senha (deixe em branco para n\u00e3o modificar) Confirme a [&hellip;]","og_url":"https:\/\/tintas2000.pt\/home\/dados-de-acesso\/","og_site_name":"Tintas 2000","article_modified_time":"2023-01-24T12:56:24+00:00","twitter_card":"summary_large_image","twitter_misc":{"Tempo estimado de leitura":"2 minutos"},"schema":{"@context":"https:\/\/schema.org","@graph":[{"@type":"WebPage","@id":"https:\/\/tintas2000.pt\/home\/dados-de-acesso\/","url":"https:\/\/tintas2000.pt\/home\/dados-de-acesso\/","name":"Dados de Acesso - Tintas 2000","isPartOf":{"@id":"https:\/\/tintas2000.pt\/home\/#website"},"datePublished":"2021-09-08T05:53:34+00:00","dateModified":"2023-01-24T12:56:24+00:00","breadcrumb":{"@id":"https:\/\/tintas2000.pt\/home\/dados-de-acesso\/#breadcrumb"},"inLanguage":"pt-PT","potentialAction":[{"@type":"ReadAction","target":["https:\/\/tintas2000.pt\/home\/dados-de-acesso\/"]}]},{"@type":"BreadcrumbList","@id":"https:\/\/tintas2000.pt\/home\/dados-de-acesso\/#breadcrumb","itemListElement":[{"@type":"ListItem","position":1,"name":"In\u00edcio","item":"https:\/\/tintas2000.pt\/home\/"},{"@type":"ListItem","position":2,"name":"Dados de Acesso"}]},{"@type":"WebSite","@id":"https:\/\/tintas2000.pt\/home\/#website","url":"https:\/\/tintas2000.pt\/home\/","name":"Tintas 2000","description":"Tintas 2000","potentialAction":[{"@type":"SearchAction","target":{"@type":"EntryPoint","urlTemplate":"https:\/\/tintas2000.pt\/home\/?s={search_term_string}"},"query-input":{"@type":"PropertyValueSpecification","valueRequired":true,"valueName":"search_term_string"}}],"inLanguage":"pt-PT"}]}},"_links":{"self":[{"href":"https:\/\/tintas2000.pt\/home\/wp-json\/wp\/v2\/pages\/26823","targetHints":{"allow":["GET"]}}],"collection":[{"href":"https:\/\/tintas2000.pt\/home\/wp-json\/wp\/v2\/pages"}],"about":[{"href":"https:\/\/tintas2000.pt\/home\/wp-json\/wp\/v2\/types\/page"}],"author":[{"embeddable":true,"href":"https:\/\/tintas2000.pt\/home\/wp-json\/wp\/v2\/users\/1"}],"replies":[{"embeddable":true,"href":"https:\/\/tintas2000.pt\/home\/wp-json\/wp\/v2\/comments?post=26823"}],"version-history":[{"count":0,"href":"https:\/\/tintas2000.pt\/home\/wp-json\/wp\/v2\/pages\/26823\/revisions"}],"wp:attachment":[{"href":"https:\/\/tintas2000.pt\/home\/wp-json\/wp\/v2\/media?parent=26823"}],"curies":[{"name":"wp","href":"https:\/\/api.w.org\/{rel}","templated":true}]}}