{"id":32057,"date":"2021-11-24T03:54:00","date_gmt":"2021-11-24T03:54:00","guid":{"rendered":"https:\/\/tintas2000.pt\/home\/?page_id=32057"},"modified":"2022-03-02T09:38:31","modified_gmt":"2022-03-02T09:38:31","slug":"registo","status":"publish","type":"page","link":"https:\/\/tintas2000.pt\/home\/registo\/","title":{"rendered":"Registo"},"content":{"rendered":"\t\t<div data-elementor-type=\"wp-page\" data-elementor-id=\"32057\" class=\"elementor elementor-32057\" data-elementor-post-type=\"page\">\n\t\t\t\t\t\t<section class=\"elementor-section elementor-top-section elementor-element elementor-element-1c0ce76 elementor-section-boxed elementor-section-height-default elementor-section-height-default\" data-id=\"1c0ce76\" data-element_type=\"section\" data-e-type=\"section\">\n\t\t\t\t\t\t<div class=\"elementor-container elementor-column-gap-default\">\n\t\t\t\t\t<div class=\"elementor-column elementor-col-100 elementor-top-column elementor-element elementor-element-a3dfa0d\" data-id=\"a3dfa0d\" data-element_type=\"column\" data-e-type=\"column\">\n\t\t\t<div class=\"elementor-widget-wrap elementor-element-populated\">\n\t\t\t\t\t\t<div class=\"elementor-element elementor-element-7da8e1a elementor-widget elementor-widget-heading\" data-id=\"7da8e1a\" data-element_type=\"widget\" data-e-type=\"widget\" data-widget_type=\"heading.default\">\n\t\t\t\t<div class=\"elementor-widget-container\">\n\t\t\t\t\t<h2 class=\"elementor-heading-title elementor-size-default\">REGISTO<\/h2>\t\t\t\t<\/div>\n\t\t\t\t<\/div>\n\t\t\t\t<div class=\"elementor-element elementor-element-65c7b9e elementor-widget elementor-widget-text-editor\" data-id=\"65c7b9e\" data-element_type=\"widget\" data-e-type=\"widget\" data-widget_type=\"text-editor.default\">\n\t\t\t\t<div class=\"elementor-widget-container\">\n\t\t\t\t\t\t\t\t\t<p>TINTAS 2000 &gt; MY 2000&gt; REGISTO<\/p>\t\t\t\t\t\t\t\t<\/div>\n\t\t\t\t<\/div>\n\t\t\t\t\t<\/div>\n\t\t<\/div>\n\t\t\t\t\t<\/div>\n\t\t<\/section>\n\t\t\t\t<section class=\"elementor-section elementor-top-section elementor-element elementor-element-5cb05d2 elementor-section-boxed elementor-section-height-default elementor-section-height-default\" data-id=\"5cb05d2\" data-element_type=\"section\" data-e-type=\"section\">\n\t\t\t\t\t\t<div class=\"elementor-container elementor-column-gap-default\">\n\t\t\t\t\t<div class=\"elementor-column elementor-col-100 elementor-top-column elementor-element elementor-element-01ed7b0\" data-id=\"01ed7b0\" data-element_type=\"column\" data-e-type=\"column\">\n\t\t\t<div class=\"elementor-widget-wrap elementor-element-populated\">\n\t\t\t\t\t\t<div class=\"elementor-element elementor-element-092e460 elementor-widget elementor-widget-text-editor\" data-id=\"092e460\" data-element_type=\"widget\" data-e-type=\"widget\" data-widget_type=\"text-editor.default\">\n\t\t\t\t<div class=\"elementor-widget-container\">\n\t\t\t\t\t\t\t\t\t<p>Registe-se em My 2000 e usufrua de um conjunto de facilidades. Preencha o formul\u00e1rio para ter acesso \u00e0 \u00e1rea de cliente. Se j\u00e1 tem acesso, efetue o Login.<\/p>\t\t\t\t\t\t\t\t<\/div>\n\t\t\t\t<\/div>\n\t\t\t\t<div class=\"elementor-element elementor-element-87e7a24 elementor-widget-divider--view-line elementor-widget elementor-widget-divider\" data-id=\"87e7a24\" data-element_type=\"widget\" data-e-type=\"widget\" data-widget_type=\"divider.default\">\n\t\t\t\t<div class=\"elementor-widget-container\">\n\t\t\t\t\t\t\t<div class=\"elementor-divider\">\n\t\t\t<span class=\"elementor-divider-separator\">\n\t\t\t\t\t\t<\/span>\n\t\t<\/div>\n\t\t\t\t\t\t<\/div>\n\t\t\t\t<\/div>\n\t\t\t\t<div class=\"elementor-element elementor-element-fa33eb6 elementor-widget elementor-widget-heading\" data-id=\"fa33eb6\" data-element_type=\"widget\" data-e-type=\"widget\" data-widget_type=\"heading.default\">\n\t\t\t\t<div class=\"elementor-widget-container\">\n\t\t\t\t\t<h2 class=\"elementor-heading-title elementor-size-default\">DADOS PESSOAIS\n<\/h2>\t\t\t\t<\/div>\n\t\t\t\t<\/div>\n\t\t\t\t<div class=\"elementor-element elementor-element-6042a68 elementor-widget elementor-widget-shortcode\" data-id=\"6042a68\" data-element_type=\"widget\" data-e-type=\"widget\" data-widget_type=\"shortcode.default\">\n\t\t\t\t<div class=\"elementor-widget-container\">\n\t\t\t\t\t\t\t<div class=\"elementor-shortcode\">\t<div class='user-registration ur-frontend-form  ur-frontend-form--rounded ur-frontend-form--rounded-edge nm-reg-form' id='user-registration-form-32050'>\n\t\t\t\t\t\t\t\t<form method='post' class='register' data-form-id=\"32050\"\n\t\t\t\tdata-enable-strength-password=\"\" data-minimum-password-strength=\"3\"\n\t\t\t\t\t\t\t\t\t\t\t\t\t\t\t data-captcha-enabled=\"\">\n\n\t\t\t\t<div class=\"ur-form-row\" data-row-id=\"0\">\t\t\t\t\t\t\t<div class=\"ur-form-grid ur-grid-1\"\n\t\t\t\t\t\t\t\tstyle=\"width:99%\">\n\t\t\t\t\t\t\t\t\t\t\t\t\t\t\t\t<div  data-field-id=\"company_name\" class=\"ur-field-item field-text \" data-ref-id=\"company_name\" data-field-pattern-enabled=\"0\" data-field-pattern-value=\" \" data-field-pattern-message=\" \">\n\t\t\t\t\t\t\t\t\t\t<div class=\"form-row \" id=\"company_name_field\" data-priority=\"\" ><label for=\"company_name\" class=\"ur-label\">Nome da Empresa<\/label> <span class=\"input-wrapper\"> <input  data-rules=\"\" data-id=\"company_name\" type=\"text\" class=\"input-text   input-text ur-frontend-field  \" name=\"company_name\" id=\"company_name\" placeholder=\"\"  value=\"\" data-label=\"Nome da Empresa\" maxlength=\"20\" \/> <\/span> <\/div>\t\t\t\t\t\t\t\t\t<\/div>\n\t\t\t\t\t\t\t\t\t\t\t\t\t\t\t\t\t\t<div  data-field-id=\"first_name\" class=\"ur-field-item field-first_name \" data-ref-id=\"first_name\" data-field-pattern-enabled=\"0\" data-field-pattern-value=\" \" data-field-pattern-message=\" \">\n\t\t\t\t\t\t\t\t\t\t<div class=\"form-row \" id=\"first_name_field\" data-priority=\"\" ><label for=\"first_name\" class=\"ur-label\">Nome Completo<\/label> <span class=\"input-wrapper\"> <input  data-rules=\"\" data-id=\"first_name\" type=\"text\" class=\"input-text   input-text ur-frontend-field  \" name=\"first_name\" id=\"first_name\" placeholder=\"\"  value=\"\" data-label=\"Nome Completo\" \/> <\/span> <\/div>\t\t\t\t\t\t\t\t\t<\/div>\n\t\t\t\t\t\t\t\t\t\t\t\t\t\t\t\t<\/div>\n\t\t\t\t\t\t\t\t\t\t\t\t\t<\/div>\n\t\t\t\t\t\t<div class=\"ur-form-row\" data-row-id=\"1\">\t\t\t\t\t\t\t<div class=\"ur-form-grid ur-grid-1\"\n\t\t\t\t\t\t\t\tstyle=\"width:30%\">\n\t\t\t\t\t\t\t\t\t\t\t\t\t\t\t\t<div  data-field-id=\"nif\" class=\"ur-field-item field-number \" data-ref-id=\"nif\" data-field-pattern-enabled=\"0\" data-field-pattern-value=\" \" data-field-pattern-message=\" \">\n\t\t\t\t\t\t\t\t\t\t<div class=\"form-row \" id=\"nif_field\" data-priority=\"\" ><label for=\"nif\" class=\"ur-label\">NIF<\/label> <span class=\"input-wrapper\"> <input  data-rules=\"\" data-id=\"nif\" type=\"number\" class=\"input-text   input-number ur-frontend-field  \" name=\"nif\" id=\"nif\" placeholder=\"\"  value=\"\" data-label=\"NIF\" step=\"1\" \/> <\/span> <\/div>\t\t\t\t\t\t\t\t\t<\/div>\n\t\t\t\t\t\t\t\t\t\t\t\t\t\t\t\t<\/div>\n\t\t\t\t\t\t\t\t\t\t\t\t\t\t<div class=\"ur-form-grid ur-grid-2\"\n\t\t\t\t\t\t\t\tstyle=\"width:30%\">\n\t\t\t\t\t\t\t\t\t\t\t\t\t\t\t\t<div  data-field-id=\"Telefone\" class=\"ur-field-item field-number \" data-ref-id=\"Telefone\" data-field-pattern-enabled=\"0\" data-field-pattern-value=\" \" data-field-pattern-message=\" \">\n\t\t\t\t\t\t\t\t\t\t<div class=\"form-row \" id=\"Telefone_field\" data-priority=\"\" ><label for=\"Telefone\" class=\"ur-label\">Telefone<\/label> <span class=\"input-wrapper\"> <input  data-rules=\"\" data-id=\"Telefone\" type=\"number\" class=\"input-text   input-number ur-frontend-field  \" name=\"Telefone\" id=\"Telefone\" placeholder=\"\"  value=\"\" data-label=\"Telefone\" step=\"1\" \/> <\/span> <\/div>\t\t\t\t\t\t\t\t\t<\/div>\n\t\t\t\t\t\t\t\t\t\t\t\t\t\t\t\t<\/div>\n\t\t\t\t\t\t\t\t\t\t\t\t\t\t<div class=\"ur-form-grid ur-grid-3\"\n\t\t\t\t\t\t\t\tstyle=\"width:30%\">\n\t\t\t\t\t\t\t\t\t\t\t\t\t\t<\/div>\n\t\t\t\t\t\t\t\t\t\t\t\t\t<\/div>\n\t\t\t\t\t\t<div class=\"ur-form-row\" data-row-id=\"2\">\t\t\t\t\t\t\t<div class=\"ur-form-grid ur-grid-1\"\n\t\t\t\t\t\t\t\tstyle=\"width:30%\">\n\t\t\t\t\t\t\t\t\t\t\t\t\t\t\t\t<div  data-field-id=\"region_country\" class=\"ur-field-item field-select \" data-ref-id=\"region_country\" data-field-pattern-enabled=\"0\" data-field-pattern-value=\" \" data-field-pattern-message=\" \">\n\t\t\t\t\t\t\t\t\t\t<div class=\"form-row \" id=\"region_country_field\" data-priority=\"\" ><label for=\"region_country\" class=\"ur-label\">Regi\u00e3o<\/label><select data-rules=\"\" data-id=\"region_country\" name=\"region_country\" id=\"region_country\" class=\"ur-field-address-country select ur-frontend-field  \" data-label=\"Regi\u00e3o\" data-allow_clear=\"true\" data-placeholder=\"\" data-state-enabled=\"\">\n\t\t\t\t\t<option value=\"Portugal Continental\" >Portugal Continental<\/option>\n\t\t\t\t\t<\/select><\/div>\t\t\t\t\t\t\t\t\t<\/div>\n\t\t\t\t\t\t\t\t\t\t\t\t\t\t\t\t\t\t<div  data-field-id=\"postal_code\" class=\"ur-field-item field-text \" data-ref-id=\"postal_code\" data-field-pattern-enabled=\"0\" data-field-pattern-value=\" \" data-field-pattern-message=\" \">\n\t\t\t\t\t\t\t\t\t\t<div class=\"form-row \" id=\"postal_code_field\" data-priority=\"\" ><label for=\"postal_code\" class=\"ur-label\">C\u00f3digo Postal<\/label> <span class=\"input-wrapper\"> <input  data-rules=\"\" data-id=\"postal_code\" type=\"text\" class=\"input-text   input-text ur-frontend-field  \" name=\"postal_code\" id=\"postal_code\" placeholder=\"\"  value=\"\" data-label=\"C\u00f3digo Postal\" maxlength=\"100\" \/> <\/span> <\/div>\t\t\t\t\t\t\t\t\t<\/div>\n\t\t\t\t\t\t\t\t\t\t\t\t\t\t\t\t\t\t<div  data-field-id=\"user_email\" class=\"ur-field-item field-user_email \" data-ref-id=\"user_email\" data-field-pattern-enabled=\"0\" data-field-pattern-value=\" \" data-field-pattern-message=\" \">\n\t\t\t\t\t\t\t\t\t\t<div class=\"form-row validate-required\" id=\"user_email_field\" data-priority=\"\" ><label for=\"user_email\" class=\"ur-label\">Email <abbr class=\"required\" title=\"required\">*<\/abbr><\/label> <span class=\"input-wrapper\"> <input  data-rules=\"\" data-id=\"user_email\" type=\"email\" class=\"input-text   input-email ur-frontend-field  \" name=\"user_email\" id=\"user_email\" placeholder=\"\"  value=\"\" required=\"required\" data-label=\"Email\" \/> <\/span> <\/div>\t\t\t\t\t\t\t\t\t<\/div>\n\t\t\t\t\t\t\t\t\t\t\t\t\t\t\t\t<\/div>\n\t\t\t\t\t\t\t\t\t\t\t\t\t\t<div class=\"ur-form-grid ur-grid-2\"\n\t\t\t\t\t\t\t\tstyle=\"width:30%\">\n\t\t\t\t\t\t\t\t\t\t\t\t\t\t\t\t<div  data-field-id=\"address\" class=\"ur-field-item field-text \" data-ref-id=\"address\" data-field-pattern-enabled=\"0\" data-field-pattern-value=\" \" data-field-pattern-message=\" \">\n\t\t\t\t\t\t\t\t\t\t<div class=\"form-row \" id=\"address_field\" data-priority=\"\" ><label for=\"address\" class=\"ur-label\">Endere\u00e7o<\/label> <span class=\"input-wrapper\"> <input  data-rules=\"\" data-id=\"address\" type=\"text\" class=\"input-text   input-text ur-frontend-field  \" name=\"address\" id=\"address\" placeholder=\"\"  value=\"\" data-label=\"Endere\u00e7o\" maxlength=\"100\" \/> <\/span> <\/div>\t\t\t\t\t\t\t\t\t<\/div>\n\t\t\t\t\t\t\t\t\t\t\t\t\t\t\t\t\t\t<div  data-field-id=\"location\" class=\"ur-field-item field-text \" data-ref-id=\"location\" data-field-pattern-enabled=\"0\" data-field-pattern-value=\" \" data-field-pattern-message=\" \">\n\t\t\t\t\t\t\t\t\t\t<div class=\"form-row \" id=\"location_field\" data-priority=\"\" ><label for=\"location\" class=\"ur-label\">Localidade<\/label> <span class=\"input-wrapper\"> <input  data-rules=\"\" data-id=\"location\" type=\"text\" class=\"input-text   input-text ur-frontend-field  \" name=\"location\" id=\"location\" placeholder=\"\"  value=\"\" data-label=\"Localidade\" maxlength=\"100\" \/> <\/span> <\/div>\t\t\t\t\t\t\t\t\t<\/div>\n\t\t\t\t\t\t\t\t\t\t\t\t\t\t\t\t\t\t<div  data-field-id=\"user_pass\" class=\"ur-field-item field-user_pass \" data-ref-id=\"user_pass\" data-field-pattern-enabled=\"0\" data-field-pattern-value=\" \" data-field-pattern-message=\" \">\n\t\t\t\t\t\t\t\t\t\t<div class=\"form-row validate-required hide_show_password\" id=\"user_pass_field\" data-priority=\"\"><label for=\"user_pass\" class=\"ur-label\">Password <abbr class=\"required\" title=\"required\">*<\/abbr><\/label> <span class=\"input-wrapper\"> <span class=\"password-input-group input-form-field-icons\"><input data-rules=\"\" data-id=\"user_pass\" type=\"password\" class=\"input-text  input-password ur-frontend-field  \" name=\"user_pass\" id=\"user_pass\" placeholder=\"\"  value=\"\" required=\"required\" data-label=\"Password\" \/><\/span> <\/span> <\/div>\t\t\t\t\t\t\t\t\t<\/div>\n\t\t\t\t\t\t\t\t\t\t\t\t\t\t\t\t<\/div>\n\t\t\t\t\t\t\t\t\t\t\t\t\t\t<div class=\"ur-form-grid ur-grid-3\"\n\t\t\t\t\t\t\t\tstyle=\"width:30%\">\n\t\t\t\t\t\t\t\t\t\t\t\t\t\t\t\t<div  data-field-id=\"house\" class=\"ur-field-item field-text \" data-ref-id=\"house\" data-field-pattern-enabled=\"0\" data-field-pattern-value=\" \" data-field-pattern-message=\" \">\n\t\t\t\t\t\t\t\t\t\t<div class=\"form-row \" id=\"house_field\" data-priority=\"\" ><label for=\"house\" class=\"ur-label\">Andar\/porta ou outro<\/label> <span class=\"input-wrapper\"> <input  data-rules=\"\" data-id=\"house\" type=\"text\" class=\"input-text   input-text ur-frontend-field  \" name=\"house\" id=\"house\" placeholder=\"\"  value=\"\" data-label=\"Andar\/porta ou outro\" maxlength=\"100\" \/> <\/span> <\/div>\t\t\t\t\t\t\t\t\t<\/div>\n\t\t\t\t\t\t\t\t\t\t\t\t\t\t\t\t\t\t<div  data-field-id=\"district\" class=\"ur-field-item field-text \" data-ref-id=\"district\" data-field-pattern-enabled=\"0\" data-field-pattern-value=\" \" data-field-pattern-message=\" \">\n\t\t\t\t\t\t\t\t\t\t<div class=\"form-row \" id=\"district_field\" data-priority=\"\" ><label for=\"district\" class=\"ur-label\">Distrito<\/label> <span class=\"input-wrapper\"> <input  data-rules=\"\" data-id=\"district\" type=\"text\" class=\"input-text   input-text ur-frontend-field  \" name=\"district\" id=\"district\" placeholder=\"\"  value=\"\" data-label=\"Distrito\" maxlength=\"100\" \/> <\/span> <\/div>\t\t\t\t\t\t\t\t\t<\/div>\n\t\t\t\t\t\t\t\t\t\t\t\t\t\t\t\t\t\t<div  data-field-id=\"user_confirm_password\" class=\"ur-field-item field-user_confirm_password \" data-ref-id=\"user_confirm_password\" data-field-pattern-enabled=\"0\" data-field-pattern-value=\" \" data-field-pattern-message=\" \">\n\t\t\t\t\t\t\t\t\t\t<div class=\"form-row validate-required hide_show_password\" id=\"user_confirm_password_field\" data-priority=\"\"><label for=\"user_confirm_password\" class=\"ur-label\">Repetir password <abbr class=\"required\" title=\"required\">*<\/abbr><\/label> <span class=\"input-wrapper\"> <span class=\"password-input-group input-form-field-icons\"><input data-rules=\"\" data-id=\"user_confirm_password\" type=\"password\" class=\"input-text  input-password ur-frontend-field  \" name=\"user_confirm_password\" id=\"user_confirm_password\" placeholder=\"\"  value=\"\" required=\"required\" data-label=\"Repetir password\" \/><\/span> <\/span> <\/div>\t\t\t\t\t\t\t\t\t<\/div>\n\t\t\t\t\t\t\t\t\t\t\t\t\t\t\t\t<\/div>\n\t\t\t\t\t\t\t\t\t\t\t\t\t<\/div>\n\t\t\t\t\t\t<div class=\"ur-form-row\" data-row-id=\"3\">\t\t\t\t\t\t\t<div class=\"ur-form-grid ur-grid-1\"\n\t\t\t\t\t\t\t\tstyle=\"width:99%\">\n\t\t\t\t\t\t\t\t\t\t\t\t\t\t\t\t<div  data-field-id=\"privacy_policy\" class=\"ur-field-item field-privacy_policy \" data-ref-id=\"privacy_policy\" data-field-pattern-enabled=\"0\" data-field-pattern-value=\" \" data-field-pattern-message=\" \">\n\t\t\t\t\t\t\t\t\t\t<div class=\"form-row validate-required\" id=\"privacy_policy_field\" data-priority=\"\" ><label class=\"ur-label checkbox\" required=\"required\" data-label=\"Li e entendi a Pol\u00edtica de Privacidade e a Pol\u00edtica de Cookies. Aceito receber comunica\u00e7\u00f5es comerciais personalizadas pela Tintas 2000, atrav\u00e9s de email. Autorizo a utiliza\u00e7\u00e3o dos meus dados pessoais inerentes a todos os servi\u00e7os da loja online.\">\n\t\t\t\t\t\t\t<input data-rules=\"\" data-id=\"privacy_policy\" required=\"required\" data-label=\"Li e entendi a Pol\u00edtica de Privacidade e a Pol\u00edtica de Cookies. Aceito receber comunica\u00e7\u00f5es comerciais personalizadas pela Tintas 2000, atrav\u00e9s de email. Autorizo a utiliza\u00e7\u00e3o dos meus dados pessoais inerentes a todos os servi\u00e7os da loja online.\" data-value=\"\" type=\"checkbox\" class=\"input-checkbox ur-frontend-field \" name=\"privacy_policy\" id=\"privacy_policy\" value=\"1\"  \/> Li e entendi a Pol\u00edtica de Privacidade e a Pol\u00edtica de Cookies. Aceito receber comunica\u00e7\u00f5es comerciais personalizadas pela Tintas 2000, atrav\u00e9s de email. Autorizo a utiliza\u00e7\u00e3o dos meus dados pessoais inerentes a todos os servi\u00e7os da loja online. <abbr class=\"required\" title=\"required\">*<\/abbr><\/label><\/div>\t\t\t\t\t\t\t\t\t<\/div>\n\t\t\t\t\t\t\t\t\t\t\t\t\t\t\t\t<\/div>\n\t\t\t\t\t\t\t\t\t\t\t\t\t<\/div>\n\t\t\t\t\t\t\t\t\t\t\t\t\t\t\t\t\t\t<div class=\"ur-button-container \" >\n\t\t\t\t\t\t\t\t\t\t\t\t\t\t<button type=\"submit\" class=\"btn button ur-submit-button \"  conditional_rules=\"&quot;&quot;\">\n\t\t\t\t\t\t\t\t<span><\/span>\n\t\t\t\t\t\t\t\tREGISTAR\t\t\t\t\t\t\t<\/button>\n\t\t\t\t\t\t\t\t\t\t\t\t\t\t\t\t\t\t\t\t<\/div>\n\t\t\t\t\t\t\n\t\t\t\t<div style=\"clear:both\"><\/div>\n\t\t\t\t\t\t\t\t<input type=\"hidden\" name=\"ur-registration-language\" value=\"pt-PT\"\/>\n\t\t\t\t<input type=\"hidden\" name=\"ur-user-form-id\" value=\"32050\"\/>\n\t\t\t\t<input type=\"hidden\" name=\"ur-redirect-url\" value=\"https:\/\/tintas2000.pt\/home\/wp-login.php\"\/>\n\t\t\t\t<input type=\"hidden\" id=\"ur_frontend_form_nonce\" name=\"ur_frontend_form_nonce\" value=\"ec5482d9f6\" \/>\n\t\t\t\t\n\t\t\t<\/form>\n\t\t\t\n\t\t<div style=\"clear:both\"><\/div>\n\t<\/div>\n\n<\/div>\n\t\t\t\t\t\t<\/div>\n\t\t\t\t<\/div>\n\t\t\t\t\t<\/div>\n\t\t<\/div>\n\t\t\t\t\t<\/div>\n\t\t<\/section>\n\t\t\t\t<\/div>\n\t\t","protected":false},"excerpt":{"rendered":"<p>REGISTO TINTAS 2000 &gt; MY 2000&gt; REGISTO Registe-se em My 2000 e usufrua de um conjunto de facilidades. Preencha o formul\u00e1rio para ter acesso \u00e0 \u00e1rea de cliente. Se j\u00e1 tem acesso, efetue o Login. DADOS PESSOAIS<\/p>\n","protected":false},"author":1,"featured_media":0,"parent":0,"menu_order":0,"comment_status":"closed","ping_status":"closed","template":"","meta":{"_acf_changed":false,"footnotes":""},"class_list":["post-32057","page","type-page","status-publish","hentry"],"acf":[],"yoast_head":"<!-- This site is optimized with the Yoast SEO plugin v27.5 - https:\/\/yoast.com\/product\/yoast-seo-wordpress\/ -->\n<title>Registo - Tintas 2000<\/title>\n<meta name=\"robots\" content=\"index, follow, max-snippet:-1, max-image-preview:large, max-video-preview:-1\" \/>\n<link rel=\"canonical\" href=\"https:\/\/tintas2000.pt\/home\/registo\/\" \/>\n<meta property=\"og:locale\" content=\"pt_PT\" \/>\n<meta property=\"og:type\" content=\"article\" \/>\n<meta property=\"og:title\" content=\"Registo - Tintas 2000\" \/>\n<meta property=\"og:description\" content=\"REGISTO TINTAS 2000 &gt; MY 2000&gt; REGISTO Registe-se em My 2000 e usufrua de um conjunto de facilidades. Preencha o formul\u00e1rio para ter acesso \u00e0 \u00e1rea de cliente. Se j\u00e1 tem acesso, efetue o Login. DADOS PESSOAIS\" \/>\n<meta property=\"og:url\" content=\"https:\/\/tintas2000.pt\/home\/registo\/\" \/>\n<meta property=\"og:site_name\" content=\"Tintas 2000\" \/>\n<meta property=\"article:modified_time\" content=\"2022-03-02T09:38:31+00:00\" \/>\n<meta name=\"twitter:card\" content=\"summary_large_image\" \/>\n<meta name=\"twitter:label1\" content=\"Tempo estimado de leitura\" \/>\n\t<meta name=\"twitter:data1\" content=\"1 minuto\" \/>\n<script type=\"application\/ld+json\" class=\"yoast-schema-graph\">{\"@context\":\"https:\\\/\\\/schema.org\",\"@graph\":[{\"@type\":\"WebPage\",\"@id\":\"https:\\\/\\\/tintas2000.pt\\\/home\\\/registo\\\/\",\"url\":\"https:\\\/\\\/tintas2000.pt\\\/home\\\/registo\\\/\",\"name\":\"Registo - Tintas 2000\",\"isPartOf\":{\"@id\":\"https:\\\/\\\/tintas2000.pt\\\/home\\\/#website\"},\"datePublished\":\"2021-11-24T03:54:00+00:00\",\"dateModified\":\"2022-03-02T09:38:31+00:00\",\"breadcrumb\":{\"@id\":\"https:\\\/\\\/tintas2000.pt\\\/home\\\/registo\\\/#breadcrumb\"},\"inLanguage\":\"pt-PT\",\"potentialAction\":[{\"@type\":\"ReadAction\",\"target\":[\"https:\\\/\\\/tintas2000.pt\\\/home\\\/registo\\\/\"]}]},{\"@type\":\"BreadcrumbList\",\"@id\":\"https:\\\/\\\/tintas2000.pt\\\/home\\\/registo\\\/#breadcrumb\",\"itemListElement\":[{\"@type\":\"ListItem\",\"position\":1,\"name\":\"In\u00edcio\",\"item\":\"https:\\\/\\\/tintas2000.pt\\\/home\\\/\"},{\"@type\":\"ListItem\",\"position\":2,\"name\":\"Registo\"}]},{\"@type\":\"WebSite\",\"@id\":\"https:\\\/\\\/tintas2000.pt\\\/home\\\/#website\",\"url\":\"https:\\\/\\\/tintas2000.pt\\\/home\\\/\",\"name\":\"Tintas 2000\",\"description\":\"Tintas 2000\",\"potentialAction\":[{\"@type\":\"SearchAction\",\"target\":{\"@type\":\"EntryPoint\",\"urlTemplate\":\"https:\\\/\\\/tintas2000.pt\\\/home\\\/?s={search_term_string}\"},\"query-input\":{\"@type\":\"PropertyValueSpecification\",\"valueRequired\":true,\"valueName\":\"search_term_string\"}}],\"inLanguage\":\"pt-PT\"}]}<\/script>\n<!-- \/ Yoast SEO plugin. -->","yoast_head_json":{"title":"Registo - Tintas 2000","robots":{"index":"index","follow":"follow","max-snippet":"max-snippet:-1","max-image-preview":"max-image-preview:large","max-video-preview":"max-video-preview:-1"},"canonical":"https:\/\/tintas2000.pt\/home\/registo\/","og_locale":"pt_PT","og_type":"article","og_title":"Registo - Tintas 2000","og_description":"REGISTO TINTAS 2000 &gt; MY 2000&gt; REGISTO Registe-se em My 2000 e usufrua de um conjunto de facilidades. Preencha o formul\u00e1rio para ter acesso \u00e0 \u00e1rea de cliente. Se j\u00e1 tem acesso, efetue o Login. DADOS PESSOAIS","og_url":"https:\/\/tintas2000.pt\/home\/registo\/","og_site_name":"Tintas 2000","article_modified_time":"2022-03-02T09:38:31+00:00","twitter_card":"summary_large_image","twitter_misc":{"Tempo estimado de leitura":"1 minuto"},"schema":{"@context":"https:\/\/schema.org","@graph":[{"@type":"WebPage","@id":"https:\/\/tintas2000.pt\/home\/registo\/","url":"https:\/\/tintas2000.pt\/home\/registo\/","name":"Registo - Tintas 2000","isPartOf":{"@id":"https:\/\/tintas2000.pt\/home\/#website"},"datePublished":"2021-11-24T03:54:00+00:00","dateModified":"2022-03-02T09:38:31+00:00","breadcrumb":{"@id":"https:\/\/tintas2000.pt\/home\/registo\/#breadcrumb"},"inLanguage":"pt-PT","potentialAction":[{"@type":"ReadAction","target":["https:\/\/tintas2000.pt\/home\/registo\/"]}]},{"@type":"BreadcrumbList","@id":"https:\/\/tintas2000.pt\/home\/registo\/#breadcrumb","itemListElement":[{"@type":"ListItem","position":1,"name":"In\u00edcio","item":"https:\/\/tintas2000.pt\/home\/"},{"@type":"ListItem","position":2,"name":"Registo"}]},{"@type":"WebSite","@id":"https:\/\/tintas2000.pt\/home\/#website","url":"https:\/\/tintas2000.pt\/home\/","name":"Tintas 2000","description":"Tintas 2000","potentialAction":[{"@type":"SearchAction","target":{"@type":"EntryPoint","urlTemplate":"https:\/\/tintas2000.pt\/home\/?s={search_term_string}"},"query-input":{"@type":"PropertyValueSpecification","valueRequired":true,"valueName":"search_term_string"}}],"inLanguage":"pt-PT"}]}},"_links":{"self":[{"href":"https:\/\/tintas2000.pt\/home\/wp-json\/wp\/v2\/pages\/32057","targetHints":{"allow":["GET"]}}],"collection":[{"href":"https:\/\/tintas2000.pt\/home\/wp-json\/wp\/v2\/pages"}],"about":[{"href":"https:\/\/tintas2000.pt\/home\/wp-json\/wp\/v2\/types\/page"}],"author":[{"embeddable":true,"href":"https:\/\/tintas2000.pt\/home\/wp-json\/wp\/v2\/users\/1"}],"replies":[{"embeddable":true,"href":"https:\/\/tintas2000.pt\/home\/wp-json\/wp\/v2\/comments?post=32057"}],"version-history":[{"count":0,"href":"https:\/\/tintas2000.pt\/home\/wp-json\/wp\/v2\/pages\/32057\/revisions"}],"wp:attachment":[{"href":"https:\/\/tintas2000.pt\/home\/wp-json\/wp\/v2\/media?parent=32057"}],"curies":[{"name":"wp","href":"https:\/\/api.w.org\/{rel}","templated":true}]}}