{"id":32685,"date":"2021-12-02T10:31:26","date_gmt":"2021-12-02T10:31:26","guid":{"rendered":"https:\/\/tintas2000.pt\/home\/?page_id=32685"},"modified":"2023-01-24T12:56:32","modified_gmt":"2023-01-24T12:56:32","slug":"tudo-sobre-a-minha-encomenda","status":"publish","type":"page","link":"https:\/\/tintas2000.pt\/home\/tudo-sobre-a-minha-encomenda\/","title":{"rendered":"Tudo sobre a minha encomenda"},"content":{"rendered":"\t\t<div data-elementor-type=\"wp-page\" data-elementor-id=\"32685\" class=\"elementor elementor-32685\" data-elementor-post-type=\"page\">\n\t\t\t\t\t\t<section class=\"elementor-section elementor-top-section elementor-element elementor-element-de43a2f elementor-section-boxed elementor-section-height-default elementor-section-height-default\" data-id=\"de43a2f\" data-element_type=\"section\" data-e-type=\"section\">\n\t\t\t\t\t\t<div class=\"elementor-container elementor-column-gap-default\">\n\t\t\t\t\t<div class=\"elementor-column elementor-col-100 elementor-top-column elementor-element elementor-element-4317702\" data-id=\"4317702\" data-element_type=\"column\" data-e-type=\"column\">\n\t\t\t<div class=\"elementor-widget-wrap elementor-element-populated\">\n\t\t\t\t\t\t<div class=\"elementor-element elementor-element-11a70f1 elementor-widget elementor-widget-heading\" data-id=\"11a70f1\" data-element_type=\"widget\" data-e-type=\"widget\" data-widget_type=\"heading.default\">\n\t\t\t\t<div class=\"elementor-widget-container\">\n\t\t\t\t\t<h2 class=\"elementor-heading-title elementor-size-default\">TUDO SOBRE A MINHA ENCOMENDA<\/h2>\t\t\t\t<\/div>\n\t\t\t\t<\/div>\n\t\t\t\t<div class=\"elementor-element elementor-element-da22251 elementor-widget elementor-widget-text-editor\" data-id=\"da22251\" data-element_type=\"widget\" data-e-type=\"widget\" data-widget_type=\"text-editor.default\">\n\t\t\t\t<div class=\"elementor-widget-container\">\n\t\t\t\t\t\t\t\t\t<p>TINTAS 2000 &gt; TUDO SOBRE A MINHA ENCOMENDA<\/p>\t\t\t\t\t\t\t\t<\/div>\n\t\t\t\t<\/div>\n\t\t\t\t\t<\/div>\n\t\t<\/div>\n\t\t\t\t\t<\/div>\n\t\t<\/section>\n\t\t\t\t<section class=\"elementor-section elementor-top-section elementor-element elementor-element-f8cd546 elementor-section-boxed elementor-section-height-default elementor-section-height-default\" data-id=\"f8cd546\" data-element_type=\"section\" data-e-type=\"section\">\n\t\t\t\t\t\t<div class=\"elementor-container elementor-column-gap-no\">\n\t\t\t\t\t<div class=\"elementor-column elementor-col-33 elementor-top-column elementor-element elementor-element-c8286dd\" data-id=\"c8286dd\" data-element_type=\"column\" data-e-type=\"column\">\n\t\t\t<div class=\"elementor-widget-wrap elementor-element-populated\">\n\t\t\t\t\t\t<section class=\"elementor-section elementor-inner-section elementor-element elementor-element-ef4aa81 elementor-section-boxed elementor-section-height-default elementor-section-height-default\" data-id=\"ef4aa81\" data-element_type=\"section\" data-e-type=\"section\">\n\t\t\t\t\t\t<div class=\"elementor-container elementor-column-gap-default\">\n\t\t\t\t\t<div class=\"elementor-column elementor-col-100 elementor-inner-column elementor-element elementor-element-1ec1049\" data-id=\"1ec1049\" data-element_type=\"column\" data-e-type=\"column\">\n\t\t\t<div class=\"elementor-widget-wrap elementor-element-populated\">\n\t\t\t\t\t\t<div class=\"elementor-element elementor-element-fb8e924 elementor-nav-menu__align-start elementor-nav-menu--dropdown-none purchaseHistory elementor-widget elementor-widget-nav-menu\" data-id=\"fb8e924\" data-element_type=\"widget\" data-e-type=\"widget\" data-settings=\"{&quot;layout&quot;:&quot;vertical&quot;,&quot;submenu_icon&quot;:{&quot;value&quot;:&quot;&lt;i class=\\&quot;\\&quot; aria-hidden=\\&quot;true\\&quot;&gt;&lt;\\\/i&gt;&quot;,&quot;library&quot;:&quot;&quot;}}\" data-widget_type=\"nav-menu.default\">\n\t\t\t\t<div class=\"elementor-widget-container\">\n\t\t\t\t\t\t\t\t<nav aria-label=\"Menu\" class=\"elementor-nav-menu--main elementor-nav-menu__container elementor-nav-menu--layout-vertical e--pointer-none\">\n\t\t\t\t<ul id=\"menu-1-fb8e924\" class=\"elementor-nav-menu sm-vertical\"><li class=\"menu-item menu-item-type-custom menu-item-object-custom menu-item-32684\"><a href=\"https:\/\/tintas2000.pt\/home\/como-comprar-online\/\" class=\"elementor-item\">Como comprar online<\/a><\/li>\n<li class=\"menu-item menu-item-type-custom menu-item-object-custom menu-item-32690\"><a href=\"https:\/\/tintas2000.pt\/home\/tudo-sobre-a-minha-encomenda\/\" class=\"elementor-item\">Tudo sobre a minha encomenda<\/a><\/li>\n<li class=\"menu-item menu-item-type-custom menu-item-object-custom menu-item-32696\"><a href=\"https:\/\/tintas2000.pt\/home\/envio-e-devolucoes\/\" class=\"elementor-item\">Envio e devolu\u00e7\u00f5es<\/a><\/li>\n<li class=\"menu-item menu-item-type-custom menu-item-object-custom menu-item-32702\"><a href=\"https:\/\/tintas2000.pt\/home\/a-minha-conta\/\" class=\"elementor-item\">A minha conta<\/a><\/li>\n<\/ul>\t\t\t<\/nav>\n\t\t\t\t\t\t<nav class=\"elementor-nav-menu--dropdown elementor-nav-menu__container\" aria-hidden=\"true\">\n\t\t\t\t<ul id=\"menu-2-fb8e924\" class=\"elementor-nav-menu sm-vertical\"><li class=\"menu-item menu-item-type-custom menu-item-object-custom menu-item-32684\"><a href=\"https:\/\/tintas2000.pt\/home\/como-comprar-online\/\" class=\"elementor-item\" tabindex=\"-1\">Como comprar online<\/a><\/li>\n<li class=\"menu-item menu-item-type-custom menu-item-object-custom menu-item-32690\"><a href=\"https:\/\/tintas2000.pt\/home\/tudo-sobre-a-minha-encomenda\/\" class=\"elementor-item\" tabindex=\"-1\">Tudo sobre a minha encomenda<\/a><\/li>\n<li class=\"menu-item menu-item-type-custom menu-item-object-custom menu-item-32696\"><a href=\"https:\/\/tintas2000.pt\/home\/envio-e-devolucoes\/\" class=\"elementor-item\" tabindex=\"-1\">Envio e devolu\u00e7\u00f5es<\/a><\/li>\n<li class=\"menu-item menu-item-type-custom menu-item-object-custom menu-item-32702\"><a href=\"https:\/\/tintas2000.pt\/home\/a-minha-conta\/\" class=\"elementor-item\" tabindex=\"-1\">A minha conta<\/a><\/li>\n<\/ul>\t\t\t<\/nav>\n\t\t\t\t\t\t<\/div>\n\t\t\t\t<\/div>\n\t\t\t\t\t<\/div>\n\t\t<\/div>\n\t\t\t\t\t<\/div>\n\t\t<\/section>\n\t\t\t\t\t<\/div>\n\t\t<\/div>\n\t\t\t\t<div class=\"elementor-column elementor-col-66 elementor-top-column elementor-element elementor-element-5c04c6d\" data-id=\"5c04c6d\" data-element_type=\"column\" data-e-type=\"column\">\n\t\t\t<div class=\"elementor-widget-wrap elementor-element-populated\">\n\t\t\t\t\t\t<div class=\"elementor-element elementor-element-f46ae53 elementor-widget elementor-widget-toggle\" data-id=\"f46ae53\" data-element_type=\"widget\" data-e-type=\"widget\" data-widget_type=\"toggle.default\">\n\t\t\t\t<div class=\"elementor-widget-container\">\n\t\t\t\t\t\t\t<div class=\"elementor-toggle\">\n\t\t\t\t\t\t\t<div class=\"elementor-toggle-item\">\n\t\t\t\t\t<div id=\"elementor-tab-title-2561\" class=\"elementor-tab-title\" data-tab=\"1\" role=\"button\" aria-controls=\"elementor-tab-content-2561\" aria-expanded=\"false\">\n\t\t\t\t\t\t\t\t\t\t\t\t<span class=\"elementor-toggle-icon elementor-toggle-icon-right\" aria-hidden=\"true\">\n\t\t\t\t\t\t\t\t\t\t\t\t\t\t\t<span class=\"elementor-toggle-icon-closed\"><i class=\"fas fa-plus\"><\/i><\/span>\n\t\t\t\t\t\t\t\t<span class=\"elementor-toggle-icon-opened\"><i class=\"elementor-toggle-icon-opened fas fa-minus\"><\/i><\/span>\n\t\t\t\t\t\t\t\t\t\t\t\t\t<\/span>\n\t\t\t\t\t\t\t\t\t\t\t\t<a class=\"elementor-toggle-title\" tabindex=\"0\">Como consultar as minhas encomendas?<\/a>\n\t\t\t\t\t<\/div>\n\n\t\t\t\t\t<div id=\"elementor-tab-content-2561\" class=\"elementor-tab-content elementor-clearfix\" data-tab=\"1\" role=\"region\" aria-labelledby=\"elementor-tab-title-2561\"><p>Ao aceder a esta \u00e1rea pode consultar todas as compras que j\u00e1 efetuou na Loja Online da Tintas 2000, com a possibilidade de verificar o descritivo de cada encomenda. Para consultar a descri\u00e7\u00e3o de cada encomenda, basta clicar em \u201cMy 2000\u201d, depois em \u201cHist\u00f3rico de compras online\u201d e depois em \u201cVer detalhes\u201d.<\/p><\/div>\n\t\t\t\t<\/div>\n\t\t\t\t\t\t\t<div class=\"elementor-toggle-item\">\n\t\t\t\t\t<div id=\"elementor-tab-title-2562\" class=\"elementor-tab-title\" data-tab=\"2\" role=\"button\" aria-controls=\"elementor-tab-content-2562\" aria-expanded=\"false\">\n\t\t\t\t\t\t\t\t\t\t\t\t<span class=\"elementor-toggle-icon elementor-toggle-icon-right\" aria-hidden=\"true\">\n\t\t\t\t\t\t\t\t\t\t\t\t\t\t\t<span class=\"elementor-toggle-icon-closed\"><i class=\"fas fa-plus\"><\/i><\/span>\n\t\t\t\t\t\t\t\t<span class=\"elementor-toggle-icon-opened\"><i class=\"elementor-toggle-icon-opened fas fa-minus\"><\/i><\/span>\n\t\t\t\t\t\t\t\t\t\t\t\t\t<\/span>\n\t\t\t\t\t\t\t\t\t\t\t\t<a class=\"elementor-toggle-title\" tabindex=\"0\">Como validar a encomenda?<\/a>\n\t\t\t\t\t<\/div>\n\n\t\t\t\t\t<div id=\"elementor-tab-content-2562\" class=\"elementor-tab-content elementor-clearfix\" data-tab=\"2\" role=\"region\" aria-labelledby=\"elementor-tab-title-2562\"><p>Quando tiver todos os artigos pretendidos no seu carrinho de compras, s\u00f3 ser\u00e1 necess\u00e1rio carregar em \u201cFinalizar compra\u201d. Caso j\u00e1 tenha clicado em \u201cFinalizar compra\u201d n\u00e3o poder\u00e1 adicionar mais artigos ao Carrinho de Compras, estando a Encomenda fechada e em processamento pelos nossos servi\u00e7os, caso n\u00e3o tenha clicado em finalizar e pretenda adicionar mais produtos, basta ir diretamente ao menu \u201cLoja Online\u201d ou \u201cVoltar a Loja Online\u201d no canto superior esquerdo e escolher o item pretendido e adicionar ao carrinho, e este automaticamente entrar\u00e1 na encomenda.<\/p><\/div>\n\t\t\t\t<\/div>\n\t\t\t\t\t\t\t<div class=\"elementor-toggle-item\">\n\t\t\t\t\t<div id=\"elementor-tab-title-2563\" class=\"elementor-tab-title\" data-tab=\"3\" role=\"button\" aria-controls=\"elementor-tab-content-2563\" aria-expanded=\"false\">\n\t\t\t\t\t\t\t\t\t\t\t\t<span class=\"elementor-toggle-icon elementor-toggle-icon-right\" aria-hidden=\"true\">\n\t\t\t\t\t\t\t\t\t\t\t\t\t\t\t<span class=\"elementor-toggle-icon-closed\"><i class=\"fas fa-plus\"><\/i><\/span>\n\t\t\t\t\t\t\t\t<span class=\"elementor-toggle-icon-opened\"><i class=\"elementor-toggle-icon-opened fas fa-minus\"><\/i><\/span>\n\t\t\t\t\t\t\t\t\t\t\t\t\t<\/span>\n\t\t\t\t\t\t\t\t\t\t\t\t<a class=\"elementor-toggle-title\" tabindex=\"0\">Como posso comprovar se a minha encomenda foi feita corretamente?<\/a>\n\t\t\t\t\t<\/div>\n\n\t\t\t\t\t<div id=\"elementor-tab-content-2563\" class=\"elementor-tab-content elementor-clearfix\" data-tab=\"3\" role=\"region\" aria-labelledby=\"elementor-tab-title-2563\"><p>Ap\u00f3s efetuar a encomenda ir\u00e1 aparecer uma p\u00e1gina com a confirma\u00e7\u00e3o da encomenda e com o respetivo n\u00famero. De seguida, receber\u00e1 um e-mail com toda a informa\u00e7\u00e3o referente \u00e0 sua encomenda. Poder\u00e1 tamb\u00e9m ver a sua nova encomenda na sua \u00e1rea pessoal, clicando no seu nome. Se, por algum motivo n\u00e3o receber um e-mail com a confirma\u00e7\u00e3o da encomenda, num prazo de 24 horas, contacte-nos para o e-mail lojaonline@tintas2000.pt<\/p><\/div>\n\t\t\t\t<\/div>\n\t\t\t\t\t\t\t<div class=\"elementor-toggle-item\">\n\t\t\t\t\t<div id=\"elementor-tab-title-2564\" class=\"elementor-tab-title\" data-tab=\"4\" role=\"button\" aria-controls=\"elementor-tab-content-2564\" aria-expanded=\"false\">\n\t\t\t\t\t\t\t\t\t\t\t\t<span class=\"elementor-toggle-icon elementor-toggle-icon-right\" aria-hidden=\"true\">\n\t\t\t\t\t\t\t\t\t\t\t\t\t\t\t<span class=\"elementor-toggle-icon-closed\"><i class=\"fas fa-plus\"><\/i><\/span>\n\t\t\t\t\t\t\t\t<span class=\"elementor-toggle-icon-opened\"><i class=\"elementor-toggle-icon-opened fas fa-minus\"><\/i><\/span>\n\t\t\t\t\t\t\t\t\t\t\t\t\t<\/span>\n\t\t\t\t\t\t\t\t\t\t\t\t<a class=\"elementor-toggle-title\" tabindex=\"0\">Como posso alterar ou anular uma encomenda?<\/a>\n\t\t\t\t\t<\/div>\n\n\t\t\t\t\t<div id=\"elementor-tab-content-2564\" class=\"elementor-tab-content elementor-clearfix\" data-tab=\"4\" role=\"region\" aria-labelledby=\"elementor-tab-title-2564\"><p>Ap\u00f3s a encomenda ter sido confirmada j\u00e1 n\u00e3o \u00e9 poss\u00edvel cancelar.<\/p><\/div>\n\t\t\t\t<\/div>\n\t\t\t\t\t\t\t\t<\/div>\n\t\t\t\t\t\t<\/div>\n\t\t\t\t<\/div>\n\t\t\t\t\t<\/div>\n\t\t<\/div>\n\t\t\t\t\t<\/div>\n\t\t<\/section>\n\t\t\t\t<section class=\"elementor-section elementor-top-section elementor-element elementor-element-3f55f5d chat elementor-section-boxed elementor-section-height-default elementor-section-height-default\" data-id=\"3f55f5d\" data-element_type=\"section\" data-e-type=\"section\">\n\t\t\t\t\t\t<div class=\"elementor-container elementor-column-gap-default\">\n\t\t\t\t\t<div class=\"elementor-column elementor-col-100 elementor-top-column elementor-element elementor-element-5babf7d\" data-id=\"5babf7d\" data-element_type=\"column\" data-e-type=\"column\">\n\t\t\t<div class=\"elementor-widget-wrap elementor-element-populated\">\n\t\t\t\t\t\t<div class=\"elementor-element elementor-element-5903367 elementor-widget elementor-widget-image\" data-id=\"5903367\" data-element_type=\"widget\" data-e-type=\"widget\" data-widget_type=\"image.default\">\n\t\t\t\t<div class=\"elementor-widget-container\">\n\t\t\t\t\t\t\t\t\t\t\t\t\t\t\t<img decoding=\"async\" src=\"https:\/\/tintas2000.pt\/home\/wp-content\/uploads\/2021\/03\/chat.png\" title=\"\" alt=\"\" loading=\"lazy\" \/>\t\t\t\t\t\t\t\t\t\t\t\t\t\t\t<\/div>\n\t\t\t\t<\/div>\n\t\t\t\t\t<\/div>\n\t\t<\/div>\n\t\t\t\t\t<\/div>\n\t\t<\/section>\n\t\t\t\t<\/div>\n\t\t","protected":false},"excerpt":{"rendered":"<p>TUDO SOBRE A MINHA ENCOMENDA TINTAS 2000 &gt; TUDO SOBRE A MINHA ENCOMENDA Como consultar as minhas encomendas? Ao aceder a esta \u00e1rea pode consultar todas as compras que j\u00e1 efetuou na Loja Online da Tintas 2000, com a possibilidade de verificar o descritivo de cada encomenda. Para consultar a descri\u00e7\u00e3o de cada encomenda, basta [&hellip;]<\/p>\n","protected":false},"author":1,"featured_media":0,"parent":0,"menu_order":0,"comment_status":"closed","ping_status":"closed","template":"","meta":{"_acf_changed":false,"footnotes":""},"class_list":["post-32685","page","type-page","status-publish","hentry"],"acf":[],"yoast_head":"<!-- This site is optimized with the Yoast SEO plugin v27.4 - https:\/\/yoast.com\/product\/yoast-seo-wordpress\/ -->\n<title>Tudo sobre a minha encomenda - Tintas 2000<\/title>\n<meta name=\"robots\" content=\"index, follow, max-snippet:-1, max-image-preview:large, max-video-preview:-1\" \/>\n<link rel=\"canonical\" href=\"https:\/\/tintas2000.pt\/home\/tudo-sobre-a-minha-encomenda\/\" \/>\n<meta property=\"og:locale\" content=\"pt_PT\" \/>\n<meta property=\"og:type\" content=\"article\" \/>\n<meta property=\"og:title\" content=\"Tudo sobre a minha encomenda - Tintas 2000\" \/>\n<meta property=\"og:description\" content=\"TUDO SOBRE A MINHA ENCOMENDA TINTAS 2000 &gt; TUDO SOBRE A MINHA ENCOMENDA Como consultar as minhas encomendas? Ao aceder a esta \u00e1rea pode consultar todas as compras que j\u00e1 efetuou na Loja Online da Tintas 2000, com a possibilidade de verificar o descritivo de cada encomenda. Para consultar a descri\u00e7\u00e3o de cada encomenda, basta [&hellip;]\" \/>\n<meta property=\"og:url\" content=\"https:\/\/tintas2000.pt\/home\/tudo-sobre-a-minha-encomenda\/\" \/>\n<meta property=\"og:site_name\" content=\"Tintas 2000\" \/>\n<meta property=\"article:modified_time\" content=\"2023-01-24T12:56:32+00:00\" \/>\n<meta name=\"twitter:card\" content=\"summary_large_image\" \/>\n<meta name=\"twitter:label1\" content=\"Tempo estimado de leitura\" \/>\n\t<meta name=\"twitter:data1\" content=\"1 minuto\" \/>\n<script type=\"application\/ld+json\" class=\"yoast-schema-graph\">{\"@context\":\"https:\\\/\\\/schema.org\",\"@graph\":[{\"@type\":\"WebPage\",\"@id\":\"https:\\\/\\\/tintas2000.pt\\\/home\\\/tudo-sobre-a-minha-encomenda\\\/\",\"url\":\"https:\\\/\\\/tintas2000.pt\\\/home\\\/tudo-sobre-a-minha-encomenda\\\/\",\"name\":\"Tudo sobre a minha encomenda - Tintas 2000\",\"isPartOf\":{\"@id\":\"https:\\\/\\\/tintas2000.pt\\\/home\\\/#website\"},\"datePublished\":\"2021-12-02T10:31:26+00:00\",\"dateModified\":\"2023-01-24T12:56:32+00:00\",\"breadcrumb\":{\"@id\":\"https:\\\/\\\/tintas2000.pt\\\/home\\\/tudo-sobre-a-minha-encomenda\\\/#breadcrumb\"},\"inLanguage\":\"pt-PT\",\"potentialAction\":[{\"@type\":\"ReadAction\",\"target\":[\"https:\\\/\\\/tintas2000.pt\\\/home\\\/tudo-sobre-a-minha-encomenda\\\/\"]}]},{\"@type\":\"BreadcrumbList\",\"@id\":\"https:\\\/\\\/tintas2000.pt\\\/home\\\/tudo-sobre-a-minha-encomenda\\\/#breadcrumb\",\"itemListElement\":[{\"@type\":\"ListItem\",\"position\":1,\"name\":\"In\u00edcio\",\"item\":\"https:\\\/\\\/tintas2000.pt\\\/home\\\/\"},{\"@type\":\"ListItem\",\"position\":2,\"name\":\"Tudo sobre a minha encomenda\"}]},{\"@type\":\"WebSite\",\"@id\":\"https:\\\/\\\/tintas2000.pt\\\/home\\\/#website\",\"url\":\"https:\\\/\\\/tintas2000.pt\\\/home\\\/\",\"name\":\"Tintas 2000\",\"description\":\"Tintas 2000\",\"potentialAction\":[{\"@type\":\"SearchAction\",\"target\":{\"@type\":\"EntryPoint\",\"urlTemplate\":\"https:\\\/\\\/tintas2000.pt\\\/home\\\/?s={search_term_string}\"},\"query-input\":{\"@type\":\"PropertyValueSpecification\",\"valueRequired\":true,\"valueName\":\"search_term_string\"}}],\"inLanguage\":\"pt-PT\"}]}<\/script>\n<!-- \/ Yoast SEO plugin. -->","yoast_head_json":{"title":"Tudo sobre a minha encomenda - Tintas 2000","robots":{"index":"index","follow":"follow","max-snippet":"max-snippet:-1","max-image-preview":"max-image-preview:large","max-video-preview":"max-video-preview:-1"},"canonical":"https:\/\/tintas2000.pt\/home\/tudo-sobre-a-minha-encomenda\/","og_locale":"pt_PT","og_type":"article","og_title":"Tudo sobre a minha encomenda - Tintas 2000","og_description":"TUDO SOBRE A MINHA ENCOMENDA TINTAS 2000 &gt; TUDO SOBRE A MINHA ENCOMENDA Como consultar as minhas encomendas? Ao aceder a esta \u00e1rea pode consultar todas as compras que j\u00e1 efetuou na Loja Online da Tintas 2000, com a possibilidade de verificar o descritivo de cada encomenda. Para consultar a descri\u00e7\u00e3o de cada encomenda, basta [&hellip;]","og_url":"https:\/\/tintas2000.pt\/home\/tudo-sobre-a-minha-encomenda\/","og_site_name":"Tintas 2000","article_modified_time":"2023-01-24T12:56:32+00:00","twitter_card":"summary_large_image","twitter_misc":{"Tempo estimado de leitura":"1 minuto"},"schema":{"@context":"https:\/\/schema.org","@graph":[{"@type":"WebPage","@id":"https:\/\/tintas2000.pt\/home\/tudo-sobre-a-minha-encomenda\/","url":"https:\/\/tintas2000.pt\/home\/tudo-sobre-a-minha-encomenda\/","name":"Tudo sobre a minha encomenda - Tintas 2000","isPartOf":{"@id":"https:\/\/tintas2000.pt\/home\/#website"},"datePublished":"2021-12-02T10:31:26+00:00","dateModified":"2023-01-24T12:56:32+00:00","breadcrumb":{"@id":"https:\/\/tintas2000.pt\/home\/tudo-sobre-a-minha-encomenda\/#breadcrumb"},"inLanguage":"pt-PT","potentialAction":[{"@type":"ReadAction","target":["https:\/\/tintas2000.pt\/home\/tudo-sobre-a-minha-encomenda\/"]}]},{"@type":"BreadcrumbList","@id":"https:\/\/tintas2000.pt\/home\/tudo-sobre-a-minha-encomenda\/#breadcrumb","itemListElement":[{"@type":"ListItem","position":1,"name":"In\u00edcio","item":"https:\/\/tintas2000.pt\/home\/"},{"@type":"ListItem","position":2,"name":"Tudo sobre a minha encomenda"}]},{"@type":"WebSite","@id":"https:\/\/tintas2000.pt\/home\/#website","url":"https:\/\/tintas2000.pt\/home\/","name":"Tintas 2000","description":"Tintas 2000","potentialAction":[{"@type":"SearchAction","target":{"@type":"EntryPoint","urlTemplate":"https:\/\/tintas2000.pt\/home\/?s={search_term_string}"},"query-input":{"@type":"PropertyValueSpecification","valueRequired":true,"valueName":"search_term_string"}}],"inLanguage":"pt-PT"}]}},"_links":{"self":[{"href":"https:\/\/tintas2000.pt\/home\/wp-json\/wp\/v2\/pages\/32685","targetHints":{"allow":["GET"]}}],"collection":[{"href":"https:\/\/tintas2000.pt\/home\/wp-json\/wp\/v2\/pages"}],"about":[{"href":"https:\/\/tintas2000.pt\/home\/wp-json\/wp\/v2\/types\/page"}],"author":[{"embeddable":true,"href":"https:\/\/tintas2000.pt\/home\/wp-json\/wp\/v2\/users\/1"}],"replies":[{"embeddable":true,"href":"https:\/\/tintas2000.pt\/home\/wp-json\/wp\/v2\/comments?post=32685"}],"version-history":[{"count":0,"href":"https:\/\/tintas2000.pt\/home\/wp-json\/wp\/v2\/pages\/32685\/revisions"}],"wp:attachment":[{"href":"https:\/\/tintas2000.pt\/home\/wp-json\/wp\/v2\/media?parent=32685"}],"curies":[{"name":"wp","href":"https:\/\/api.w.org\/{rel}","templated":true}]}}