{"id":32723,"date":"2021-12-02T11:07:11","date_gmt":"2021-12-02T11:07:11","guid":{"rendered":"https:\/\/tintas2000.pt\/home\/?page_id=32723"},"modified":"2021-12-02T11:15:17","modified_gmt":"2021-12-02T11:15:17","slug":"politica-de-cookies","status":"publish","type":"page","link":"https:\/\/tintas2000.pt\/home\/politica-de-cookies\/","title":{"rendered":"Pol\u00edtica de Cookies"},"content":{"rendered":"\t\t<div data-elementor-type=\"wp-page\" data-elementor-id=\"32723\" class=\"elementor elementor-32723\" data-elementor-post-type=\"page\">\n\t\t\t\t\t\t<section class=\"elementor-section elementor-top-section elementor-element elementor-element-49fb4ae elementor-section-boxed elementor-section-height-default elementor-section-height-default\" data-id=\"49fb4ae\" data-element_type=\"section\" data-e-type=\"section\">\n\t\t\t\t\t\t<div class=\"elementor-container elementor-column-gap-default\">\n\t\t\t\t\t<div class=\"elementor-column elementor-col-100 elementor-top-column elementor-element elementor-element-7a7eb21\" data-id=\"7a7eb21\" data-element_type=\"column\" data-e-type=\"column\">\n\t\t\t<div class=\"elementor-widget-wrap elementor-element-populated\">\n\t\t\t\t\t\t<div class=\"elementor-element elementor-element-77b96e8 elementor-widget elementor-widget-heading\" data-id=\"77b96e8\" data-element_type=\"widget\" data-e-type=\"widget\" data-widget_type=\"heading.default\">\n\t\t\t\t<div class=\"elementor-widget-container\">\n\t\t\t\t\t<h2 class=\"elementor-heading-title elementor-size-default\">pol\u00edtica de COOKIES<\/h2>\t\t\t\t<\/div>\n\t\t\t\t<\/div>\n\t\t\t\t<div class=\"elementor-element elementor-element-db86c3a elementor-widget elementor-widget-text-editor\" data-id=\"db86c3a\" data-element_type=\"widget\" data-e-type=\"widget\" data-widget_type=\"text-editor.default\">\n\t\t\t\t<div class=\"elementor-widget-container\">\n\t\t\t\t\t\t\t\t\t<p>TINTAS 2000 &gt; POL\u00cdTICA DE COOKIES<\/p>\t\t\t\t\t\t\t\t<\/div>\n\t\t\t\t<\/div>\n\t\t\t\t\t<\/div>\n\t\t<\/div>\n\t\t\t\t\t<\/div>\n\t\t<\/section>\n\t\t\t\t<section class=\"elementor-section elementor-top-section elementor-element elementor-element-9f94366 elementor-section-boxed elementor-section-height-default elementor-section-height-default\" data-id=\"9f94366\" data-element_type=\"section\" data-e-type=\"section\">\n\t\t\t\t\t\t<div class=\"elementor-container elementor-column-gap-default\">\n\t\t\t\t\t<div class=\"elementor-column elementor-col-100 elementor-top-column elementor-element elementor-element-2baafcd\" data-id=\"2baafcd\" data-element_type=\"column\" data-e-type=\"column\">\n\t\t\t<div class=\"elementor-widget-wrap elementor-element-populated\">\n\t\t\t\t\t\t<div class=\"elementor-element elementor-element-b7e2420 elementor-widget elementor-widget-text-editor\" data-id=\"b7e2420\" data-element_type=\"widget\" data-e-type=\"widget\" data-widget_type=\"text-editor.default\">\n\t\t\t\t<div class=\"elementor-widget-container\">\n\t\t\t\t\t\t\t\t\t<p style=\"font-weight: 400;\">A empresa<strong>\u00a0<\/strong>F\u00e1brica de Tintas 2000, S.A., respeita a privacidade dos visitantes do Website e determina todos os cuidados para proteger as respetivas informa\u00e7\u00f5es que nele possam ficar vinculadas.<\/p><p style=\"font-weight: 400;\">\u00a0<\/p><p><strong>COOKIES<\/strong><\/p><p style=\"font-weight: 400;\">Os cookies s\u00e3o pequenos ficheiros de texto que s\u00e3o guardados nos equipamentos de acesso atrav\u00e9s no navegador (browser), retendo apenas informa\u00e7\u00e3o relacionada com as prefer\u00eancias, n\u00e3o abarcando, como tal os dados pessoais.<\/p><p style=\"font-weight: 400;\">\u00a0<\/p><p><strong>PARA QUE SERVEM OS COOKIES<\/strong><\/p><p style=\"font-weight: 400;\">Os cookies servem para ajudar a determinar a utilidade, interesse e o n\u00famero de utiliza\u00e7\u00f5es dos websites, permitindo uma navega\u00e7\u00e3o mais r\u00e1pida e eficaz, suprimindo a necessidade de introduzir regularmente as mesmas informa\u00e7\u00f5es.<\/p><p style=\"font-weight: 400;\">\u00a0<strong><br \/>TIPOS DE COOKIES<\/strong><\/p><p style=\"font-weight: 400;\">\u00a0Os cookies podem ser:<\/p><p style=\"font-weight: 400;\">&#8211; Necess\u00e1rios \u2013 permitem a navega\u00e7\u00e3o no website e utiliza\u00e7\u00e3o das aplica\u00e7\u00f5es, acendendo \u00e0s \u00e1reas seguras dos websites;<\/p><p style=\"font-weight: 400;\">&#8211; Anal\u00edticos \u2013 s\u00e3o utilizados anonimamente para efeito de cria\u00e7\u00e3o e an\u00e1lise estat\u00edstica, para melhorar o website;<\/p><p style=\"font-weight: 400;\">&#8211; Funcionais \u2013 guardam prefer\u00eancias dos utilizadores relativos ao site<\/p><p style=\"font-weight: 400;\">&#8211; Publicit\u00e1rios \u2013 direcionam a publicidade em fun\u00e7\u00e3o dos interesses de cada utilizador, por forma a direcionar as campanhas publicit\u00e1rias, ajuda a medir a efic\u00e1cia da publicidade e o sucesso da organiza\u00e7\u00e3o do website.<\/p><p style=\"font-weight: 400;\">\u00a0<br \/><strong>USAMOS COOKIES PARA:<\/strong><\/p><p style=\"font-weight: 400;\">&#8211; Ajudar a lembrar e processar items no carrinho de compras;<\/p><p style=\"font-weight: 400;\">&#8211; Perceber a prefer\u00eancia dos utilizados para visitas futuras;<\/p><p style=\"font-weight: 400;\">&#8211; Acompanhar as nossas publicidades;<\/p><p style=\"font-weight: 400;\">&#8211; Compilar e agregar dados sobre o tr\u00e1fego do website e as intera\u00e7\u00f5es para conseguirmos melhorar a experi\u00eancia e ferramentas no futuro. Usamos ferramentas externas para medir agregar estes dados sobre o tr\u00e1fego: Google Analytics.<\/p><p style=\"font-weight: 400;\"><br \/>Pode optar por desativar todos os cookies, isto \u00e9 feito a partir das defini\u00e7\u00f5es do seu navegador. Como todos os navegadores s\u00e3o diferentes deve procurar junto do menu de ajuda do mesmo para aprender a forma correta de o fazer.<\/p><p style=\"font-weight: 400;\">A desativa\u00e7\u00e3o dos cookies n\u00e3o ir\u00e1 afetar a sua visita ao nosso website.<\/p><p>\u00a0<\/p><p style=\"font-weight: 400;\"><strong>DIVULGA\u00c7\u00c3O DOS DADOS A TERCEIROS<\/strong><\/p><p><span style=\"font-weight: 400;\">N\u00e3o vendemos, comercializamos ou transferimos de outra os seus dados pessoais para terceiros. Isso n\u00e3o inclui parceiros de hospedagem de sites e outras partes que nos auxiliam na manuten\u00e7\u00e3o do website site, sendo que essas partes concordaram em manter essas informa\u00e7\u00f5es confidenciais.<\/span><span style=\"font-weight: 400;\"><br \/><\/span><\/p><p style=\"font-weight: 400;\">\u00a0<\/p><p><strong>LINKS DE TERCEIROS<\/strong><\/p><p><span style=\"font-weight: 400;\">N\u00f3s n\u00e3o inclu\u00edmos ou oferecemos produtos ou servi\u00e7os de terceiros no nosso site.<\/span><span style=\"font-weight: 400;\"><br \/><\/span><\/p><p style=\"font-weight: 400;\">\u00a0<\/p><p><strong>GOOGLE<\/strong><\/p><p style=\"font-weight: 400;\">Os requisitos de publicidade do Google podem ser resumidos pelos Princ\u00edpios de publicidade do Google. Eles s\u00e3o colocados em pr\u00e1tica para fornecer uma experi\u00eancia positiva aos utilizadores.<\/p><p style=\"font-weight: 400;\">N\u00f3s, juntamente com fornecedores como o Google, usamos cookies prim\u00e1rios (como os cookies do Google Analytics) para agregar dados sobre as suas intera\u00e7\u00f5es com impress\u00f5es de an\u00fancios e outras fun\u00e7\u00f5es de servi\u00e7o de an\u00fancios relacionadas ao nosso website.<\/p>\t\t\t\t\t\t\t\t<\/div>\n\t\t\t\t<\/div>\n\t\t\t\t\t<\/div>\n\t\t<\/div>\n\t\t\t\t\t<\/div>\n\t\t<\/section>\n\t\t\t\t<\/div>\n\t\t","protected":false},"excerpt":{"rendered":"<p>pol\u00edtica de COOKIES TINTAS 2000 &gt; POL\u00cdTICA DE COOKIES A empresa\u00a0F\u00e1brica de Tintas 2000, S.A., respeita a privacidade dos visitantes do Website e determina todos os cuidados para proteger as respetivas informa\u00e7\u00f5es que nele possam ficar vinculadas. \u00a0 COOKIES Os cookies s\u00e3o pequenos ficheiros de texto que s\u00e3o guardados nos equipamentos de acesso atrav\u00e9s no [&hellip;]<\/p>\n","protected":false},"author":1,"featured_media":0,"parent":0,"menu_order":0,"comment_status":"closed","ping_status":"closed","template":"","meta":{"_acf_changed":false,"footnotes":""},"class_list":["post-32723","page","type-page","status-publish","hentry"],"acf":[],"yoast_head":"<!-- This site is optimized with the Yoast SEO plugin v27.4 - https:\/\/yoast.com\/product\/yoast-seo-wordpress\/ -->\n<title>Pol\u00edtica de Cookies - Tintas 2000<\/title>\n<meta name=\"robots\" content=\"index, follow, max-snippet:-1, max-image-preview:large, max-video-preview:-1\" \/>\n<link rel=\"canonical\" href=\"https:\/\/tintas2000.pt\/home\/politica-de-cookies\/\" \/>\n<meta property=\"og:locale\" content=\"pt_PT\" \/>\n<meta property=\"og:type\" content=\"article\" \/>\n<meta property=\"og:title\" content=\"Pol\u00edtica de Cookies - Tintas 2000\" \/>\n<meta property=\"og:description\" content=\"pol\u00edtica de COOKIES TINTAS 2000 &gt; POL\u00cdTICA DE COOKIES A empresa\u00a0F\u00e1brica de Tintas 2000, S.A., respeita a privacidade dos visitantes do Website e determina todos os cuidados para proteger as respetivas informa\u00e7\u00f5es que nele possam ficar vinculadas. \u00a0 COOKIES Os cookies s\u00e3o pequenos ficheiros de texto que s\u00e3o guardados nos equipamentos de acesso atrav\u00e9s no [&hellip;]\" \/>\n<meta property=\"og:url\" content=\"https:\/\/tintas2000.pt\/home\/politica-de-cookies\/\" \/>\n<meta property=\"og:site_name\" content=\"Tintas 2000\" \/>\n<meta property=\"article:modified_time\" content=\"2021-12-02T11:15:17+00:00\" \/>\n<meta name=\"twitter:card\" content=\"summary_large_image\" \/>\n<meta name=\"twitter:label1\" content=\"Tempo estimado de leitura\" \/>\n\t<meta name=\"twitter:data1\" content=\"2 minutos\" \/>\n<script type=\"application\/ld+json\" class=\"yoast-schema-graph\">{\"@context\":\"https:\\\/\\\/schema.org\",\"@graph\":[{\"@type\":\"WebPage\",\"@id\":\"https:\\\/\\\/tintas2000.pt\\\/home\\\/politica-de-cookies\\\/\",\"url\":\"https:\\\/\\\/tintas2000.pt\\\/home\\\/politica-de-cookies\\\/\",\"name\":\"Pol\u00edtica de Cookies - Tintas 2000\",\"isPartOf\":{\"@id\":\"https:\\\/\\\/tintas2000.pt\\\/home\\\/#website\"},\"datePublished\":\"2021-12-02T11:07:11+00:00\",\"dateModified\":\"2021-12-02T11:15:17+00:00\",\"breadcrumb\":{\"@id\":\"https:\\\/\\\/tintas2000.pt\\\/home\\\/politica-de-cookies\\\/#breadcrumb\"},\"inLanguage\":\"pt-PT\",\"potentialAction\":[{\"@type\":\"ReadAction\",\"target\":[\"https:\\\/\\\/tintas2000.pt\\\/home\\\/politica-de-cookies\\\/\"]}]},{\"@type\":\"BreadcrumbList\",\"@id\":\"https:\\\/\\\/tintas2000.pt\\\/home\\\/politica-de-cookies\\\/#breadcrumb\",\"itemListElement\":[{\"@type\":\"ListItem\",\"position\":1,\"name\":\"In\u00edcio\",\"item\":\"https:\\\/\\\/tintas2000.pt\\\/home\\\/\"},{\"@type\":\"ListItem\",\"position\":2,\"name\":\"Pol\u00edtica de Cookies\"}]},{\"@type\":\"WebSite\",\"@id\":\"https:\\\/\\\/tintas2000.pt\\\/home\\\/#website\",\"url\":\"https:\\\/\\\/tintas2000.pt\\\/home\\\/\",\"name\":\"Tintas 2000\",\"description\":\"Tintas 2000\",\"potentialAction\":[{\"@type\":\"SearchAction\",\"target\":{\"@type\":\"EntryPoint\",\"urlTemplate\":\"https:\\\/\\\/tintas2000.pt\\\/home\\\/?s={search_term_string}\"},\"query-input\":{\"@type\":\"PropertyValueSpecification\",\"valueRequired\":true,\"valueName\":\"search_term_string\"}}],\"inLanguage\":\"pt-PT\"}]}<\/script>\n<!-- \/ Yoast SEO plugin. -->","yoast_head_json":{"title":"Pol\u00edtica de Cookies - Tintas 2000","robots":{"index":"index","follow":"follow","max-snippet":"max-snippet:-1","max-image-preview":"max-image-preview:large","max-video-preview":"max-video-preview:-1"},"canonical":"https:\/\/tintas2000.pt\/home\/politica-de-cookies\/","og_locale":"pt_PT","og_type":"article","og_title":"Pol\u00edtica de Cookies - Tintas 2000","og_description":"pol\u00edtica de COOKIES TINTAS 2000 &gt; POL\u00cdTICA DE COOKIES A empresa\u00a0F\u00e1brica de Tintas 2000, S.A., respeita a privacidade dos visitantes do Website e determina todos os cuidados para proteger as respetivas informa\u00e7\u00f5es que nele possam ficar vinculadas. \u00a0 COOKIES Os cookies s\u00e3o pequenos ficheiros de texto que s\u00e3o guardados nos equipamentos de acesso atrav\u00e9s no [&hellip;]","og_url":"https:\/\/tintas2000.pt\/home\/politica-de-cookies\/","og_site_name":"Tintas 2000","article_modified_time":"2021-12-02T11:15:17+00:00","twitter_card":"summary_large_image","twitter_misc":{"Tempo estimado de leitura":"2 minutos"},"schema":{"@context":"https:\/\/schema.org","@graph":[{"@type":"WebPage","@id":"https:\/\/tintas2000.pt\/home\/politica-de-cookies\/","url":"https:\/\/tintas2000.pt\/home\/politica-de-cookies\/","name":"Pol\u00edtica de Cookies - Tintas 2000","isPartOf":{"@id":"https:\/\/tintas2000.pt\/home\/#website"},"datePublished":"2021-12-02T11:07:11+00:00","dateModified":"2021-12-02T11:15:17+00:00","breadcrumb":{"@id":"https:\/\/tintas2000.pt\/home\/politica-de-cookies\/#breadcrumb"},"inLanguage":"pt-PT","potentialAction":[{"@type":"ReadAction","target":["https:\/\/tintas2000.pt\/home\/politica-de-cookies\/"]}]},{"@type":"BreadcrumbList","@id":"https:\/\/tintas2000.pt\/home\/politica-de-cookies\/#breadcrumb","itemListElement":[{"@type":"ListItem","position":1,"name":"In\u00edcio","item":"https:\/\/tintas2000.pt\/home\/"},{"@type":"ListItem","position":2,"name":"Pol\u00edtica de Cookies"}]},{"@type":"WebSite","@id":"https:\/\/tintas2000.pt\/home\/#website","url":"https:\/\/tintas2000.pt\/home\/","name":"Tintas 2000","description":"Tintas 2000","potentialAction":[{"@type":"SearchAction","target":{"@type":"EntryPoint","urlTemplate":"https:\/\/tintas2000.pt\/home\/?s={search_term_string}"},"query-input":{"@type":"PropertyValueSpecification","valueRequired":true,"valueName":"search_term_string"}}],"inLanguage":"pt-PT"}]}},"_links":{"self":[{"href":"https:\/\/tintas2000.pt\/home\/wp-json\/wp\/v2\/pages\/32723","targetHints":{"allow":["GET"]}}],"collection":[{"href":"https:\/\/tintas2000.pt\/home\/wp-json\/wp\/v2\/pages"}],"about":[{"href":"https:\/\/tintas2000.pt\/home\/wp-json\/wp\/v2\/types\/page"}],"author":[{"embeddable":true,"href":"https:\/\/tintas2000.pt\/home\/wp-json\/wp\/v2\/users\/1"}],"replies":[{"embeddable":true,"href":"https:\/\/tintas2000.pt\/home\/wp-json\/wp\/v2\/comments?post=32723"}],"version-history":[{"count":0,"href":"https:\/\/tintas2000.pt\/home\/wp-json\/wp\/v2\/pages\/32723\/revisions"}],"wp:attachment":[{"href":"https:\/\/tintas2000.pt\/home\/wp-json\/wp\/v2\/media?parent=32723"}],"curies":[{"name":"wp","href":"https:\/\/api.w.org\/{rel}","templated":true}]}}