{"id":41884,"date":"2024-02-07T08:47:39","date_gmt":"2024-02-07T08:47:39","guid":{"rendered":"https:\/\/tintas2000.pt\/home\/?page_id=41884"},"modified":"2024-02-07T09:21:01","modified_gmt":"2024-02-07T09:21:01","slug":"documentacao-tecnica-e-de-seguranca-temporariamente-indisponivel","status":"publish","type":"page","link":"https:\/\/tintas2000.pt\/home\/documentacao-tecnica-e-de-seguranca-temporariamente-indisponivel\/","title":{"rendered":"DOCUMENTA\u00c7\u00c3O T\u00c9CNICA E DE SEGURAN\u00c7A TEMPORARIAMENTE INDISPON\u00cdVEL"},"content":{"rendered":"\t\t<div data-elementor-type=\"wp-page\" data-elementor-id=\"41884\" class=\"elementor elementor-41884\" data-elementor-post-type=\"page\">\n\t\t\t\t\t\t<section class=\"elementor-section elementor-top-section elementor-element elementor-element-73cb26d7 elementor-section-boxed elementor-section-height-default elementor-section-height-default\" data-id=\"73cb26d7\" data-element_type=\"section\" data-e-type=\"section\">\n\t\t\t\t\t\t<div class=\"elementor-container elementor-column-gap-default\">\n\t\t\t\t\t<div class=\"elementor-column elementor-col-100 elementor-top-column elementor-element elementor-element-1d9e079f\" data-id=\"1d9e079f\" data-element_type=\"column\" data-e-type=\"column\">\n\t\t\t<div class=\"elementor-widget-wrap elementor-element-populated\">\n\t\t\t\t\t\t<div class=\"elementor-element elementor-element-22328b11 elementor-widget elementor-widget-heading\" data-id=\"22328b11\" data-element_type=\"widget\" data-e-type=\"widget\" data-widget_type=\"heading.default\">\n\t\t\t\t<div class=\"elementor-widget-container\">\n\t\t\t\t\t<h2 class=\"elementor-heading-title elementor-size-default\">DOCUMENTA\u00c7\u00c3O T\u00c9CNICA E DE SEGURAN\u00c7A TEMPORARIAMENTE INDISPON\u00cdVEL<\/h2>\t\t\t\t<\/div>\n\t\t\t\t<\/div>\n\t\t\t\t<section class=\"elementor-section elementor-inner-section elementor-element elementor-element-3afef0d7 elementor-section-content-middle elementor-section-boxed elementor-section-height-default elementor-section-height-default\" data-id=\"3afef0d7\" data-element_type=\"section\" data-e-type=\"section\">\n\t\t\t\t\t\t<div class=\"elementor-container elementor-column-gap-no\">\n\t\t\t\t\t<div class=\"elementor-column elementor-col-25 elementor-inner-column elementor-element elementor-element-f60e972\" data-id=\"f60e972\" data-element_type=\"column\" data-e-type=\"column\" data-settings=\"{&quot;background_background&quot;:&quot;classic&quot;}\">\n\t\t\t<div class=\"elementor-widget-wrap elementor-element-populated\">\n\t\t\t\t\t\t<div class=\"elementor-element elementor-element-75b9b841 elementor-widget elementor-widget-image\" data-id=\"75b9b841\" data-element_type=\"widget\" data-e-type=\"widget\" data-widget_type=\"image.default\">\n\t\t\t\t<div class=\"elementor-widget-container\">\n\t\t\t\t\t\t\t\t\t\t\t\t\t\t\t\t<a href=\"https:\/\/tintas2000.pt\/home\/loja-online-2\/\">\n\t\t\t\t\t\t\t<img decoding=\"async\" width=\"50\" height=\"50\" src=\"https:\/\/tintas2000.pt\/home\/wp-content\/uploads\/2021\/07\/seta-esquerda-azul-e1645131689894.png\" class=\"attachment-large size-large wp-image-26053\" alt=\"\" \/>\t\t\t\t\t\t\t\t<\/a>\n\t\t\t\t\t\t\t\t\t\t\t\t\t\t\t<\/div>\n\t\t\t\t<\/div>\n\t\t\t\t\t<\/div>\n\t\t<\/div>\n\t\t\t\t<div class=\"elementor-column elementor-col-25 elementor-inner-column elementor-element elementor-element-3df3f036\" data-id=\"3df3f036\" data-element_type=\"column\" data-e-type=\"column\">\n\t\t\t<div class=\"elementor-widget-wrap elementor-element-populated\">\n\t\t\t\t\t\t<div class=\"elementor-element elementor-element-42070d11 elementor-mobile-align-center elementor-widget elementor-widget-button\" data-id=\"42070d11\" data-element_type=\"widget\" data-e-type=\"widget\" data-widget_type=\"button.default\">\n\t\t\t\t<div class=\"elementor-widget-container\">\n\t\t\t\t\t\t\t\t\t<div class=\"elementor-button-wrapper\">\n\t\t\t\t\t<a class=\"elementor-button elementor-button-link elementor-size-sm\" href=\"https:\/\/tintas2000.pt\/home\/loja-online-2\/\">\n\t\t\t\t\t\t<span class=\"elementor-button-content-wrapper\">\n\t\t\t\t\t\t\t\t\t<span class=\"elementor-button-text\">Voltar a PRODUTOS<\/span>\n\t\t\t\t\t<\/span>\n\t\t\t\t\t<\/a>\n\t\t\t\t<\/div>\n\t\t\t\t\t\t\t\t<\/div>\n\t\t\t\t<\/div>\n\t\t\t\t\t<\/div>\n\t\t<\/div>\n\t\t\t\t<div class=\"elementor-column elementor-col-25 elementor-inner-column elementor-element elementor-element-3142a3ff\" data-id=\"3142a3ff\" data-element_type=\"column\" data-e-type=\"column\">\n\t\t\t<div class=\"elementor-widget-wrap elementor-element-populated\">\n\t\t\t\t\t\t<div class=\"elementor-element elementor-element-110410a8 elementor-widget elementor-widget-text-editor\" data-id=\"110410a8\" data-element_type=\"widget\" data-e-type=\"widget\" data-widget_type=\"text-editor.default\">\n\t\t\t\t<div class=\"elementor-widget-container\">\n\t\t\t\t\t\t\t\t\t<p>TINTAS 2000 &gt;DOCUMENTA\u00c7\u00c3O T\u00c9CNICA E DE SEGURAN\u00c7A INDISPON\u00cdVEL<\/p>\t\t\t\t\t\t\t\t<\/div>\n\t\t\t\t<\/div>\n\t\t\t\t\t<\/div>\n\t\t<\/div>\n\t\t\t\t<div class=\"elementor-column elementor-col-25 elementor-inner-column elementor-element elementor-element-9737cdd\" data-id=\"9737cdd\" data-element_type=\"column\" data-e-type=\"column\">\n\t\t\t<div class=\"elementor-widget-wrap\">\n\t\t\t\t\t\t\t<\/div>\n\t\t<\/div>\n\t\t\t\t\t<\/div>\n\t\t<\/section>\n\t\t\t\t\t<\/div>\n\t\t<\/div>\n\t\t\t\t\t<\/div>\n\t\t<\/section>\n\t\t\t\t<section class=\"elementor-section elementor-top-section elementor-element elementor-element-2e2f9226 elementor-section-boxed elementor-section-height-default elementor-section-height-default\" data-id=\"2e2f9226\" data-element_type=\"section\" data-e-type=\"section\">\n\t\t\t\t\t\t<div class=\"elementor-container elementor-column-gap-default\">\n\t\t\t\t\t<div class=\"elementor-column elementor-col-100 elementor-top-column elementor-element elementor-element-303f9a4a\" data-id=\"303f9a4a\" data-element_type=\"column\" data-e-type=\"column\">\n\t\t\t<div class=\"elementor-widget-wrap elementor-element-populated\">\n\t\t\t\t\t\t<div class=\"elementor-element elementor-element-27e86d4f elementor-widget elementor-widget-text-editor\" data-id=\"27e86d4f\" data-element_type=\"widget\" data-e-type=\"widget\" data-widget_type=\"text-editor.default\">\n\t\t\t\t<div class=\"elementor-widget-container\">\n\t\t\t\t\t\t\t\t\t\n<p>Pedimos desculpa pelo inconveniente, mas informamos que, de momento, a nossa Ficha T\u00e9cnica e Ficha de Dados de Seguran\u00e7a encontram-se inacess\u00edveis online. Contudo, estamos empenhados em assegurar que recebe toda a informa\u00e7\u00e3o necess\u00e1ria de forma conveniente e segura.<\/p>\n\n<p>Para obter qualquer informa\u00e7\u00e3o t\u00e9cnica ou sobre a seguran\u00e7a dos nossos produtos, por favor, n\u00e3o hesite em contactar-nos. Pode faz\u00ea-lo enviando um e-mail para <a href=\"mailto:tecnico@tintas2000.pt\">tecnico@tintas2000.pt<\/a> ou via telefone para o n\u00famero <a href=\"tel:229436800\">229 436 800<\/a>.<\/p>\n\n<p>A nossa equipa est\u00e1 pronta a fornecer-lhe toda a documenta\u00e7\u00e3o que necessitar e esclarecer quaisquer d\u00favidas que possa ter, com a maior brevidade e efic\u00e1cia poss\u00edvel.<\/p>\n\n<p>Agradecemos a sua compreens\u00e3o e estamos totalmente dispon\u00edveis para ajudar no que for necess\u00e1rio.<\/p>\n\t\t\t\t\t\t\t\t<\/div>\n\t\t\t\t<\/div>\n\t\t\t\t\t<\/div>\n\t\t<\/div>\n\t\t\t\t\t<\/div>\n\t\t<\/section>\n\t\t\t\t<\/div>\n\t\t","protected":false},"excerpt":{"rendered":"<p>DOCUMENTA\u00c7\u00c3O T\u00c9CNICA E DE SEGURAN\u00c7A TEMPORARIAMENTE INDISPON\u00cdVEL Voltar a PRODUTOS TINTAS 2000 &gt;DOCUMENTA\u00c7\u00c3O T\u00c9CNICA E DE SEGURAN\u00c7A INDISPON\u00cdVEL Pedimos desculpa pelo inconveniente, mas informamos que, de momento, a nossa Ficha T\u00e9cnica e Ficha de Dados de Seguran\u00e7a encontram-se inacess\u00edveis online. Contudo, estamos empenhados em assegurar que recebe toda a informa\u00e7\u00e3o necess\u00e1ria de forma conveniente e [&hellip;]<\/p>\n","protected":false},"author":1,"featured_media":0,"parent":0,"menu_order":0,"comment_status":"closed","ping_status":"closed","template":"","meta":{"_acf_changed":false,"footnotes":""},"class_list":["post-41884","page","type-page","status-publish","hentry"],"acf":[],"yoast_head":"<!-- This site is optimized with the Yoast SEO plugin v27.5 - https:\/\/yoast.com\/product\/yoast-seo-wordpress\/ -->\n<title>DOCUMENTA\u00c7\u00c3O T\u00c9CNICA E DE SEGURAN\u00c7A TEMPORARIAMENTE INDISPON\u00cdVEL - Tintas 2000<\/title>\n<meta name=\"robots\" content=\"index, follow, max-snippet:-1, max-image-preview:large, max-video-preview:-1\" \/>\n<link rel=\"canonical\" href=\"https:\/\/tintas2000.pt\/home\/documentacao-tecnica-e-de-seguranca-temporariamente-indisponivel\/\" \/>\n<meta property=\"og:locale\" content=\"pt_PT\" \/>\n<meta property=\"og:type\" content=\"article\" \/>\n<meta property=\"og:title\" content=\"DOCUMENTA\u00c7\u00c3O T\u00c9CNICA E DE SEGURAN\u00c7A TEMPORARIAMENTE INDISPON\u00cdVEL - Tintas 2000\" \/>\n<meta property=\"og:description\" content=\"DOCUMENTA\u00c7\u00c3O T\u00c9CNICA E DE SEGURAN\u00c7A TEMPORARIAMENTE INDISPON\u00cdVEL Voltar a PRODUTOS TINTAS 2000 &gt;DOCUMENTA\u00c7\u00c3O T\u00c9CNICA E DE SEGURAN\u00c7A INDISPON\u00cdVEL Pedimos desculpa pelo inconveniente, mas informamos que, de momento, a nossa Ficha T\u00e9cnica e Ficha de Dados de Seguran\u00e7a encontram-se inacess\u00edveis online. Contudo, estamos empenhados em assegurar que recebe toda a informa\u00e7\u00e3o necess\u00e1ria de forma conveniente e [&hellip;]\" \/>\n<meta property=\"og:url\" content=\"https:\/\/tintas2000.pt\/home\/documentacao-tecnica-e-de-seguranca-temporariamente-indisponivel\/\" \/>\n<meta property=\"og:site_name\" content=\"Tintas 2000\" \/>\n<meta property=\"article:modified_time\" content=\"2024-02-07T09:21:01+00:00\" \/>\n<meta property=\"og:image\" content=\"https:\/\/tintas2000.pt\/home\/wp-content\/uploads\/2021\/07\/seta-esquerda-azul-e1645131689894.png\" \/>\n<meta name=\"twitter:card\" content=\"summary_large_image\" \/>\n<meta name=\"twitter:label1\" content=\"Tempo estimado de leitura\" \/>\n\t<meta name=\"twitter:data1\" content=\"1 minuto\" \/>\n<script type=\"application\/ld+json\" class=\"yoast-schema-graph\">{\"@context\":\"https:\\\/\\\/schema.org\",\"@graph\":[{\"@type\":\"WebPage\",\"@id\":\"https:\\\/\\\/tintas2000.pt\\\/home\\\/documentacao-tecnica-e-de-seguranca-temporariamente-indisponivel\\\/\",\"url\":\"https:\\\/\\\/tintas2000.pt\\\/home\\\/documentacao-tecnica-e-de-seguranca-temporariamente-indisponivel\\\/\",\"name\":\"DOCUMENTA\u00c7\u00c3O T\u00c9CNICA E DE SEGURAN\u00c7A TEMPORARIAMENTE INDISPON\u00cdVEL - Tintas 2000\",\"isPartOf\":{\"@id\":\"https:\\\/\\\/tintas2000.pt\\\/home\\\/#website\"},\"primaryImageOfPage\":{\"@id\":\"https:\\\/\\\/tintas2000.pt\\\/home\\\/documentacao-tecnica-e-de-seguranca-temporariamente-indisponivel\\\/#primaryimage\"},\"image\":{\"@id\":\"https:\\\/\\\/tintas2000.pt\\\/home\\\/documentacao-tecnica-e-de-seguranca-temporariamente-indisponivel\\\/#primaryimage\"},\"thumbnailUrl\":\"https:\\\/\\\/tintas2000.pt\\\/home\\\/wp-content\\\/uploads\\\/2021\\\/07\\\/seta-esquerda-azul-e1645131689894.png\",\"datePublished\":\"2024-02-07T08:47:39+00:00\",\"dateModified\":\"2024-02-07T09:21:01+00:00\",\"breadcrumb\":{\"@id\":\"https:\\\/\\\/tintas2000.pt\\\/home\\\/documentacao-tecnica-e-de-seguranca-temporariamente-indisponivel\\\/#breadcrumb\"},\"inLanguage\":\"pt-PT\",\"potentialAction\":[{\"@type\":\"ReadAction\",\"target\":[\"https:\\\/\\\/tintas2000.pt\\\/home\\\/documentacao-tecnica-e-de-seguranca-temporariamente-indisponivel\\\/\"]}]},{\"@type\":\"ImageObject\",\"inLanguage\":\"pt-PT\",\"@id\":\"https:\\\/\\\/tintas2000.pt\\\/home\\\/documentacao-tecnica-e-de-seguranca-temporariamente-indisponivel\\\/#primaryimage\",\"url\":\"https:\\\/\\\/tintas2000.pt\\\/home\\\/wp-content\\\/uploads\\\/2021\\\/07\\\/seta-esquerda-azul-e1645131689894.png\",\"contentUrl\":\"https:\\\/\\\/tintas2000.pt\\\/home\\\/wp-content\\\/uploads\\\/2021\\\/07\\\/seta-esquerda-azul-e1645131689894.png\",\"width\":50,\"height\":50},{\"@type\":\"BreadcrumbList\",\"@id\":\"https:\\\/\\\/tintas2000.pt\\\/home\\\/documentacao-tecnica-e-de-seguranca-temporariamente-indisponivel\\\/#breadcrumb\",\"itemListElement\":[{\"@type\":\"ListItem\",\"position\":1,\"name\":\"In\u00edcio\",\"item\":\"https:\\\/\\\/tintas2000.pt\\\/home\\\/\"},{\"@type\":\"ListItem\",\"position\":2,\"name\":\"DOCUMENTA\u00c7\u00c3O T\u00c9CNICA E DE SEGURAN\u00c7A TEMPORARIAMENTE INDISPON\u00cdVEL\"}]},{\"@type\":\"WebSite\",\"@id\":\"https:\\\/\\\/tintas2000.pt\\\/home\\\/#website\",\"url\":\"https:\\\/\\\/tintas2000.pt\\\/home\\\/\",\"name\":\"Tintas 2000\",\"description\":\"Tintas 2000\",\"potentialAction\":[{\"@type\":\"SearchAction\",\"target\":{\"@type\":\"EntryPoint\",\"urlTemplate\":\"https:\\\/\\\/tintas2000.pt\\\/home\\\/?s={search_term_string}\"},\"query-input\":{\"@type\":\"PropertyValueSpecification\",\"valueRequired\":true,\"valueName\":\"search_term_string\"}}],\"inLanguage\":\"pt-PT\"}]}<\/script>\n<!-- \/ Yoast SEO plugin. -->","yoast_head_json":{"title":"DOCUMENTA\u00c7\u00c3O T\u00c9CNICA E DE SEGURAN\u00c7A TEMPORARIAMENTE INDISPON\u00cdVEL - Tintas 2000","robots":{"index":"index","follow":"follow","max-snippet":"max-snippet:-1","max-image-preview":"max-image-preview:large","max-video-preview":"max-video-preview:-1"},"canonical":"https:\/\/tintas2000.pt\/home\/documentacao-tecnica-e-de-seguranca-temporariamente-indisponivel\/","og_locale":"pt_PT","og_type":"article","og_title":"DOCUMENTA\u00c7\u00c3O T\u00c9CNICA E DE SEGURAN\u00c7A TEMPORARIAMENTE INDISPON\u00cdVEL - Tintas 2000","og_description":"DOCUMENTA\u00c7\u00c3O T\u00c9CNICA E DE SEGURAN\u00c7A TEMPORARIAMENTE INDISPON\u00cdVEL Voltar a PRODUTOS TINTAS 2000 &gt;DOCUMENTA\u00c7\u00c3O T\u00c9CNICA E DE SEGURAN\u00c7A INDISPON\u00cdVEL Pedimos desculpa pelo inconveniente, mas informamos que, de momento, a nossa Ficha T\u00e9cnica e Ficha de Dados de Seguran\u00e7a encontram-se inacess\u00edveis online. Contudo, estamos empenhados em assegurar que recebe toda a informa\u00e7\u00e3o necess\u00e1ria de forma conveniente e [&hellip;]","og_url":"https:\/\/tintas2000.pt\/home\/documentacao-tecnica-e-de-seguranca-temporariamente-indisponivel\/","og_site_name":"Tintas 2000","article_modified_time":"2024-02-07T09:21:01+00:00","og_image":[{"url":"https:\/\/tintas2000.pt\/home\/wp-content\/uploads\/2021\/07\/seta-esquerda-azul-e1645131689894.png","type":"","width":"","height":""}],"twitter_card":"summary_large_image","twitter_misc":{"Tempo estimado de leitura":"1 minuto"},"schema":{"@context":"https:\/\/schema.org","@graph":[{"@type":"WebPage","@id":"https:\/\/tintas2000.pt\/home\/documentacao-tecnica-e-de-seguranca-temporariamente-indisponivel\/","url":"https:\/\/tintas2000.pt\/home\/documentacao-tecnica-e-de-seguranca-temporariamente-indisponivel\/","name":"DOCUMENTA\u00c7\u00c3O T\u00c9CNICA E DE SEGURAN\u00c7A TEMPORARIAMENTE INDISPON\u00cdVEL - Tintas 2000","isPartOf":{"@id":"https:\/\/tintas2000.pt\/home\/#website"},"primaryImageOfPage":{"@id":"https:\/\/tintas2000.pt\/home\/documentacao-tecnica-e-de-seguranca-temporariamente-indisponivel\/#primaryimage"},"image":{"@id":"https:\/\/tintas2000.pt\/home\/documentacao-tecnica-e-de-seguranca-temporariamente-indisponivel\/#primaryimage"},"thumbnailUrl":"https:\/\/tintas2000.pt\/home\/wp-content\/uploads\/2021\/07\/seta-esquerda-azul-e1645131689894.png","datePublished":"2024-02-07T08:47:39+00:00","dateModified":"2024-02-07T09:21:01+00:00","breadcrumb":{"@id":"https:\/\/tintas2000.pt\/home\/documentacao-tecnica-e-de-seguranca-temporariamente-indisponivel\/#breadcrumb"},"inLanguage":"pt-PT","potentialAction":[{"@type":"ReadAction","target":["https:\/\/tintas2000.pt\/home\/documentacao-tecnica-e-de-seguranca-temporariamente-indisponivel\/"]}]},{"@type":"ImageObject","inLanguage":"pt-PT","@id":"https:\/\/tintas2000.pt\/home\/documentacao-tecnica-e-de-seguranca-temporariamente-indisponivel\/#primaryimage","url":"https:\/\/tintas2000.pt\/home\/wp-content\/uploads\/2021\/07\/seta-esquerda-azul-e1645131689894.png","contentUrl":"https:\/\/tintas2000.pt\/home\/wp-content\/uploads\/2021\/07\/seta-esquerda-azul-e1645131689894.png","width":50,"height":50},{"@type":"BreadcrumbList","@id":"https:\/\/tintas2000.pt\/home\/documentacao-tecnica-e-de-seguranca-temporariamente-indisponivel\/#breadcrumb","itemListElement":[{"@type":"ListItem","position":1,"name":"In\u00edcio","item":"https:\/\/tintas2000.pt\/home\/"},{"@type":"ListItem","position":2,"name":"DOCUMENTA\u00c7\u00c3O T\u00c9CNICA E DE SEGURAN\u00c7A TEMPORARIAMENTE INDISPON\u00cdVEL"}]},{"@type":"WebSite","@id":"https:\/\/tintas2000.pt\/home\/#website","url":"https:\/\/tintas2000.pt\/home\/","name":"Tintas 2000","description":"Tintas 2000","potentialAction":[{"@type":"SearchAction","target":{"@type":"EntryPoint","urlTemplate":"https:\/\/tintas2000.pt\/home\/?s={search_term_string}"},"query-input":{"@type":"PropertyValueSpecification","valueRequired":true,"valueName":"search_term_string"}}],"inLanguage":"pt-PT"}]}},"_links":{"self":[{"href":"https:\/\/tintas2000.pt\/home\/wp-json\/wp\/v2\/pages\/41884","targetHints":{"allow":["GET"]}}],"collection":[{"href":"https:\/\/tintas2000.pt\/home\/wp-json\/wp\/v2\/pages"}],"about":[{"href":"https:\/\/tintas2000.pt\/home\/wp-json\/wp\/v2\/types\/page"}],"author":[{"embeddable":true,"href":"https:\/\/tintas2000.pt\/home\/wp-json\/wp\/v2\/users\/1"}],"replies":[{"embeddable":true,"href":"https:\/\/tintas2000.pt\/home\/wp-json\/wp\/v2\/comments?post=41884"}],"version-history":[{"count":0,"href":"https:\/\/tintas2000.pt\/home\/wp-json\/wp\/v2\/pages\/41884\/revisions"}],"wp:attachment":[{"href":"https:\/\/tintas2000.pt\/home\/wp-json\/wp\/v2\/media?parent=41884"}],"curies":[{"name":"wp","href":"https:\/\/api.w.org\/{rel}","templated":true}]}}