{"id":42041,"date":"2024-02-08T09:24:57","date_gmt":"2024-02-08T09:24:57","guid":{"rendered":"https:\/\/tintas2000.pt\/home\/?page_id=42041"},"modified":"2024-06-06T10:32:23","modified_gmt":"2024-06-06T09:32:23","slug":"termos-e-condicoes-legais-das-promocoes-no-site-da-fabrica-de-tintas-2000-s-a","status":"publish","type":"page","link":"https:\/\/tintas2000.pt\/home\/termos-e-condicoes-legais-das-promocoes-no-site-da-fabrica-de-tintas-2000-s-a\/","title":{"rendered":"Termos e Condi\u00e7\u00f5es Legais das Promo\u00e7\u00f5es no site da F\u00e1brica de Tintas 2000, S.A."},"content":{"rendered":"\t\t<div data-elementor-type=\"wp-page\" data-elementor-id=\"42041\" class=\"elementor elementor-42041\" data-elementor-post-type=\"page\">\n\t\t\t\t\t\t<section class=\"elementor-section elementor-top-section elementor-element elementor-element-66506bb5 elementor-section-boxed elementor-section-height-default elementor-section-height-default\" data-id=\"66506bb5\" data-element_type=\"section\" data-e-type=\"section\">\n\t\t\t\t\t\t<div class=\"elementor-container elementor-column-gap-default\">\n\t\t\t\t\t<div class=\"elementor-column elementor-col-100 elementor-top-column elementor-element elementor-element-ee6ff8c\" data-id=\"ee6ff8c\" data-element_type=\"column\" data-e-type=\"column\">\n\t\t\t<div class=\"elementor-widget-wrap elementor-element-populated\">\n\t\t\t\t\t\t<div class=\"elementor-element elementor-element-4480ef5 elementor-widget elementor-widget-heading\" data-id=\"4480ef5\" data-element_type=\"widget\" data-e-type=\"widget\" data-widget_type=\"heading.default\">\n\t\t\t\t<div class=\"elementor-widget-container\">\n\t\t\t\t\t<h2 class=\"elementor-heading-title elementor-size-default\">Termos e Condi\u00e7\u00f5es das Promo\u00e7\u00f5es<\/h2>\t\t\t\t<\/div>\n\t\t\t\t<\/div>\n\t\t\t\t<section class=\"elementor-section elementor-inner-section elementor-element elementor-element-71b74e23 elementor-section-content-middle elementor-section-boxed elementor-section-height-default elementor-section-height-default\" data-id=\"71b74e23\" data-element_type=\"section\" data-e-type=\"section\">\n\t\t\t\t\t\t<div class=\"elementor-container elementor-column-gap-no\">\n\t\t\t\t\t<div class=\"elementor-column elementor-col-25 elementor-inner-column elementor-element elementor-element-7e65c319\" data-id=\"7e65c319\" data-element_type=\"column\" data-e-type=\"column\" data-settings=\"{&quot;background_background&quot;:&quot;classic&quot;}\">\n\t\t\t<div class=\"elementor-widget-wrap elementor-element-populated\">\n\t\t\t\t\t\t<div class=\"elementor-element elementor-element-777b29ea elementor-widget elementor-widget-image\" data-id=\"777b29ea\" data-element_type=\"widget\" data-e-type=\"widget\" data-widget_type=\"image.default\">\n\t\t\t\t<div class=\"elementor-widget-container\">\n\t\t\t\t\t\t\t\t\t\t\t\t\t\t\t\t<a href=\"https:\/\/tintas2000.pt\/home\/\">\n\t\t\t\t\t\t\t<img decoding=\"async\" width=\"50\" height=\"50\" src=\"https:\/\/tintas2000.pt\/home\/wp-content\/uploads\/2021\/07\/seta-esquerda-azul-e1645131689894.png\" class=\"attachment-large size-large wp-image-26053\" alt=\"\" \/>\t\t\t\t\t\t\t\t<\/a>\n\t\t\t\t\t\t\t\t\t\t\t\t\t\t\t<\/div>\n\t\t\t\t<\/div>\n\t\t\t\t\t<\/div>\n\t\t<\/div>\n\t\t\t\t<div class=\"elementor-column elementor-col-25 elementor-inner-column elementor-element elementor-element-76ad9f19\" data-id=\"76ad9f19\" data-element_type=\"column\" data-e-type=\"column\">\n\t\t\t<div class=\"elementor-widget-wrap elementor-element-populated\">\n\t\t\t\t\t\t<div class=\"elementor-element elementor-element-37c114f elementor-mobile-align-center elementor-widget elementor-widget-button\" data-id=\"37c114f\" data-element_type=\"widget\" data-e-type=\"widget\" data-widget_type=\"button.default\">\n\t\t\t\t<div class=\"elementor-widget-container\">\n\t\t\t\t\t\t\t\t\t<div class=\"elementor-button-wrapper\">\n\t\t\t\t\t<a class=\"elementor-button elementor-button-link elementor-size-sm\" href=\"https:\/\/tintas2000.pt\/home\/\">\n\t\t\t\t\t\t<span class=\"elementor-button-content-wrapper\">\n\t\t\t\t\t\t\t\t\t<span class=\"elementor-button-text\">Voltar a HOME<\/span>\n\t\t\t\t\t<\/span>\n\t\t\t\t\t<\/a>\n\t\t\t\t<\/div>\n\t\t\t\t\t\t\t\t<\/div>\n\t\t\t\t<\/div>\n\t\t\t\t\t<\/div>\n\t\t<\/div>\n\t\t\t\t<div class=\"elementor-column elementor-col-25 elementor-inner-column elementor-element elementor-element-4d54d9e\" data-id=\"4d54d9e\" data-element_type=\"column\" data-e-type=\"column\">\n\t\t\t<div class=\"elementor-widget-wrap elementor-element-populated\">\n\t\t\t\t\t\t<div class=\"elementor-element elementor-element-7191f8b6 elementor-widget elementor-widget-text-editor\" data-id=\"7191f8b6\" data-element_type=\"widget\" data-e-type=\"widget\" data-widget_type=\"text-editor.default\">\n\t\t\t\t<div class=\"elementor-widget-container\">\n\t\t\t\t\t\t\t\t\t<p>TINTAS 2000 &gt; TERMOS E CONDI\u00c7\u00d5ES DAS PROMO\u00c7\u00d5ES<\/p>\t\t\t\t\t\t\t\t<\/div>\n\t\t\t\t<\/div>\n\t\t\t\t\t<\/div>\n\t\t<\/div>\n\t\t\t\t<div class=\"elementor-column elementor-col-25 elementor-inner-column elementor-element elementor-element-1969687d\" data-id=\"1969687d\" data-element_type=\"column\" data-e-type=\"column\">\n\t\t\t<div class=\"elementor-widget-wrap\">\n\t\t\t\t\t\t\t<\/div>\n\t\t<\/div>\n\t\t\t\t\t<\/div>\n\t\t<\/section>\n\t\t\t\t\t<\/div>\n\t\t<\/div>\n\t\t\t\t\t<\/div>\n\t\t<\/section>\n\t\t\t\t<section class=\"elementor-section elementor-top-section elementor-element elementor-element-134d5877 elementor-section-boxed elementor-section-height-default elementor-section-height-default\" data-id=\"134d5877\" data-element_type=\"section\" data-e-type=\"section\">\n\t\t\t\t\t\t<div class=\"elementor-container elementor-column-gap-default\">\n\t\t\t\t\t<div class=\"elementor-column elementor-col-100 elementor-top-column elementor-element elementor-element-1f3a0255\" data-id=\"1f3a0255\" data-element_type=\"column\" data-e-type=\"column\">\n\t\t\t<div class=\"elementor-widget-wrap elementor-element-populated\">\n\t\t\t\t\t\t<div class=\"elementor-element elementor-element-17539dff elementor-widget elementor-widget-text-editor\" data-id=\"17539dff\" data-element_type=\"widget\" data-e-type=\"widget\" data-widget_type=\"text-editor.default\">\n\t\t\t\t<div class=\"elementor-widget-container\">\n\t\t\t\t\t\t\t\t\t<p><\/p>\n<p><strong>Vig\u00eancia das Promo\u00e7\u00f5es:<\/strong><\/p>\n<p><\/p>\n<p><\/p>\n<ul class=\"wp-block-list\">\n<li style=\"list-style-type: none;\">\n<ul><\/ul>\n<\/li>\n<\/ul>\n<ul>\n<li style=\"list-style-type: none;\">\n<ul>\n<li>As promo\u00e7\u00f5es dispon\u00edveis no site da F\u00e1brica de Tintas 2000, S.A. ser\u00e3o v\u00e1lidas de 1 a 30 de junho de 2024, estando sujeitas \u00e0 disponibilidade de stock.<\/li>\n<\/ul>\n<\/li>\n<\/ul>\n<p><\/p>\n<p><\/p>\n<p><\/p>\n<p><strong>Condi\u00e7\u00f5es Gerais:<\/strong><\/p>\n<p><\/p>\n<p><\/p>\n<ul class=\"wp-block-list\">\n<li style=\"list-style-type: none;\">\n<ul><\/ul>\n<\/li>\n<\/ul>\n<ul>\n<li style=\"list-style-type: none;\">\n<ul>\n<li>As promo\u00e7\u00f5es n\u00e3o s\u00e3o acumul\u00e1veis com outras promo\u00e7\u00f5es em vigor.<\/li>\n<\/ul>\n<\/li>\n<\/ul>\n<p><\/p>\n<p><\/p>\n<ul>\n<li style=\"list-style-type: none;\">\n<ul>\n<li>Os acess\u00f3rios de pintura est\u00e3o exclu\u00eddos de qualquer promo\u00e7\u00e3o, n\u00e3o beneficiando de descontos.<\/li>\n<\/ul>\n<\/li>\n<\/ul>\n<p><\/p>\n<p><\/p>\n<p><\/p>\n<p><strong>Aplicabilidade das Promo\u00e7\u00f5es:<\/strong><\/p>\n<p><\/p>\n<p><\/p>\n<ul class=\"wp-block-list\">\n<li style=\"list-style-type: none;\">\n<ul><\/ul>\n<\/li>\n<\/ul>\n<ul>\n<li style=\"list-style-type: none;\">\n<ul>\n<li>As promo\u00e7\u00f5es n\u00e3o se aplicam \u00e0s embalagens de at\u00e9 4 (quatro) litros.<\/li>\n<\/ul>\n<\/li>\n<\/ul>\n<p><\/p>\n<p><\/p>\n<ul>\n<li style=\"list-style-type: none;\">\n<ul>\n<li>Para embalagens de 4 (quatro) e 5 (cinco) litros, o desconto \u00e9 de 25% sobre o pre\u00e7o anunciado.<\/li>\n<\/ul>\n<\/li>\n<\/ul>\n<p><\/p>\n<p><\/p>\n<ul>\n<li style=\"list-style-type: none;\">\n<ul>\n<li>Nas embalagens de 12 (doze) ou 15 (quinze) litros, o desconto \u00e9 de 45% sobre o pre\u00e7o anunciado.<\/li>\n<\/ul>\n<\/li>\n<\/ul>\n<p><\/p>\n<p><\/p>\t\t\t\t\t\t\t\t<\/div>\n\t\t\t\t<\/div>\n\t\t\t\t\t<\/div>\n\t\t<\/div>\n\t\t\t\t\t<\/div>\n\t\t<\/section>\n\t\t\t\t<\/div>\n\t\t","protected":false},"excerpt":{"rendered":"<p>Termos e Condi\u00e7\u00f5es das Promo\u00e7\u00f5es Voltar a HOME TINTAS 2000 &gt; TERMOS E CONDI\u00c7\u00d5ES DAS PROMO\u00c7\u00d5ES Vig\u00eancia das Promo\u00e7\u00f5es: Condi\u00e7\u00f5es Gerais: Aplicabilidade das Promo\u00e7\u00f5es:<\/p>\n","protected":false},"author":1,"featured_media":0,"parent":0,"menu_order":0,"comment_status":"closed","ping_status":"closed","template":"","meta":{"_acf_changed":false,"footnotes":""},"class_list":["post-42041","page","type-page","status-publish","hentry"],"acf":[],"yoast_head":"<!-- This site is optimized with the Yoast SEO plugin v27.5 - https:\/\/yoast.com\/product\/yoast-seo-wordpress\/ -->\n<title>Termos e Condi\u00e7\u00f5es Legais das Promo\u00e7\u00f5es no site da F\u00e1brica de Tintas 2000, S.A. - Tintas 2000<\/title>\n<meta name=\"robots\" content=\"index, follow, max-snippet:-1, max-image-preview:large, max-video-preview:-1\" \/>\n<link rel=\"canonical\" href=\"https:\/\/tintas2000.pt\/home\/termos-e-condicoes-legais-das-promocoes-no-site-da-fabrica-de-tintas-2000-s-a\/\" \/>\n<meta property=\"og:locale\" content=\"pt_PT\" \/>\n<meta property=\"og:type\" content=\"article\" \/>\n<meta property=\"og:title\" content=\"Termos e Condi\u00e7\u00f5es Legais das Promo\u00e7\u00f5es no site da F\u00e1brica de Tintas 2000, S.A. - Tintas 2000\" \/>\n<meta property=\"og:description\" content=\"Termos e Condi\u00e7\u00f5es das Promo\u00e7\u00f5es Voltar a HOME TINTAS 2000 &gt; TERMOS E CONDI\u00c7\u00d5ES DAS PROMO\u00c7\u00d5ES Vig\u00eancia das Promo\u00e7\u00f5es: Condi\u00e7\u00f5es Gerais: Aplicabilidade das Promo\u00e7\u00f5es:\" \/>\n<meta property=\"og:url\" content=\"https:\/\/tintas2000.pt\/home\/termos-e-condicoes-legais-das-promocoes-no-site-da-fabrica-de-tintas-2000-s-a\/\" \/>\n<meta property=\"og:site_name\" content=\"Tintas 2000\" \/>\n<meta property=\"article:modified_time\" content=\"2024-06-06T09:32:23+00:00\" \/>\n<meta property=\"og:image\" content=\"https:\/\/tintas2000.pt\/home\/wp-content\/uploads\/2021\/07\/seta-esquerda-azul-e1645131689894.png\" \/>\n<meta name=\"twitter:card\" content=\"summary_large_image\" \/>\n<meta name=\"twitter:label1\" content=\"Tempo estimado de leitura\" \/>\n\t<meta name=\"twitter:data1\" content=\"1 minuto\" \/>\n<script type=\"application\/ld+json\" class=\"yoast-schema-graph\">{\"@context\":\"https:\\\/\\\/schema.org\",\"@graph\":[{\"@type\":\"WebPage\",\"@id\":\"https:\\\/\\\/tintas2000.pt\\\/home\\\/termos-e-condicoes-legais-das-promocoes-no-site-da-fabrica-de-tintas-2000-s-a\\\/\",\"url\":\"https:\\\/\\\/tintas2000.pt\\\/home\\\/termos-e-condicoes-legais-das-promocoes-no-site-da-fabrica-de-tintas-2000-s-a\\\/\",\"name\":\"Termos e Condi\u00e7\u00f5es Legais das Promo\u00e7\u00f5es no site da F\u00e1brica de Tintas 2000, S.A. - Tintas 2000\",\"isPartOf\":{\"@id\":\"https:\\\/\\\/tintas2000.pt\\\/home\\\/#website\"},\"primaryImageOfPage\":{\"@id\":\"https:\\\/\\\/tintas2000.pt\\\/home\\\/termos-e-condicoes-legais-das-promocoes-no-site-da-fabrica-de-tintas-2000-s-a\\\/#primaryimage\"},\"image\":{\"@id\":\"https:\\\/\\\/tintas2000.pt\\\/home\\\/termos-e-condicoes-legais-das-promocoes-no-site-da-fabrica-de-tintas-2000-s-a\\\/#primaryimage\"},\"thumbnailUrl\":\"https:\\\/\\\/tintas2000.pt\\\/home\\\/wp-content\\\/uploads\\\/2021\\\/07\\\/seta-esquerda-azul-e1645131689894.png\",\"datePublished\":\"2024-02-08T09:24:57+00:00\",\"dateModified\":\"2024-06-06T09:32:23+00:00\",\"breadcrumb\":{\"@id\":\"https:\\\/\\\/tintas2000.pt\\\/home\\\/termos-e-condicoes-legais-das-promocoes-no-site-da-fabrica-de-tintas-2000-s-a\\\/#breadcrumb\"},\"inLanguage\":\"pt-PT\",\"potentialAction\":[{\"@type\":\"ReadAction\",\"target\":[\"https:\\\/\\\/tintas2000.pt\\\/home\\\/termos-e-condicoes-legais-das-promocoes-no-site-da-fabrica-de-tintas-2000-s-a\\\/\"]}]},{\"@type\":\"ImageObject\",\"inLanguage\":\"pt-PT\",\"@id\":\"https:\\\/\\\/tintas2000.pt\\\/home\\\/termos-e-condicoes-legais-das-promocoes-no-site-da-fabrica-de-tintas-2000-s-a\\\/#primaryimage\",\"url\":\"https:\\\/\\\/tintas2000.pt\\\/home\\\/wp-content\\\/uploads\\\/2021\\\/07\\\/seta-esquerda-azul-e1645131689894.png\",\"contentUrl\":\"https:\\\/\\\/tintas2000.pt\\\/home\\\/wp-content\\\/uploads\\\/2021\\\/07\\\/seta-esquerda-azul-e1645131689894.png\",\"width\":50,\"height\":50},{\"@type\":\"BreadcrumbList\",\"@id\":\"https:\\\/\\\/tintas2000.pt\\\/home\\\/termos-e-condicoes-legais-das-promocoes-no-site-da-fabrica-de-tintas-2000-s-a\\\/#breadcrumb\",\"itemListElement\":[{\"@type\":\"ListItem\",\"position\":1,\"name\":\"In\u00edcio\",\"item\":\"https:\\\/\\\/tintas2000.pt\\\/home\\\/\"},{\"@type\":\"ListItem\",\"position\":2,\"name\":\"Termos e Condi\u00e7\u00f5es Legais das Promo\u00e7\u00f5es no site da F\u00e1brica de Tintas 2000, S.A.\"}]},{\"@type\":\"WebSite\",\"@id\":\"https:\\\/\\\/tintas2000.pt\\\/home\\\/#website\",\"url\":\"https:\\\/\\\/tintas2000.pt\\\/home\\\/\",\"name\":\"Tintas 2000\",\"description\":\"Tintas 2000\",\"potentialAction\":[{\"@type\":\"SearchAction\",\"target\":{\"@type\":\"EntryPoint\",\"urlTemplate\":\"https:\\\/\\\/tintas2000.pt\\\/home\\\/?s={search_term_string}\"},\"query-input\":{\"@type\":\"PropertyValueSpecification\",\"valueRequired\":true,\"valueName\":\"search_term_string\"}}],\"inLanguage\":\"pt-PT\"}]}<\/script>\n<!-- \/ Yoast SEO plugin. -->","yoast_head_json":{"title":"Termos e Condi\u00e7\u00f5es Legais das Promo\u00e7\u00f5es no site da F\u00e1brica de Tintas 2000, S.A. - Tintas 2000","robots":{"index":"index","follow":"follow","max-snippet":"max-snippet:-1","max-image-preview":"max-image-preview:large","max-video-preview":"max-video-preview:-1"},"canonical":"https:\/\/tintas2000.pt\/home\/termos-e-condicoes-legais-das-promocoes-no-site-da-fabrica-de-tintas-2000-s-a\/","og_locale":"pt_PT","og_type":"article","og_title":"Termos e Condi\u00e7\u00f5es Legais das Promo\u00e7\u00f5es no site da F\u00e1brica de Tintas 2000, S.A. - Tintas 2000","og_description":"Termos e Condi\u00e7\u00f5es das Promo\u00e7\u00f5es Voltar a HOME TINTAS 2000 &gt; TERMOS E CONDI\u00c7\u00d5ES DAS PROMO\u00c7\u00d5ES Vig\u00eancia das Promo\u00e7\u00f5es: Condi\u00e7\u00f5es Gerais: Aplicabilidade das Promo\u00e7\u00f5es:","og_url":"https:\/\/tintas2000.pt\/home\/termos-e-condicoes-legais-das-promocoes-no-site-da-fabrica-de-tintas-2000-s-a\/","og_site_name":"Tintas 2000","article_modified_time":"2024-06-06T09:32:23+00:00","og_image":[{"url":"https:\/\/tintas2000.pt\/home\/wp-content\/uploads\/2021\/07\/seta-esquerda-azul-e1645131689894.png","type":"","width":"","height":""}],"twitter_card":"summary_large_image","twitter_misc":{"Tempo estimado de leitura":"1 minuto"},"schema":{"@context":"https:\/\/schema.org","@graph":[{"@type":"WebPage","@id":"https:\/\/tintas2000.pt\/home\/termos-e-condicoes-legais-das-promocoes-no-site-da-fabrica-de-tintas-2000-s-a\/","url":"https:\/\/tintas2000.pt\/home\/termos-e-condicoes-legais-das-promocoes-no-site-da-fabrica-de-tintas-2000-s-a\/","name":"Termos e Condi\u00e7\u00f5es Legais das Promo\u00e7\u00f5es no site da F\u00e1brica de Tintas 2000, S.A. - Tintas 2000","isPartOf":{"@id":"https:\/\/tintas2000.pt\/home\/#website"},"primaryImageOfPage":{"@id":"https:\/\/tintas2000.pt\/home\/termos-e-condicoes-legais-das-promocoes-no-site-da-fabrica-de-tintas-2000-s-a\/#primaryimage"},"image":{"@id":"https:\/\/tintas2000.pt\/home\/termos-e-condicoes-legais-das-promocoes-no-site-da-fabrica-de-tintas-2000-s-a\/#primaryimage"},"thumbnailUrl":"https:\/\/tintas2000.pt\/home\/wp-content\/uploads\/2021\/07\/seta-esquerda-azul-e1645131689894.png","datePublished":"2024-02-08T09:24:57+00:00","dateModified":"2024-06-06T09:32:23+00:00","breadcrumb":{"@id":"https:\/\/tintas2000.pt\/home\/termos-e-condicoes-legais-das-promocoes-no-site-da-fabrica-de-tintas-2000-s-a\/#breadcrumb"},"inLanguage":"pt-PT","potentialAction":[{"@type":"ReadAction","target":["https:\/\/tintas2000.pt\/home\/termos-e-condicoes-legais-das-promocoes-no-site-da-fabrica-de-tintas-2000-s-a\/"]}]},{"@type":"ImageObject","inLanguage":"pt-PT","@id":"https:\/\/tintas2000.pt\/home\/termos-e-condicoes-legais-das-promocoes-no-site-da-fabrica-de-tintas-2000-s-a\/#primaryimage","url":"https:\/\/tintas2000.pt\/home\/wp-content\/uploads\/2021\/07\/seta-esquerda-azul-e1645131689894.png","contentUrl":"https:\/\/tintas2000.pt\/home\/wp-content\/uploads\/2021\/07\/seta-esquerda-azul-e1645131689894.png","width":50,"height":50},{"@type":"BreadcrumbList","@id":"https:\/\/tintas2000.pt\/home\/termos-e-condicoes-legais-das-promocoes-no-site-da-fabrica-de-tintas-2000-s-a\/#breadcrumb","itemListElement":[{"@type":"ListItem","position":1,"name":"In\u00edcio","item":"https:\/\/tintas2000.pt\/home\/"},{"@type":"ListItem","position":2,"name":"Termos e Condi\u00e7\u00f5es Legais das Promo\u00e7\u00f5es no site da F\u00e1brica de Tintas 2000, S.A."}]},{"@type":"WebSite","@id":"https:\/\/tintas2000.pt\/home\/#website","url":"https:\/\/tintas2000.pt\/home\/","name":"Tintas 2000","description":"Tintas 2000","potentialAction":[{"@type":"SearchAction","target":{"@type":"EntryPoint","urlTemplate":"https:\/\/tintas2000.pt\/home\/?s={search_term_string}"},"query-input":{"@type":"PropertyValueSpecification","valueRequired":true,"valueName":"search_term_string"}}],"inLanguage":"pt-PT"}]}},"_links":{"self":[{"href":"https:\/\/tintas2000.pt\/home\/wp-json\/wp\/v2\/pages\/42041","targetHints":{"allow":["GET"]}}],"collection":[{"href":"https:\/\/tintas2000.pt\/home\/wp-json\/wp\/v2\/pages"}],"about":[{"href":"https:\/\/tintas2000.pt\/home\/wp-json\/wp\/v2\/types\/page"}],"author":[{"embeddable":true,"href":"https:\/\/tintas2000.pt\/home\/wp-json\/wp\/v2\/users\/1"}],"replies":[{"embeddable":true,"href":"https:\/\/tintas2000.pt\/home\/wp-json\/wp\/v2\/comments?post=42041"}],"version-history":[{"count":0,"href":"https:\/\/tintas2000.pt\/home\/wp-json\/wp\/v2\/pages\/42041\/revisions"}],"wp:attachment":[{"href":"https:\/\/tintas2000.pt\/home\/wp-json\/wp\/v2\/media?parent=42041"}],"curies":[{"name":"wp","href":"https:\/\/api.w.org\/{rel}","templated":true}]}}