{"id":44263,"date":"2025-02-14T11:03:33","date_gmt":"2025-02-14T11:03:33","guid":{"rendered":"https:\/\/tintas2000.pt\/home\/?page_id=44263"},"modified":"2025-02-14T12:04:12","modified_gmt":"2025-02-14T12:04:12","slug":"canal-de-denuncia","status":"publish","type":"page","link":"https:\/\/tintas2000.pt\/home\/canal-de-denuncia\/","title":{"rendered":"Canal de Den\u00fancia"},"content":{"rendered":"\t\t<div data-elementor-type=\"wp-page\" data-elementor-id=\"44263\" class=\"elementor elementor-44263\" data-elementor-post-type=\"page\">\n\t\t\t\t\t\t<section class=\"elementor-section elementor-top-section elementor-element elementor-element-1d9626bf elementor-section-boxed elementor-section-height-default elementor-section-height-default\" data-id=\"1d9626bf\" data-element_type=\"section\" data-e-type=\"section\">\n\t\t\t\t\t\t<div class=\"elementor-container elementor-column-gap-default\">\n\t\t\t\t\t<div class=\"elementor-column elementor-col-100 elementor-top-column elementor-element elementor-element-50989d83\" data-id=\"50989d83\" data-element_type=\"column\" data-e-type=\"column\">\n\t\t\t<div class=\"elementor-widget-wrap elementor-element-populated\">\n\t\t\t\t\t\t<div class=\"elementor-element elementor-element-73fbc59a elementor-widget elementor-widget-heading\" data-id=\"73fbc59a\" data-element_type=\"widget\" data-e-type=\"widget\" data-widget_type=\"heading.default\">\n\t\t\t\t<div class=\"elementor-widget-container\">\n\t\t\t\t\t<h2 class=\"elementor-heading-title elementor-size-default\">CANAL DE DEN\u00daNCIA<\/h2>\t\t\t\t<\/div>\n\t\t\t\t<\/div>\n\t\t\t\t<section class=\"elementor-section elementor-inner-section elementor-element elementor-element-4fa18508 elementor-section-content-middle elementor-section-boxed elementor-section-height-default elementor-section-height-default\" data-id=\"4fa18508\" data-element_type=\"section\" data-e-type=\"section\">\n\t\t\t\t\t\t<div class=\"elementor-container elementor-column-gap-no\">\n\t\t\t\t\t<div class=\"elementor-column elementor-col-25 elementor-inner-column elementor-element elementor-element-45382291\" data-id=\"45382291\" data-element_type=\"column\" data-e-type=\"column\" data-settings=\"{&quot;background_background&quot;:&quot;classic&quot;}\">\n\t\t\t<div class=\"elementor-widget-wrap elementor-element-populated\">\n\t\t\t\t\t\t<div class=\"elementor-element elementor-element-37583551 elementor-widget elementor-widget-image\" data-id=\"37583551\" data-element_type=\"widget\" data-e-type=\"widget\" data-widget_type=\"image.default\">\n\t\t\t\t<div class=\"elementor-widget-container\">\n\t\t\t\t\t\t\t\t\t\t\t\t\t\t\t\t<a href=\"https:\/\/tintas2000.pt\/home\/\">\n\t\t\t\t\t\t\t<img decoding=\"async\" width=\"50\" height=\"50\" src=\"https:\/\/tintas2000.pt\/home\/wp-content\/uploads\/2021\/07\/seta-esquerda-azul-e1645131689894.png\" class=\"attachment-large size-large wp-image-26053\" alt=\"\" \/>\t\t\t\t\t\t\t\t<\/a>\n\t\t\t\t\t\t\t\t\t\t\t\t\t\t\t<\/div>\n\t\t\t\t<\/div>\n\t\t\t\t\t<\/div>\n\t\t<\/div>\n\t\t\t\t<div class=\"elementor-column elementor-col-25 elementor-inner-column elementor-element elementor-element-48244737\" data-id=\"48244737\" data-element_type=\"column\" data-e-type=\"column\">\n\t\t\t<div class=\"elementor-widget-wrap elementor-element-populated\">\n\t\t\t\t\t\t<div class=\"elementor-element elementor-element-21affec4 elementor-mobile-align-center elementor-widget elementor-widget-button\" data-id=\"21affec4\" data-element_type=\"widget\" data-e-type=\"widget\" data-widget_type=\"button.default\">\n\t\t\t\t<div class=\"elementor-widget-container\">\n\t\t\t\t\t\t\t\t\t<div class=\"elementor-button-wrapper\">\n\t\t\t\t\t<a class=\"elementor-button elementor-button-link elementor-size-sm\" href=\"https:\/\/tintas2000.pt\/home\/\">\n\t\t\t\t\t\t<span class=\"elementor-button-content-wrapper\">\n\t\t\t\t\t\t\t\t\t<span class=\"elementor-button-text\">Voltar a HOME<\/span>\n\t\t\t\t\t<\/span>\n\t\t\t\t\t<\/a>\n\t\t\t\t<\/div>\n\t\t\t\t\t\t\t\t<\/div>\n\t\t\t\t<\/div>\n\t\t\t\t\t<\/div>\n\t\t<\/div>\n\t\t\t\t<div class=\"elementor-column elementor-col-25 elementor-inner-column elementor-element elementor-element-65dd5ec\" data-id=\"65dd5ec\" data-element_type=\"column\" data-e-type=\"column\">\n\t\t\t<div class=\"elementor-widget-wrap elementor-element-populated\">\n\t\t\t\t\t\t<div class=\"elementor-element elementor-element-6acd8677 elementor-widget elementor-widget-text-editor\" data-id=\"6acd8677\" data-element_type=\"widget\" data-e-type=\"widget\" data-widget_type=\"text-editor.default\">\n\t\t\t\t<div class=\"elementor-widget-container\">\n\t\t\t\t\t\t\t\t\t<p>TINTAS 2000 &gt; CANAL DE DEN\u00daNCIA<\/p>\t\t\t\t\t\t\t\t<\/div>\n\t\t\t\t<\/div>\n\t\t\t\t\t<\/div>\n\t\t<\/div>\n\t\t\t\t<div class=\"elementor-column elementor-col-25 elementor-inner-column elementor-element elementor-element-1c26a2e1\" data-id=\"1c26a2e1\" data-element_type=\"column\" data-e-type=\"column\">\n\t\t\t<div class=\"elementor-widget-wrap\">\n\t\t\t\t\t\t\t<\/div>\n\t\t<\/div>\n\t\t\t\t\t<\/div>\n\t\t<\/section>\n\t\t\t\t\t<\/div>\n\t\t<\/div>\n\t\t\t\t\t<\/div>\n\t\t<\/section>\n\t\t<div class=\"elementor-element elementor-element-df1a703 e-flex e-con-boxed e-con e-parent\" data-id=\"df1a703\" data-element_type=\"container\" data-e-type=\"container\">\n\t\t\t\t\t<div class=\"e-con-inner\">\n\t\t\t\t<div class=\"elementor-element elementor-element-d684ba3 elementor-widget elementor-widget-text-editor\" data-id=\"d684ba3\" data-element_type=\"widget\" data-e-type=\"widget\" data-widget_type=\"text-editor.default\">\n\t\t\t\t<div class=\"elementor-widget-container\">\n\t\t\t\t\t\t\t\t\t<p style=\"text-align: center;\">Aqui poder\u00e1 denunciar de forma segura infra\u00e7\u00f5es e atos de corrup\u00e7\u00e3o ou infra\u00e7\u00f5es conexas nos termos previstos no Regime Geral de Prote\u00e7\u00e3o de Denunciantes de Infra\u00e7\u00f5es, aprovado pela Lei n.\u00ba 93\/2021, de 20 de dezembro, bem como no Regime Geral de Preven\u00e7\u00e3o da Corrup\u00e7\u00e3o, aprovado pelo Decreto-Lei n.\u00ba 109-E\/2021, de 9 de dezembro.<\/p>\n<p style=\"text-align: center;\"><strong>O que \u00e9 o canal de den\u00fancias?\u2028 <\/strong>\n\n<p style=\"text-align: center;\">O canal de den\u00fancia \u00e9 uma plataforma online para registo e tratamento de den\u00fancias, sendo um instrumento essencial para o despiste de todo o tipo de irregularidades de corrup\u00e7\u00e3o e infra\u00e7\u00f5es conexas.<\/p>\n<p style=\"text-align: center;\"><strong>O que pode ser denunciado?\u2028<\/strong>\n\n<p style=\"text-align: center;\">Ser\u00e3o consideradas, nomeadamente, as den\u00fancias relativas a factos relacionados com atos de corrup\u00e7\u00e3o e infra\u00e7\u00f5es conexas, ou com quaisquer irregularidades ou ilegalidades praticadas na F\u00e1brica de Tintas 2000, S.A..\nEntende-se por corrup\u00e7\u00e3o e infra\u00e7\u00f5es conexas os crimes de corrup\u00e7\u00e3o ativa e passiva, recebimento e oferta indevidos de vantagem, peculato, participa\u00e7\u00e3o econ\u00f3mica em neg\u00f3cio, concuss\u00e3o, abuso de poder, prevarica\u00e7\u00e3o, tr\u00e1fico de influ\u00eancia, branqueamento ou fraude na obten\u00e7\u00e3o ou desvio de subs\u00eddio, subven\u00e7\u00e3o ou cr\u00e9dito.<\/p>\n<p style=\"text-align: center;\"><strong>Quais s\u00e3o os elementos essenciais da den\u00fancia?<\/strong><\/p>\n<p style=\"text-align: center;\">A den\u00fancia deve assegurar essencialmente os seguintes elementos:<\/p>\n\n<ol>\n \t<li style=\"text-align: center;\">Uma breve, objetiva e clara descri\u00e7\u00e3o dos factos objeto da den\u00fancia;<\/li>\n \t<li style=\"text-align: center;\">Indica\u00e7\u00e3o dos locais e datas de ocorr\u00eancia dos factos;<\/li>\n \t<li style=\"text-align: center;\">Quem est\u00e1 envolvido nos factos com indica\u00e7\u00e3o da(s) identidade(s) e fun\u00e7\u00f5es das pessoas envolvidas por suspei\u00e7\u00e3o ou autoria e quem mais conhece os factos (potenciais testemunhas);<\/li>\n \t<li style=\"text-align: center;\">Envio dos elementos de prova dos factos denunciados ou forma de os obter.<\/li>\n<\/ol>\n<BR>\n<p style=\"text-align: center;\"><strong>Como ser\u00e1 tratada a den\u00fancia apresentada?<\/strong><\/p>\n<p style=\"text-align: center;\">As den\u00fancias apresentadas ser\u00e3o objeto de an\u00e1lise t\u00e9cnica pelo gestor do canal de den\u00fancias que poder\u00e1:<\/p>\n\n<ol>\n \t<li style=\"text-align: center;\">Arquivar por aus\u00eancia de il\u00edcito ou falta de elementos de prova que permitam o prosseguimento da investiga\u00e7\u00e3o;<\/li>\n \t<li style=\"text-align: center;\">Encaminhar a den\u00fancia para departamento interno ou para entidades externas competentes (administrativas, de investiga\u00e7\u00e3o ou judiciais);<\/li>\n<\/ol>\n<p style=\"text-align: center;\"><strong>Que prote\u00e7\u00e3o \u00e9 concedida ao denunciante?\u2028<\/strong>\n\n<p style=\"text-align: center;\">A confidencialidade sobre a identidade do denunciante \u00e9 garantida, nos termos do artigo 18.\u00ba da Lei n.\u00ba 93\/2021, de 20 de dezembro, salvo obriga\u00e7\u00e3o legal ou decis\u00e3o judicial.\u2028 No tratamento dos dados pessoais do denunciante ser\u00e1 observado o disposto no artigo 19.\u00ba da Lei n.\u00ba 93\/2021, de 20 de dezembro.\u2028 O denunciante beneficia das medidas de prote\u00e7\u00e3o e de apoio e, bem assim, das garantias previstas, respetivamente, nos artigos 22.\u00ba e 23.\u00ba da Lei n.\u00ba 93\/2021, de 20 de dezembro.\u2028 O denunciante beneficia ainda do regime de responsabilidade previsto no artigo 24.\u00ba da Lei n.\u00ba 93\/2021, de 20 de dezembro.\t\t\t\t\t\t\t\t<\/div>\n\t\t\t\t<\/div>\n\t\t\t\t\t<\/div>\n\t\t\t\t<\/div>\n\t\t<div class=\"elementor-element elementor-element-071f6d8 e-flex e-con-boxed e-con e-parent\" data-id=\"071f6d8\" data-element_type=\"container\" data-e-type=\"container\">\n\t\t\t\t\t<div class=\"e-con-inner\">\n\t\t<div class=\"elementor-element elementor-element-0df0d59 e-con-full e-flex e-con e-child\" data-id=\"0df0d59\" data-element_type=\"container\" data-e-type=\"container\">\n\t\t\t\t<div class=\"elementor-element elementor-element-f745051 elementor-align-justify elementor-widget elementor-widget-button\" data-id=\"f745051\" data-element_type=\"widget\" data-e-type=\"widget\" data-widget_type=\"button.default\">\n\t\t\t\t<div class=\"elementor-widget-container\">\n\t\t\t\t\t\t\t\t\t<div class=\"elementor-button-wrapper\">\n\t\t\t\t\t<a class=\"elementor-button elementor-button-link elementor-size-sm\" href=\"https:\/\/tintas2000.pt\/home\/canal-de-denuncia-passo-2\/\" target=\"_blank\">\n\t\t\t\t\t\t<span class=\"elementor-button-content-wrapper\">\n\t\t\t\t\t\t\t\t\t<span class=\"elementor-button-text\">FAZER UMA DEN\u00daNCIA<\/span>\n\t\t\t\t\t<\/span>\n\t\t\t\t\t<\/a>\n\t\t\t\t<\/div>\n\t\t\t\t\t\t\t\t<\/div>\n\t\t\t\t<\/div>\n\t\t\t\t<\/div>\n\t\t<div class=\"elementor-element elementor-element-a5e3c95 e-con-full e-flex e-con e-child\" data-id=\"a5e3c95\" data-element_type=\"container\" data-e-type=\"container\">\n\t\t\t\t<div class=\"elementor-element elementor-element-f83a864 elementor-align-justify elementor-widget elementor-widget-button\" data-id=\"f83a864\" data-element_type=\"widget\" data-e-type=\"widget\" data-widget_type=\"button.default\">\n\t\t\t\t<div class=\"elementor-widget-container\">\n\t\t\t\t\t\t\t\t\t<div class=\"elementor-button-wrapper\">\n\t\t\t\t\t<a class=\"elementor-button elementor-button-link elementor-size-sm\" href=\"#\" target=\"_blank\">\n\t\t\t\t\t\t<span class=\"elementor-button-content-wrapper\">\n\t\t\t\t\t\t\t\t\t<span class=\"elementor-button-text\">ACOMPANHAR O ESTADO DA DEN\u00daNCIA<\/span>\n\t\t\t\t\t<\/span>\n\t\t\t\t\t<\/a>\n\t\t\t\t<\/div>\n\t\t\t\t\t\t\t\t<\/div>\n\t\t\t\t<\/div>\n\t\t\t\t<\/div>\n\t\t\t\t\t<\/div>\n\t\t\t\t<\/div>\n\t\t\t\t<\/div>\n\t\t","protected":false},"excerpt":{"rendered":"<p>CANAL DE DEN\u00daNCIA Voltar a HOME TINTAS 2000 &gt; CANAL DE DEN\u00daNCIA Aqui poder\u00e1 denunciar de forma segura infra\u00e7\u00f5es e atos de corrup\u00e7\u00e3o ou infra\u00e7\u00f5es conexas nos termos previstos no Regime Geral de Prote\u00e7\u00e3o de Denunciantes de Infra\u00e7\u00f5es, aprovado pela Lei n.\u00ba 93\/2021, de 20 de dezembro, bem como no Regime Geral de Preven\u00e7\u00e3o da [&hellip;]<\/p>\n","protected":false},"author":1,"featured_media":0,"parent":0,"menu_order":0,"comment_status":"closed","ping_status":"closed","template":"","meta":{"_acf_changed":false,"footnotes":""},"class_list":["post-44263","page","type-page","status-publish","hentry"],"acf":[],"yoast_head":"<!-- This site is optimized with the Yoast SEO plugin v27.5 - https:\/\/yoast.com\/product\/yoast-seo-wordpress\/ -->\n<title>Canal de Den\u00fancia - Tintas 2000<\/title>\n<meta name=\"robots\" content=\"index, follow, max-snippet:-1, max-image-preview:large, max-video-preview:-1\" \/>\n<link rel=\"canonical\" href=\"https:\/\/tintas2000.pt\/home\/canal-de-denuncia\/\" \/>\n<meta property=\"og:locale\" content=\"pt_PT\" \/>\n<meta property=\"og:type\" content=\"article\" \/>\n<meta property=\"og:title\" content=\"Canal de Den\u00fancia - Tintas 2000\" \/>\n<meta property=\"og:description\" content=\"CANAL DE DEN\u00daNCIA Voltar a HOME TINTAS 2000 &gt; CANAL DE DEN\u00daNCIA Aqui poder\u00e1 denunciar de forma segura infra\u00e7\u00f5es e atos de corrup\u00e7\u00e3o ou infra\u00e7\u00f5es conexas nos termos previstos no Regime Geral de Prote\u00e7\u00e3o de Denunciantes de Infra\u00e7\u00f5es, aprovado pela Lei n.\u00ba 93\/2021, de 20 de dezembro, bem como no Regime Geral de Preven\u00e7\u00e3o da [&hellip;]\" \/>\n<meta property=\"og:url\" content=\"https:\/\/tintas2000.pt\/home\/canal-de-denuncia\/\" \/>\n<meta property=\"og:site_name\" content=\"Tintas 2000\" \/>\n<meta property=\"article:modified_time\" content=\"2025-02-14T12:04:12+00:00\" \/>\n<meta property=\"og:image\" content=\"https:\/\/tintas2000.pt\/home\/wp-content\/uploads\/2021\/07\/seta-esquerda-azul-e1645131689894.png\" \/>\n\t<meta property=\"og:image:width\" content=\"50\" \/>\n\t<meta property=\"og:image:height\" content=\"50\" \/>\n\t<meta property=\"og:image:type\" content=\"image\/png\" \/>\n<meta name=\"twitter:card\" content=\"summary_large_image\" \/>\n<meta name=\"twitter:label1\" content=\"Tempo estimado de leitura\" \/>\n\t<meta name=\"twitter:data1\" content=\"2 minutos\" \/>\n<script type=\"application\/ld+json\" class=\"yoast-schema-graph\">{\"@context\":\"https:\\\/\\\/schema.org\",\"@graph\":[{\"@type\":\"WebPage\",\"@id\":\"https:\\\/\\\/tintas2000.pt\\\/home\\\/canal-de-denuncia\\\/\",\"url\":\"https:\\\/\\\/tintas2000.pt\\\/home\\\/canal-de-denuncia\\\/\",\"name\":\"Canal de Den\u00fancia - Tintas 2000\",\"isPartOf\":{\"@id\":\"https:\\\/\\\/tintas2000.pt\\\/home\\\/#website\"},\"primaryImageOfPage\":{\"@id\":\"https:\\\/\\\/tintas2000.pt\\\/home\\\/canal-de-denuncia\\\/#primaryimage\"},\"image\":{\"@id\":\"https:\\\/\\\/tintas2000.pt\\\/home\\\/canal-de-denuncia\\\/#primaryimage\"},\"thumbnailUrl\":\"https:\\\/\\\/tintas2000.pt\\\/home\\\/wp-content\\\/uploads\\\/2021\\\/07\\\/seta-esquerda-azul-e1645131689894.png\",\"datePublished\":\"2025-02-14T11:03:33+00:00\",\"dateModified\":\"2025-02-14T12:04:12+00:00\",\"breadcrumb\":{\"@id\":\"https:\\\/\\\/tintas2000.pt\\\/home\\\/canal-de-denuncia\\\/#breadcrumb\"},\"inLanguage\":\"pt-PT\",\"potentialAction\":[{\"@type\":\"ReadAction\",\"target\":[\"https:\\\/\\\/tintas2000.pt\\\/home\\\/canal-de-denuncia\\\/\"]}]},{\"@type\":\"ImageObject\",\"inLanguage\":\"pt-PT\",\"@id\":\"https:\\\/\\\/tintas2000.pt\\\/home\\\/canal-de-denuncia\\\/#primaryimage\",\"url\":\"https:\\\/\\\/tintas2000.pt\\\/home\\\/wp-content\\\/uploads\\\/2021\\\/07\\\/seta-esquerda-azul-e1645131689894.png\",\"contentUrl\":\"https:\\\/\\\/tintas2000.pt\\\/home\\\/wp-content\\\/uploads\\\/2021\\\/07\\\/seta-esquerda-azul-e1645131689894.png\",\"width\":50,\"height\":50},{\"@type\":\"BreadcrumbList\",\"@id\":\"https:\\\/\\\/tintas2000.pt\\\/home\\\/canal-de-denuncia\\\/#breadcrumb\",\"itemListElement\":[{\"@type\":\"ListItem\",\"position\":1,\"name\":\"In\u00edcio\",\"item\":\"https:\\\/\\\/tintas2000.pt\\\/home\\\/\"},{\"@type\":\"ListItem\",\"position\":2,\"name\":\"Canal de Den\u00fancia\"}]},{\"@type\":\"WebSite\",\"@id\":\"https:\\\/\\\/tintas2000.pt\\\/home\\\/#website\",\"url\":\"https:\\\/\\\/tintas2000.pt\\\/home\\\/\",\"name\":\"Tintas 2000\",\"description\":\"Tintas 2000\",\"potentialAction\":[{\"@type\":\"SearchAction\",\"target\":{\"@type\":\"EntryPoint\",\"urlTemplate\":\"https:\\\/\\\/tintas2000.pt\\\/home\\\/?s={search_term_string}\"},\"query-input\":{\"@type\":\"PropertyValueSpecification\",\"valueRequired\":true,\"valueName\":\"search_term_string\"}}],\"inLanguage\":\"pt-PT\"}]}<\/script>\n<!-- \/ Yoast SEO plugin. -->","yoast_head_json":{"title":"Canal de Den\u00fancia - Tintas 2000","robots":{"index":"index","follow":"follow","max-snippet":"max-snippet:-1","max-image-preview":"max-image-preview:large","max-video-preview":"max-video-preview:-1"},"canonical":"https:\/\/tintas2000.pt\/home\/canal-de-denuncia\/","og_locale":"pt_PT","og_type":"article","og_title":"Canal de Den\u00fancia - Tintas 2000","og_description":"CANAL DE DEN\u00daNCIA Voltar a HOME TINTAS 2000 &gt; CANAL DE DEN\u00daNCIA Aqui poder\u00e1 denunciar de forma segura infra\u00e7\u00f5es e atos de corrup\u00e7\u00e3o ou infra\u00e7\u00f5es conexas nos termos previstos no Regime Geral de Prote\u00e7\u00e3o de Denunciantes de Infra\u00e7\u00f5es, aprovado pela Lei n.\u00ba 93\/2021, de 20 de dezembro, bem como no Regime Geral de Preven\u00e7\u00e3o da [&hellip;]","og_url":"https:\/\/tintas2000.pt\/home\/canal-de-denuncia\/","og_site_name":"Tintas 2000","article_modified_time":"2025-02-14T12:04:12+00:00","og_image":[{"width":50,"height":50,"url":"https:\/\/tintas2000.pt\/home\/wp-content\/uploads\/2021\/07\/seta-esquerda-azul-e1645131689894.png","type":"image\/png"}],"twitter_card":"summary_large_image","twitter_misc":{"Tempo estimado de leitura":"2 minutos"},"schema":{"@context":"https:\/\/schema.org","@graph":[{"@type":"WebPage","@id":"https:\/\/tintas2000.pt\/home\/canal-de-denuncia\/","url":"https:\/\/tintas2000.pt\/home\/canal-de-denuncia\/","name":"Canal de Den\u00fancia - Tintas 2000","isPartOf":{"@id":"https:\/\/tintas2000.pt\/home\/#website"},"primaryImageOfPage":{"@id":"https:\/\/tintas2000.pt\/home\/canal-de-denuncia\/#primaryimage"},"image":{"@id":"https:\/\/tintas2000.pt\/home\/canal-de-denuncia\/#primaryimage"},"thumbnailUrl":"https:\/\/tintas2000.pt\/home\/wp-content\/uploads\/2021\/07\/seta-esquerda-azul-e1645131689894.png","datePublished":"2025-02-14T11:03:33+00:00","dateModified":"2025-02-14T12:04:12+00:00","breadcrumb":{"@id":"https:\/\/tintas2000.pt\/home\/canal-de-denuncia\/#breadcrumb"},"inLanguage":"pt-PT","potentialAction":[{"@type":"ReadAction","target":["https:\/\/tintas2000.pt\/home\/canal-de-denuncia\/"]}]},{"@type":"ImageObject","inLanguage":"pt-PT","@id":"https:\/\/tintas2000.pt\/home\/canal-de-denuncia\/#primaryimage","url":"https:\/\/tintas2000.pt\/home\/wp-content\/uploads\/2021\/07\/seta-esquerda-azul-e1645131689894.png","contentUrl":"https:\/\/tintas2000.pt\/home\/wp-content\/uploads\/2021\/07\/seta-esquerda-azul-e1645131689894.png","width":50,"height":50},{"@type":"BreadcrumbList","@id":"https:\/\/tintas2000.pt\/home\/canal-de-denuncia\/#breadcrumb","itemListElement":[{"@type":"ListItem","position":1,"name":"In\u00edcio","item":"https:\/\/tintas2000.pt\/home\/"},{"@type":"ListItem","position":2,"name":"Canal de Den\u00fancia"}]},{"@type":"WebSite","@id":"https:\/\/tintas2000.pt\/home\/#website","url":"https:\/\/tintas2000.pt\/home\/","name":"Tintas 2000","description":"Tintas 2000","potentialAction":[{"@type":"SearchAction","target":{"@type":"EntryPoint","urlTemplate":"https:\/\/tintas2000.pt\/home\/?s={search_term_string}"},"query-input":{"@type":"PropertyValueSpecification","valueRequired":true,"valueName":"search_term_string"}}],"inLanguage":"pt-PT"}]}},"_links":{"self":[{"href":"https:\/\/tintas2000.pt\/home\/wp-json\/wp\/v2\/pages\/44263","targetHints":{"allow":["GET"]}}],"collection":[{"href":"https:\/\/tintas2000.pt\/home\/wp-json\/wp\/v2\/pages"}],"about":[{"href":"https:\/\/tintas2000.pt\/home\/wp-json\/wp\/v2\/types\/page"}],"author":[{"embeddable":true,"href":"https:\/\/tintas2000.pt\/home\/wp-json\/wp\/v2\/users\/1"}],"replies":[{"embeddable":true,"href":"https:\/\/tintas2000.pt\/home\/wp-json\/wp\/v2\/comments?post=44263"}],"version-history":[{"count":22,"href":"https:\/\/tintas2000.pt\/home\/wp-json\/wp\/v2\/pages\/44263\/revisions"}],"predecessor-version":[{"id":44308,"href":"https:\/\/tintas2000.pt\/home\/wp-json\/wp\/v2\/pages\/44263\/revisions\/44308"}],"wp:attachment":[{"href":"https:\/\/tintas2000.pt\/home\/wp-json\/wp\/v2\/media?parent=44263"}],"curies":[{"name":"wp","href":"https:\/\/api.w.org\/{rel}","templated":true}]}}