{"id":44279,"date":"2025-02-14T11:27:53","date_gmt":"2025-02-14T11:27:53","guid":{"rendered":"https:\/\/tintas2000.pt\/home\/?page_id=44279"},"modified":"2025-02-14T12:14:40","modified_gmt":"2025-02-14T12:14:40","slug":"canal-de-denuncia-passo-2","status":"publish","type":"page","link":"https:\/\/tintas2000.pt\/home\/canal-de-denuncia-passo-2\/","title":{"rendered":"Canal de Den\u00fancia"},"content":{"rendered":"\t\t<div data-elementor-type=\"wp-page\" data-elementor-id=\"44279\" class=\"elementor elementor-44279\" data-elementor-post-type=\"page\">\n\t\t\t\t\t\t<section class=\"elementor-section elementor-top-section elementor-element elementor-element-1d9626bf elementor-section-boxed elementor-section-height-default elementor-section-height-default\" data-id=\"1d9626bf\" data-element_type=\"section\" data-e-type=\"section\">\n\t\t\t\t\t\t<div class=\"elementor-container elementor-column-gap-default\">\n\t\t\t\t\t<div class=\"elementor-column elementor-col-100 elementor-top-column elementor-element elementor-element-50989d83\" data-id=\"50989d83\" data-element_type=\"column\" data-e-type=\"column\">\n\t\t\t<div class=\"elementor-widget-wrap elementor-element-populated\">\n\t\t\t\t\t\t<div class=\"elementor-element elementor-element-73fbc59a elementor-widget elementor-widget-heading\" data-id=\"73fbc59a\" data-element_type=\"widget\" data-e-type=\"widget\" data-widget_type=\"heading.default\">\n\t\t\t\t<div class=\"elementor-widget-container\">\n\t\t\t\t\t<h2 class=\"elementor-heading-title elementor-size-default\">CANAL DE DEN\u00daNCIA<\/h2>\t\t\t\t<\/div>\n\t\t\t\t<\/div>\n\t\t\t\t<section class=\"elementor-section elementor-inner-section elementor-element elementor-element-4fa18508 elementor-section-content-middle elementor-section-boxed elementor-section-height-default elementor-section-height-default\" data-id=\"4fa18508\" data-element_type=\"section\" data-e-type=\"section\">\n\t\t\t\t\t\t<div class=\"elementor-container elementor-column-gap-no\">\n\t\t\t\t\t<div class=\"elementor-column elementor-col-25 elementor-inner-column elementor-element elementor-element-45382291\" data-id=\"45382291\" data-element_type=\"column\" data-e-type=\"column\" data-settings=\"{&quot;background_background&quot;:&quot;classic&quot;}\">\n\t\t\t<div class=\"elementor-widget-wrap elementor-element-populated\">\n\t\t\t\t\t\t<div class=\"elementor-element elementor-element-37583551 elementor-widget elementor-widget-image\" data-id=\"37583551\" data-element_type=\"widget\" data-e-type=\"widget\" data-widget_type=\"image.default\">\n\t\t\t\t<div class=\"elementor-widget-container\">\n\t\t\t\t\t\t\t\t\t\t\t\t\t\t\t\t<a href=\"https:\/\/tintas2000.pt\/home\/\">\n\t\t\t\t\t\t\t<img decoding=\"async\" width=\"50\" height=\"50\" src=\"https:\/\/tintas2000.pt\/home\/wp-content\/uploads\/2021\/07\/seta-esquerda-azul-e1645131689894.png\" class=\"attachment-large size-large wp-image-26053\" alt=\"\" \/>\t\t\t\t\t\t\t\t<\/a>\n\t\t\t\t\t\t\t\t\t\t\t\t\t\t\t<\/div>\n\t\t\t\t<\/div>\n\t\t\t\t\t<\/div>\n\t\t<\/div>\n\t\t\t\t<div class=\"elementor-column elementor-col-25 elementor-inner-column elementor-element elementor-element-48244737\" data-id=\"48244737\" data-element_type=\"column\" data-e-type=\"column\">\n\t\t\t<div class=\"elementor-widget-wrap elementor-element-populated\">\n\t\t\t\t\t\t<div class=\"elementor-element elementor-element-21affec4 elementor-mobile-align-center elementor-widget elementor-widget-button\" data-id=\"21affec4\" data-element_type=\"widget\" data-e-type=\"widget\" data-widget_type=\"button.default\">\n\t\t\t\t<div class=\"elementor-widget-container\">\n\t\t\t\t\t\t\t\t\t<div class=\"elementor-button-wrapper\">\n\t\t\t\t\t<a class=\"elementor-button elementor-button-link elementor-size-sm\" href=\"https:\/\/tintas2000.pt\/home\/\">\n\t\t\t\t\t\t<span class=\"elementor-button-content-wrapper\">\n\t\t\t\t\t\t\t\t\t<span class=\"elementor-button-text\">Voltar a HOME<\/span>\n\t\t\t\t\t<\/span>\n\t\t\t\t\t<\/a>\n\t\t\t\t<\/div>\n\t\t\t\t\t\t\t\t<\/div>\n\t\t\t\t<\/div>\n\t\t\t\t\t<\/div>\n\t\t<\/div>\n\t\t\t\t<div class=\"elementor-column elementor-col-25 elementor-inner-column elementor-element elementor-element-65dd5ec\" data-id=\"65dd5ec\" data-element_type=\"column\" data-e-type=\"column\">\n\t\t\t<div class=\"elementor-widget-wrap elementor-element-populated\">\n\t\t\t\t\t\t<div class=\"elementor-element elementor-element-6acd8677 elementor-widget elementor-widget-text-editor\" data-id=\"6acd8677\" data-element_type=\"widget\" data-e-type=\"widget\" data-widget_type=\"text-editor.default\">\n\t\t\t\t<div class=\"elementor-widget-container\">\n\t\t\t\t\t\t\t\t\t<p>TINTAS 2000 &gt; CANAL DE DEN\u00daNCIA<\/p>\t\t\t\t\t\t\t\t<\/div>\n\t\t\t\t<\/div>\n\t\t\t\t\t<\/div>\n\t\t<\/div>\n\t\t\t\t<div class=\"elementor-column elementor-col-25 elementor-inner-column elementor-element elementor-element-1c26a2e1\" data-id=\"1c26a2e1\" data-element_type=\"column\" data-e-type=\"column\">\n\t\t\t<div class=\"elementor-widget-wrap\">\n\t\t\t\t\t\t\t<\/div>\n\t\t<\/div>\n\t\t\t\t\t<\/div>\n\t\t<\/section>\n\t\t\t\t\t<\/div>\n\t\t<\/div>\n\t\t\t\t\t<\/div>\n\t\t<\/section>\n\t\t<div class=\"elementor-element elementor-element-df1a703 e-flex e-con-boxed e-con e-parent\" data-id=\"df1a703\" data-element_type=\"container\" data-e-type=\"container\">\n\t\t\t\t\t<div class=\"e-con-inner\">\n\t\t\t\t<div class=\"elementor-element elementor-element-d684ba3 elementor-widget elementor-widget-text-editor\" data-id=\"d684ba3\" data-element_type=\"widget\" data-e-type=\"widget\" data-widget_type=\"text-editor.default\">\n\t\t\t\t<div class=\"elementor-widget-container\">\n\t\t\t\t\t\t\t\t\t<p style=\"text-align: center;\"><strong>Direitos e deveres do\/a Denunciante<\/strong><br \/>Atrav\u00e9s deste canal pode partilhar de forma an\u00f3nima e\/ou confidencial o seu conhecimento ou suspeita de uma irregularidade, ilegalidade ou pr\u00e1tica de um crime na sua organiza\u00e7\u00e3o.\u2028\u2028 Encorajamos a den\u00fancia de todos os factos ou situa\u00e7\u00f5es irregulares, ilegais ou il\u00edcitas pois representam um dever \u00e9tico, profissional e de cidadania, valores importantes desta organiza\u00e7\u00e3o.<br \/>\u00a0<br \/>Desta forma, est\u00e1 a contribuir para que a organiza\u00e7\u00e3o se torne mais segura, justa e transparente.\u2028\u2028 Todos\/as os\/as utilizadores\/as deste canal est\u00e3o protegidos\/as por lei, proibindo qualquer tipo de retalia\u00e7\u00e3o, assegurando o anonimato (quando desejado) e\/ou a confidencialidade.<br \/>\u00a0<br \/>A seguran\u00e7a da informa\u00e7\u00e3o partilhada \u00e9 garantida e s\u00f3 as pessoas exclusivamente designadas pela organiza\u00e7\u00e3o e previstas por lei ter\u00e3o acesso \u00e0 mesma.\u2028\u2028 As den\u00fancias devem ser efetuadas de boa-f\u00e9.<br \/>\u00a0<br \/>A utiliza\u00e7\u00e3o indevida e\/ou a presta\u00e7\u00e3o de declara\u00e7\u00f5es falsas \u00e9 grave e compromete o prop\u00f3sito deste canal, podendo resultar em san\u00e7\u00f5es.\u2028\u2028 Recomendamos que aceda regularmente ao seu registo, para verificar o estado do mesmo ou para prestar algum tipo de esclarecimento que seja solicitado pelo\/a gestor\/a de den\u00fancias.\u2028\u2028 Se entender disponibilizar algum dado pessoal, que permita a sua identifica\u00e7\u00e3o, poder\u00e1 posteriormente exercer os seus direitos de prote\u00e7\u00e3o de dados.<br \/>\u00a0<br \/>Clique aqui e aceda \u00e0 nossa Politica de Privacidade.\u2028\u2028 Caso tenha motivos razo\u00e1veis para crer que a den\u00fancia n\u00e3o pode ser corretamente analisada ou resolvida dentro da organiza\u00e7\u00e3o, ou que existe risco de retalia\u00e7\u00e3o, pode recorrer a canais alternativos nomeadamente contatar as Autoridades Competentes para o efeito.<\/p>\t\t\t\t\t\t\t\t<\/div>\n\t\t\t\t<\/div>\n\t\t\t\t\t<\/div>\n\t\t\t\t<\/div>\n\t\t<div class=\"elementor-element elementor-element-071f6d8 e-flex e-con-boxed e-con e-parent\" data-id=\"071f6d8\" data-element_type=\"container\" data-e-type=\"container\">\n\t\t\t\t\t<div class=\"e-con-inner\">\n\t\t<div class=\"elementor-element elementor-element-0df0d59 e-con-full e-flex e-con e-child\" data-id=\"0df0d59\" data-element_type=\"container\" data-e-type=\"container\">\n\t\t\t\t<div class=\"elementor-element elementor-element-f745051 elementor-align-justify elementor-widget elementor-widget-button\" data-id=\"f745051\" data-element_type=\"widget\" data-e-type=\"widget\" data-widget_type=\"button.default\">\n\t\t\t\t<div class=\"elementor-widget-container\">\n\t\t\t\t\t\t\t\t\t<div class=\"elementor-button-wrapper\">\n\t\t\t\t\t<a class=\"elementor-button elementor-button-link elementor-size-sm\" href=\"https:\/\/tintas2000.pt\/home\/canal-de-denuncia-formulario\/\" target=\"_blank\">\n\t\t\t\t\t\t<span class=\"elementor-button-content-wrapper\">\n\t\t\t\t\t\t\t\t\t<span class=\"elementor-button-text\">CONTINUAR<\/span>\n\t\t\t\t\t<\/span>\n\t\t\t\t\t<\/a>\n\t\t\t\t<\/div>\n\t\t\t\t\t\t\t\t<\/div>\n\t\t\t\t<\/div>\n\t\t\t\t<\/div>\n\t\t<div class=\"elementor-element elementor-element-a5e3c95 e-con-full e-flex e-con e-child\" data-id=\"a5e3c95\" data-element_type=\"container\" data-e-type=\"container\">\n\t\t\t\t<div class=\"elementor-element elementor-element-f83a864 elementor-align-justify elementor-widget elementor-widget-button\" data-id=\"f83a864\" data-element_type=\"widget\" data-e-type=\"widget\" data-widget_type=\"button.default\">\n\t\t\t\t<div class=\"elementor-widget-container\">\n\t\t\t\t\t\t\t\t\t<div class=\"elementor-button-wrapper\">\n\t\t\t\t\t<a class=\"elementor-button elementor-button-link elementor-size-sm\" href=\"https:\/\/tintas2000.pt\/home\/canal-de-denuncia\/\" target=\"_blank\">\n\t\t\t\t\t\t<span class=\"elementor-button-content-wrapper\">\n\t\t\t\t\t\t\t\t\t<span class=\"elementor-button-text\">VOLTAR<\/span>\n\t\t\t\t\t<\/span>\n\t\t\t\t\t<\/a>\n\t\t\t\t<\/div>\n\t\t\t\t\t\t\t\t<\/div>\n\t\t\t\t<\/div>\n\t\t\t\t<\/div>\n\t\t\t\t\t<\/div>\n\t\t\t\t<\/div>\n\t\t<div class=\"elementor-element elementor-element-292dccc e-flex e-con-boxed e-con e-parent\" data-id=\"292dccc\" data-element_type=\"container\" data-e-type=\"container\">\n\t\t\t\t\t<div class=\"e-con-inner\">\n\t\t\t\t<div class=\"elementor-element elementor-element-5abca3e elementor-widget elementor-widget-text-editor\" data-id=\"5abca3e\" data-element_type=\"widget\" data-e-type=\"widget\" data-widget_type=\"text-editor.default\">\n\t\t\t\t<div class=\"elementor-widget-container\">\n\t\t\t\t\t\t\t\t\t<p style=\"text-align: center;\"><strong>MEIOS ALTERNATIVOS DE DEN\u00daNCIA<\/strong><br \/><br \/>DEN\u00daCIA ESCRITA: <br \/><br \/>POR CORREIO ELETRONICO:<br \/>A den\u00fancia dever\u00e1 ser remetida para o seguinte endere\u00e7o eletr\u00f3nico: canaldenuncia@tintas2000.pt<br \/><br \/>POR CORREIO REGULAR:<br \/>Tamb\u00e9m a pode remeter a mesma, em envelope fechado, com indica\u00e7\u00e3o no exterior de N\u00c3O ABRIR, para o seguinte endere\u00e7o:<br \/>F\u00e1brica de Tintas 2000, S.A.<br \/>Zona Industrial Maia I, Setor VII &#8211; Rua Joaquim, Silva Vicente, Lote 128<br \/>4470-434 Maia<br \/><br \/>POR TELEFONE:<br \/>Encontra-se dispon\u00edvel, no per\u00edodo compreendido entre as 9h00 e as 12h30 e entre as 14h00 e as 18h00 o n\u00famero 229 436 800.<br \/><br \/>EM REUNI\u00c3O PRESENCIAL, A PEDIDO DO DENUNCIANTE:<br \/>A reuni\u00e3o presencial efetua-se, apenas nas situa\u00e7\u00f5es em que a mesma seja solicitada pelo denunciante.<br \/>Para esse feito, deve ser solicitada a sua marca\u00e7\u00e3o pr\u00e9via atrav\u00e9s dos contactos acima referidos.<\/p>\t\t\t\t\t\t\t\t<\/div>\n\t\t\t\t<\/div>\n\t\t\t\t\t<\/div>\n\t\t\t\t<\/div>\n\t\t\t\t<\/div>\n\t\t","protected":false},"excerpt":{"rendered":"<p>CANAL DE DEN\u00daNCIA Voltar a HOME TINTAS 2000 &gt; CANAL DE DEN\u00daNCIA Direitos e deveres do\/a DenuncianteAtrav\u00e9s deste canal pode partilhar de forma an\u00f3nima e\/ou confidencial o seu conhecimento ou suspeita de uma irregularidade, ilegalidade ou pr\u00e1tica de um crime na sua organiza\u00e7\u00e3o.\u2028\u2028 Encorajamos a den\u00fancia de todos os factos ou situa\u00e7\u00f5es irregulares, ilegais ou [&hellip;]<\/p>\n","protected":false},"author":1,"featured_media":0,"parent":0,"menu_order":0,"comment_status":"closed","ping_status":"closed","template":"","meta":{"_acf_changed":false,"footnotes":""},"class_list":["post-44279","page","type-page","status-publish","hentry"],"acf":[],"yoast_head":"<!-- This site is optimized with the Yoast SEO plugin v27.5 - https:\/\/yoast.com\/product\/yoast-seo-wordpress\/ -->\n<title>Canal de Den\u00fancia - Tintas 2000<\/title>\n<meta name=\"robots\" content=\"index, follow, max-snippet:-1, max-image-preview:large, max-video-preview:-1\" \/>\n<link rel=\"canonical\" href=\"https:\/\/tintas2000.pt\/home\/canal-de-denuncia-passo-2\/\" \/>\n<meta property=\"og:locale\" content=\"pt_PT\" \/>\n<meta property=\"og:type\" content=\"article\" \/>\n<meta property=\"og:title\" content=\"Canal de Den\u00fancia - Tintas 2000\" \/>\n<meta property=\"og:description\" content=\"CANAL DE DEN\u00daNCIA Voltar a HOME TINTAS 2000 &gt; CANAL DE DEN\u00daNCIA Direitos e deveres do\/a DenuncianteAtrav\u00e9s deste canal pode partilhar de forma an\u00f3nima e\/ou confidencial o seu conhecimento ou suspeita de uma irregularidade, ilegalidade ou pr\u00e1tica de um crime na sua organiza\u00e7\u00e3o.\u2028\u2028 Encorajamos a den\u00fancia de todos os factos ou situa\u00e7\u00f5es irregulares, ilegais ou [&hellip;]\" \/>\n<meta property=\"og:url\" content=\"https:\/\/tintas2000.pt\/home\/canal-de-denuncia-passo-2\/\" \/>\n<meta property=\"og:site_name\" content=\"Tintas 2000\" \/>\n<meta property=\"article:modified_time\" content=\"2025-02-14T12:14:40+00:00\" \/>\n<meta property=\"og:image\" content=\"https:\/\/tintas2000.pt\/home\/wp-content\/uploads\/2021\/07\/seta-esquerda-azul-e1645131689894.png\" \/>\n\t<meta property=\"og:image:width\" content=\"50\" \/>\n\t<meta property=\"og:image:height\" content=\"50\" \/>\n\t<meta property=\"og:image:type\" content=\"image\/png\" \/>\n<meta name=\"twitter:card\" content=\"summary_large_image\" \/>\n<meta name=\"twitter:label1\" content=\"Tempo estimado de leitura\" \/>\n\t<meta name=\"twitter:data1\" content=\"2 minutos\" \/>\n<script type=\"application\/ld+json\" class=\"yoast-schema-graph\">{\"@context\":\"https:\\\/\\\/schema.org\",\"@graph\":[{\"@type\":\"WebPage\",\"@id\":\"https:\\\/\\\/tintas2000.pt\\\/home\\\/canal-de-denuncia-passo-2\\\/\",\"url\":\"https:\\\/\\\/tintas2000.pt\\\/home\\\/canal-de-denuncia-passo-2\\\/\",\"name\":\"Canal de Den\u00fancia - Tintas 2000\",\"isPartOf\":{\"@id\":\"https:\\\/\\\/tintas2000.pt\\\/home\\\/#website\"},\"primaryImageOfPage\":{\"@id\":\"https:\\\/\\\/tintas2000.pt\\\/home\\\/canal-de-denuncia-passo-2\\\/#primaryimage\"},\"image\":{\"@id\":\"https:\\\/\\\/tintas2000.pt\\\/home\\\/canal-de-denuncia-passo-2\\\/#primaryimage\"},\"thumbnailUrl\":\"https:\\\/\\\/tintas2000.pt\\\/home\\\/wp-content\\\/uploads\\\/2021\\\/07\\\/seta-esquerda-azul-e1645131689894.png\",\"datePublished\":\"2025-02-14T11:27:53+00:00\",\"dateModified\":\"2025-02-14T12:14:40+00:00\",\"breadcrumb\":{\"@id\":\"https:\\\/\\\/tintas2000.pt\\\/home\\\/canal-de-denuncia-passo-2\\\/#breadcrumb\"},\"inLanguage\":\"pt-PT\",\"potentialAction\":[{\"@type\":\"ReadAction\",\"target\":[\"https:\\\/\\\/tintas2000.pt\\\/home\\\/canal-de-denuncia-passo-2\\\/\"]}]},{\"@type\":\"ImageObject\",\"inLanguage\":\"pt-PT\",\"@id\":\"https:\\\/\\\/tintas2000.pt\\\/home\\\/canal-de-denuncia-passo-2\\\/#primaryimage\",\"url\":\"https:\\\/\\\/tintas2000.pt\\\/home\\\/wp-content\\\/uploads\\\/2021\\\/07\\\/seta-esquerda-azul-e1645131689894.png\",\"contentUrl\":\"https:\\\/\\\/tintas2000.pt\\\/home\\\/wp-content\\\/uploads\\\/2021\\\/07\\\/seta-esquerda-azul-e1645131689894.png\",\"width\":50,\"height\":50},{\"@type\":\"BreadcrumbList\",\"@id\":\"https:\\\/\\\/tintas2000.pt\\\/home\\\/canal-de-denuncia-passo-2\\\/#breadcrumb\",\"itemListElement\":[{\"@type\":\"ListItem\",\"position\":1,\"name\":\"In\u00edcio\",\"item\":\"https:\\\/\\\/tintas2000.pt\\\/home\\\/\"},{\"@type\":\"ListItem\",\"position\":2,\"name\":\"Canal de Den\u00fancia\"}]},{\"@type\":\"WebSite\",\"@id\":\"https:\\\/\\\/tintas2000.pt\\\/home\\\/#website\",\"url\":\"https:\\\/\\\/tintas2000.pt\\\/home\\\/\",\"name\":\"Tintas 2000\",\"description\":\"Tintas 2000\",\"potentialAction\":[{\"@type\":\"SearchAction\",\"target\":{\"@type\":\"EntryPoint\",\"urlTemplate\":\"https:\\\/\\\/tintas2000.pt\\\/home\\\/?s={search_term_string}\"},\"query-input\":{\"@type\":\"PropertyValueSpecification\",\"valueRequired\":true,\"valueName\":\"search_term_string\"}}],\"inLanguage\":\"pt-PT\"}]}<\/script>\n<!-- \/ Yoast SEO plugin. -->","yoast_head_json":{"title":"Canal de Den\u00fancia - Tintas 2000","robots":{"index":"index","follow":"follow","max-snippet":"max-snippet:-1","max-image-preview":"max-image-preview:large","max-video-preview":"max-video-preview:-1"},"canonical":"https:\/\/tintas2000.pt\/home\/canal-de-denuncia-passo-2\/","og_locale":"pt_PT","og_type":"article","og_title":"Canal de Den\u00fancia - Tintas 2000","og_description":"CANAL DE DEN\u00daNCIA Voltar a HOME TINTAS 2000 &gt; CANAL DE DEN\u00daNCIA Direitos e deveres do\/a DenuncianteAtrav\u00e9s deste canal pode partilhar de forma an\u00f3nima e\/ou confidencial o seu conhecimento ou suspeita de uma irregularidade, ilegalidade ou pr\u00e1tica de um crime na sua organiza\u00e7\u00e3o.\u2028\u2028 Encorajamos a den\u00fancia de todos os factos ou situa\u00e7\u00f5es irregulares, ilegais ou [&hellip;]","og_url":"https:\/\/tintas2000.pt\/home\/canal-de-denuncia-passo-2\/","og_site_name":"Tintas 2000","article_modified_time":"2025-02-14T12:14:40+00:00","og_image":[{"width":50,"height":50,"url":"https:\/\/tintas2000.pt\/home\/wp-content\/uploads\/2021\/07\/seta-esquerda-azul-e1645131689894.png","type":"image\/png"}],"twitter_card":"summary_large_image","twitter_misc":{"Tempo estimado de leitura":"2 minutos"},"schema":{"@context":"https:\/\/schema.org","@graph":[{"@type":"WebPage","@id":"https:\/\/tintas2000.pt\/home\/canal-de-denuncia-passo-2\/","url":"https:\/\/tintas2000.pt\/home\/canal-de-denuncia-passo-2\/","name":"Canal de Den\u00fancia - Tintas 2000","isPartOf":{"@id":"https:\/\/tintas2000.pt\/home\/#website"},"primaryImageOfPage":{"@id":"https:\/\/tintas2000.pt\/home\/canal-de-denuncia-passo-2\/#primaryimage"},"image":{"@id":"https:\/\/tintas2000.pt\/home\/canal-de-denuncia-passo-2\/#primaryimage"},"thumbnailUrl":"https:\/\/tintas2000.pt\/home\/wp-content\/uploads\/2021\/07\/seta-esquerda-azul-e1645131689894.png","datePublished":"2025-02-14T11:27:53+00:00","dateModified":"2025-02-14T12:14:40+00:00","breadcrumb":{"@id":"https:\/\/tintas2000.pt\/home\/canal-de-denuncia-passo-2\/#breadcrumb"},"inLanguage":"pt-PT","potentialAction":[{"@type":"ReadAction","target":["https:\/\/tintas2000.pt\/home\/canal-de-denuncia-passo-2\/"]}]},{"@type":"ImageObject","inLanguage":"pt-PT","@id":"https:\/\/tintas2000.pt\/home\/canal-de-denuncia-passo-2\/#primaryimage","url":"https:\/\/tintas2000.pt\/home\/wp-content\/uploads\/2021\/07\/seta-esquerda-azul-e1645131689894.png","contentUrl":"https:\/\/tintas2000.pt\/home\/wp-content\/uploads\/2021\/07\/seta-esquerda-azul-e1645131689894.png","width":50,"height":50},{"@type":"BreadcrumbList","@id":"https:\/\/tintas2000.pt\/home\/canal-de-denuncia-passo-2\/#breadcrumb","itemListElement":[{"@type":"ListItem","position":1,"name":"In\u00edcio","item":"https:\/\/tintas2000.pt\/home\/"},{"@type":"ListItem","position":2,"name":"Canal de Den\u00fancia"}]},{"@type":"WebSite","@id":"https:\/\/tintas2000.pt\/home\/#website","url":"https:\/\/tintas2000.pt\/home\/","name":"Tintas 2000","description":"Tintas 2000","potentialAction":[{"@type":"SearchAction","target":{"@type":"EntryPoint","urlTemplate":"https:\/\/tintas2000.pt\/home\/?s={search_term_string}"},"query-input":{"@type":"PropertyValueSpecification","valueRequired":true,"valueName":"search_term_string"}}],"inLanguage":"pt-PT"}]}},"_links":{"self":[{"href":"https:\/\/tintas2000.pt\/home\/wp-json\/wp\/v2\/pages\/44279","targetHints":{"allow":["GET"]}}],"collection":[{"href":"https:\/\/tintas2000.pt\/home\/wp-json\/wp\/v2\/pages"}],"about":[{"href":"https:\/\/tintas2000.pt\/home\/wp-json\/wp\/v2\/types\/page"}],"author":[{"embeddable":true,"href":"https:\/\/tintas2000.pt\/home\/wp-json\/wp\/v2\/users\/1"}],"replies":[{"embeddable":true,"href":"https:\/\/tintas2000.pt\/home\/wp-json\/wp\/v2\/comments?post=44279"}],"version-history":[{"count":16,"href":"https:\/\/tintas2000.pt\/home\/wp-json\/wp\/v2\/pages\/44279\/revisions"}],"predecessor-version":[{"id":44314,"href":"https:\/\/tintas2000.pt\/home\/wp-json\/wp\/v2\/pages\/44279\/revisions\/44314"}],"wp:attachment":[{"href":"https:\/\/tintas2000.pt\/home\/wp-json\/wp\/v2\/media?parent=44279"}],"curies":[{"name":"wp","href":"https:\/\/api.w.org\/{rel}","templated":true}]}}