{"id":12807,"date":"2021-03-08T10:12:19","date_gmt":"2021-03-08T10:12:19","guid":{"rendered":"https:\/\/tintas2000.pt\/home\/product\/spray-efeito-dourado-dourado-400ml\/"},"modified":"2025-05-20T13:38:39","modified_gmt":"2025-05-20T12:38:39","slug":"spray-efeito-dourado-dourado-400ml","status":"publish","type":"product","link":"https:\/\/tintas2000.pt\/home\/produtos\/spray-efeito-dourado-dourado-400ml\/","title":{"rendered":"Spray Efeito Dourado Dourado 400ml"},"content":{"rendered":"\t\t<div data-elementor-type=\"product-post\" data-elementor-id=\"12807\" class=\"elementor elementor-12807\" data-elementor-post-type=\"product\">\n\t\t\t\t\t\t<section class=\"elementor-section elementor-top-section elementor-element elementor-element-9149e08 elementor-section-boxed elementor-section-height-default elementor-section-height-default\" data-id=\"9149e08\" data-element_type=\"section\" data-e-type=\"section\">\n\t\t\t\t\t\t<div class=\"elementor-container elementor-column-gap-default\">\n\t\t\t\t\t<div class=\"elementor-column elementor-col-100 elementor-top-column elementor-element elementor-element-3d13f65\" data-id=\"3d13f65\" data-element_type=\"column\" data-e-type=\"column\">\n\t\t\t<div class=\"elementor-widget-wrap elementor-element-populated\">\n\t\t\t\t\t\t<div class=\"elementor-element elementor-element-585983e elementor-widget-divider--view-line_text elementor-widget-divider--element-align-center elementor-widget elementor-widget-divider\" data-id=\"585983e\" data-element_type=\"widget\" data-e-type=\"widget\" data-widget_type=\"divider.default\">\n\t\t\t\t<div class=\"elementor-widget-container\">\n\t\t\t\t\t\t\t<div class=\"elementor-divider\">\n\t\t\t<span class=\"elementor-divider-separator\">\n\t\t\t\t\t\t<\/span>\n\t\t<\/div>\n\t\t\t\t\t\t<\/div>\n\t\t\t\t<\/div>\n\t\t\t\t<div class=\"elementor-element elementor-element-48347e5 elementor-widget elementor-widget-heading\" data-id=\"48347e5\" data-element_type=\"widget\" data-e-type=\"widget\" data-widget_type=\"heading.default\">\n\t\t\t\t<div class=\"elementor-widget-container\">\n\t\t\t\t\t<h2 class=\"elementor-heading-title elementor-size-default\">CARACTER\u00cdSTICAS DO PRODUTO<\/h2>\t\t\t\t<\/div>\n\t\t\t\t<\/div>\n\t\t\t\t<div class=\"elementor-element elementor-element-db19659 elementor-widget elementor-widget-text-editor\" data-id=\"db19659\" data-element_type=\"widget\" data-e-type=\"widget\" data-widget_type=\"text-editor.default\">\n\t\t\t\t<div class=\"elementor-widget-container\">\n\t\t\t\t\t\t\t\t\t<p>Tinta aquosa para constru\u00e7\u00e3o civil.<\/p>\t\t\t\t\t\t\t\t<\/div>\n\t\t\t\t<\/div>\n\t\t\t\t<section class=\"elementor-section elementor-inner-section elementor-element elementor-element-da16cc9 elementor-section-content-middle elementor-section-full_width elementor-section-height-default elementor-section-height-default\" data-id=\"da16cc9\" data-element_type=\"section\" data-e-type=\"section\">\n\t\t\t\t\t\t<div class=\"elementor-container elementor-column-gap-default\">\n\t\t\t\t\t<div class=\"elementor-column elementor-col-50 elementor-inner-column elementor-element elementor-element-a686813\" data-id=\"a686813\" data-element_type=\"column\" data-e-type=\"column\">\n\t\t\t<div class=\"elementor-widget-wrap elementor-element-populated\">\n\t\t\t\t\t\t<div class=\"elementor-element elementor-element-a459c38 elementor-widget elementor-widget-heading\" data-id=\"a459c38\" data-element_type=\"widget\" data-e-type=\"widget\" data-widget_type=\"heading.default\">\n\t\t\t\t<div class=\"elementor-widget-container\">\n\t\t\t\t\t<h2 class=\"elementor-heading-title elementor-size-default\">UTILIZA\u00c7\u00c3O<\/h2>\t\t\t\t<\/div>\n\t\t\t\t<\/div>\n\t\t\t\t\t<\/div>\n\t\t<\/div>\n\t\t\t\t<div class=\"elementor-column elementor-col-50 elementor-inner-column elementor-element elementor-element-ee872dd\" data-id=\"ee872dd\" data-element_type=\"column\" data-e-type=\"column\">\n\t\t\t<div class=\"elementor-widget-wrap elementor-element-populated\">\n\t\t\t\t\t\t<div class=\"elementor-element elementor-element-dd5bf92 elementor-widget elementor-widget-text-editor\" data-id=\"dd5bf92\" data-element_type=\"widget\" data-e-type=\"widget\" data-widget_type=\"text-editor.default\">\n\t\t\t\t<div class=\"elementor-widget-container\">\n\t\t\t\t\t\t\t\t\t<p>Texto<\/p>\t\t\t\t\t\t\t\t<\/div>\n\t\t\t\t<\/div>\n\t\t\t\t\t<\/div>\n\t\t<\/div>\n\t\t\t\t\t<\/div>\n\t\t<\/section>\n\t\t\t\t<section class=\"elementor-section elementor-inner-section elementor-element elementor-element-e3c4e5a elementor-section-content-middle elementor-section-full_width elementor-section-height-default elementor-section-height-default\" data-id=\"e3c4e5a\" data-element_type=\"section\" data-e-type=\"section\">\n\t\t\t\t\t\t<div class=\"elementor-container elementor-column-gap-default\">\n\t\t\t\t\t<div class=\"elementor-column elementor-col-50 elementor-inner-column elementor-element elementor-element-c30ebbf\" data-id=\"c30ebbf\" data-element_type=\"column\" data-e-type=\"column\">\n\t\t\t<div class=\"elementor-widget-wrap elementor-element-populated\">\n\t\t\t\t\t\t<div class=\"elementor-element elementor-element-001b0a4 elementor-widget elementor-widget-heading\" data-id=\"001b0a4\" data-element_type=\"widget\" data-e-type=\"widget\" data-widget_type=\"heading.default\">\n\t\t\t\t<div class=\"elementor-widget-container\">\n\t\t\t\t\t<h2 class=\"elementor-heading-title elementor-size-default\">PROPRIEDADES<\/h2>\t\t\t\t<\/div>\n\t\t\t\t<\/div>\n\t\t\t\t\t<\/div>\n\t\t<\/div>\n\t\t\t\t<div class=\"elementor-column elementor-col-50 elementor-inner-column elementor-element elementor-element-54c2412\" data-id=\"54c2412\" data-element_type=\"column\" data-e-type=\"column\">\n\t\t\t<div class=\"elementor-widget-wrap elementor-element-populated\">\n\t\t\t\t\t\t<div class=\"elementor-element elementor-element-9419f98 elementor-widget elementor-widget-text-editor\" data-id=\"9419f98\" data-element_type=\"widget\" data-e-type=\"widget\" data-widget_type=\"text-editor.default\">\n\t\t\t\t<div class=\"elementor-widget-container\">\n\t\t\t\t\t\t\t\t\t<p>Texto<\/p>\t\t\t\t\t\t\t\t<\/div>\n\t\t\t\t<\/div>\n\t\t\t\t\t<\/div>\n\t\t<\/div>\n\t\t\t\t\t<\/div>\n\t\t<\/section>\n\t\t\t\t<section class=\"elementor-section elementor-inner-section elementor-element elementor-element-37c457e elementor-section-content-middle elementor-section-full_width elementor-section-height-default elementor-section-height-default\" data-id=\"37c457e\" data-element_type=\"section\" data-e-type=\"section\">\n\t\t\t\t\t\t<div class=\"elementor-container elementor-column-gap-default\">\n\t\t\t\t\t<div class=\"elementor-column elementor-col-50 elementor-inner-column elementor-element elementor-element-420201c\" data-id=\"420201c\" data-element_type=\"column\" data-e-type=\"column\">\n\t\t\t<div class=\"elementor-widget-wrap elementor-element-populated\">\n\t\t\t\t\t\t<div class=\"elementor-element elementor-element-63dd2a2 elementor-widget elementor-widget-heading\" data-id=\"63dd2a2\" data-element_type=\"widget\" data-e-type=\"widget\" data-widget_type=\"heading.default\">\n\t\t\t\t<div class=\"elementor-widget-container\">\n\t\t\t\t\t<h2 class=\"elementor-heading-title elementor-size-default\">ACABAMENTO<\/h2>\t\t\t\t<\/div>\n\t\t\t\t<\/div>\n\t\t\t\t\t<\/div>\n\t\t<\/div>\n\t\t\t\t<div class=\"elementor-column elementor-col-50 elementor-inner-column elementor-element elementor-element-4d9ca0d\" data-id=\"4d9ca0d\" data-element_type=\"column\" data-e-type=\"column\">\n\t\t\t<div class=\"elementor-widget-wrap elementor-element-populated\">\n\t\t\t\t\t\t<div class=\"elementor-element elementor-element-ba79e52 elementor-widget elementor-widget-text-editor\" data-id=\"ba79e52\" data-element_type=\"widget\" data-e-type=\"widget\" data-widget_type=\"text-editor.default\">\n\t\t\t\t<div class=\"elementor-widget-container\">\n\t\t\t\t\t\t\t\t\t<p>Texto<\/p>\t\t\t\t\t\t\t\t<\/div>\n\t\t\t\t<\/div>\n\t\t\t\t\t<\/div>\n\t\t<\/div>\n\t\t\t\t\t<\/div>\n\t\t<\/section>\n\t\t\t\t<section class=\"elementor-section elementor-inner-section elementor-element elementor-element-ba4a6a9 elementor-section-content-middle elementor-section-full_width elementor-section-height-default elementor-section-height-default\" data-id=\"ba4a6a9\" data-element_type=\"section\" data-e-type=\"section\">\n\t\t\t\t\t\t<div class=\"elementor-container elementor-column-gap-default\">\n\t\t\t\t\t<div class=\"elementor-column elementor-col-50 elementor-inner-column elementor-element elementor-element-c8bb8f9\" data-id=\"c8bb8f9\" data-element_type=\"column\" data-e-type=\"column\">\n\t\t\t<div class=\"elementor-widget-wrap elementor-element-populated\">\n\t\t\t\t\t\t<div class=\"elementor-element elementor-element-eb0b293 elementor-widget elementor-widget-heading\" data-id=\"eb0b293\" data-element_type=\"widget\" data-e-type=\"widget\" data-widget_type=\"heading.default\">\n\t\t\t\t<div class=\"elementor-widget-container\">\n\t\t\t\t\t<h2 class=\"elementor-heading-title elementor-size-default\">APLICA\u00c7\u00c3O<\/h2>\t\t\t\t<\/div>\n\t\t\t\t<\/div>\n\t\t\t\t\t<\/div>\n\t\t<\/div>\n\t\t\t\t<div class=\"elementor-column elementor-col-50 elementor-inner-column elementor-element elementor-element-ac29f71\" data-id=\"ac29f71\" data-element_type=\"column\" data-e-type=\"column\">\n\t\t\t<div class=\"elementor-widget-wrap elementor-element-populated\">\n\t\t\t\t\t\t<div class=\"elementor-element elementor-element-bde953f elementor-widget elementor-widget-text-editor\" data-id=\"bde953f\" data-element_type=\"widget\" data-e-type=\"widget\" data-widget_type=\"text-editor.default\">\n\t\t\t\t<div class=\"elementor-widget-container\">\n\t\t\t\t\t\t\t\t\t<p>Texto<\/p>\t\t\t\t\t\t\t\t<\/div>\n\t\t\t\t<\/div>\n\t\t\t\t\t<\/div>\n\t\t<\/div>\n\t\t\t\t\t<\/div>\n\t\t<\/section>\n\t\t\t\t<section class=\"elementor-section elementor-inner-section elementor-element elementor-element-935b210 elementor-section-content-middle elementor-section-full_width elementor-section-height-default elementor-section-height-default\" data-id=\"935b210\" data-element_type=\"section\" data-e-type=\"section\">\n\t\t\t\t\t\t<div class=\"elementor-container elementor-column-gap-default\">\n\t\t\t\t\t<div class=\"elementor-column elementor-col-50 elementor-inner-column elementor-element elementor-element-f10701b\" data-id=\"f10701b\" data-element_type=\"column\" data-e-type=\"column\">\n\t\t\t<div class=\"elementor-widget-wrap elementor-element-populated\">\n\t\t\t\t\t\t<div class=\"elementor-element elementor-element-2670328 elementor-widget elementor-widget-heading\" data-id=\"2670328\" data-element_type=\"widget\" data-e-type=\"widget\" data-widget_type=\"heading.default\">\n\t\t\t\t<div class=\"elementor-widget-container\">\n\t\t\t\t\t<h2 class=\"elementor-heading-title elementor-size-default\">RENDIMENTO<\/h2>\t\t\t\t<\/div>\n\t\t\t\t<\/div>\n\t\t\t\t\t<\/div>\n\t\t<\/div>\n\t\t\t\t<div class=\"elementor-column elementor-col-50 elementor-inner-column elementor-element elementor-element-941ab88\" data-id=\"941ab88\" data-element_type=\"column\" data-e-type=\"column\">\n\t\t\t<div class=\"elementor-widget-wrap elementor-element-populated\">\n\t\t\t\t\t\t<div class=\"elementor-element elementor-element-f92f009 elementor-widget elementor-widget-text-editor\" data-id=\"f92f009\" data-element_type=\"widget\" data-e-type=\"widget\" data-widget_type=\"text-editor.default\">\n\t\t\t\t<div class=\"elementor-widget-container\">\n\t\t\t\t\t\t\t\t\t<p>Texto<\/p>\t\t\t\t\t\t\t\t<\/div>\n\t\t\t\t<\/div>\n\t\t\t\t\t<\/div>\n\t\t<\/div>\n\t\t\t\t\t<\/div>\n\t\t<\/section>\n\t\t\t\t<section class=\"elementor-section elementor-inner-section elementor-element elementor-element-6073f01 elementor-section-content-middle elementor-section-full_width elementor-section-height-default elementor-section-height-default\" data-id=\"6073f01\" data-element_type=\"section\" data-e-type=\"section\">\n\t\t\t\t\t\t<div class=\"elementor-container elementor-column-gap-default\">\n\t\t\t\t\t<div class=\"elementor-column elementor-col-50 elementor-inner-column elementor-element elementor-element-5e7a618\" data-id=\"5e7a618\" data-element_type=\"column\" data-e-type=\"column\">\n\t\t\t<div class=\"elementor-widget-wrap elementor-element-populated\">\n\t\t\t\t\t\t<div class=\"elementor-element elementor-element-1b1e804 elementor-widget elementor-widget-heading\" data-id=\"1b1e804\" data-element_type=\"widget\" data-e-type=\"widget\" data-widget_type=\"heading.default\">\n\t\t\t\t<div class=\"elementor-widget-container\">\n\t\t\t\t\t<h2 class=\"elementor-heading-title elementor-size-default\">CORES DISPON\u00cdVEIS<\/h2>\t\t\t\t<\/div>\n\t\t\t\t<\/div>\n\t\t\t\t\t<\/div>\n\t\t<\/div>\n\t\t\t\t<div class=\"elementor-column elementor-col-50 elementor-inner-column elementor-element elementor-element-5dcc5c3\" data-id=\"5dcc5c3\" data-element_type=\"column\" data-e-type=\"column\">\n\t\t\t<div class=\"elementor-widget-wrap elementor-element-populated\">\n\t\t\t\t\t\t<div class=\"elementor-element elementor-element-6f19e45 elementor-widget elementor-widget-text-editor\" data-id=\"6f19e45\" data-element_type=\"widget\" data-e-type=\"widget\" data-widget_type=\"text-editor.default\">\n\t\t\t\t<div class=\"elementor-widget-container\">\n\t\t\t\t\t\t\t\t\t<p>Texto<\/p>\t\t\t\t\t\t\t\t<\/div>\n\t\t\t\t<\/div>\n\t\t\t\t\t<\/div>\n\t\t<\/div>\n\t\t\t\t\t<\/div>\n\t\t<\/section>\n\t\t\t\t<section class=\"elementor-section elementor-inner-section elementor-element elementor-element-aaee0b8 nm-btn-icon elementor-section-boxed elementor-section-height-default elementor-section-height-default\" data-id=\"aaee0b8\" data-element_type=\"section\" data-e-type=\"section\">\n\t\t\t\t\t\t<div class=\"elementor-container elementor-column-gap-default\">\n\t\t\t\t\t<div class=\"elementor-column elementor-col-50 elementor-inner-column elementor-element elementor-element-ae1170a\" data-id=\"ae1170a\" data-element_type=\"column\" data-e-type=\"column\">\n\t\t\t<div class=\"elementor-widget-wrap elementor-element-populated\">\n\t\t\t\t\t\t<div class=\"elementor-element elementor-element-c17bdce elementor-align-justify elementor-mobile-align-center elementor-widget elementor-widget-button\" data-id=\"c17bdce\" data-element_type=\"widget\" data-e-type=\"widget\" data-widget_type=\"button.default\">\n\t\t\t\t<div class=\"elementor-widget-container\">\n\t\t\t\t\t\t\t\t\t<div class=\"elementor-button-wrapper\">\n\t\t\t\t\t<a class=\"elementor-button elementor-button-link elementor-size-md\" href=\"https:\/\/tintas2000.pt\/home\/documentacao-tecnica-e-de-seguranca-temporariamente-indisponivel\/\" target=\"_blank\">\n\t\t\t\t\t\t<span class=\"elementor-button-content-wrapper\">\n\t\t\t\t\t\t<span class=\"elementor-button-icon\">\n\t\t\t\t<svg xmlns=\"http:\/\/www.w3.org\/2000\/svg\" width=\"26\" height=\"27\" viewBox=\"0 0 26 27\" fill=\"none\"><path d=\"M18.0918 15.9551L12.7509 21.296\" stroke=\"white\" stroke-width=\"2\" stroke-miterlimit=\"10\" stroke-linecap=\"round\" stroke-linejoin=\"round\"><\/path><path d=\"M7.40906 15.9551L12.75 21.296\" stroke=\"white\" stroke-width=\"2\" stroke-miterlimit=\"10\" stroke-linecap=\"round\" stroke-linejoin=\"round\"><\/path><path d=\"M24.5 19.1582V24.4991C24.5 25.0866 24.0086 25.5673 23.4318 25.5673H2.04682C1.47 25.5673 1 25.0866 1 24.4991V19.1582\" stroke=\"white\" stroke-width=\"2\" stroke-miterlimit=\"10\" stroke-linecap=\"round\" stroke-linejoin=\"round\"><\/path><path d=\"M12.75 1V21.2955\" stroke=\"white\" stroke-width=\"2\" stroke-miterlimit=\"10\" stroke-linecap=\"round\" stroke-linejoin=\"round\"><\/path><\/svg>\t\t\t<\/span>\n\t\t\t\t\t\t\t\t\t<span class=\"elementor-button-text\">ficha t\u00e9cnica<\/span>\n\t\t\t\t\t<\/span>\n\t\t\t\t\t<\/a>\n\t\t\t\t<\/div>\n\t\t\t\t\t\t\t\t<\/div>\n\t\t\t\t<\/div>\n\t\t\t\t\t<\/div>\n\t\t<\/div>\n\t\t\t\t<div class=\"elementor-column elementor-col-50 elementor-inner-column elementor-element elementor-element-616956a\" data-id=\"616956a\" data-element_type=\"column\" data-e-type=\"column\">\n\t\t\t<div class=\"elementor-widget-wrap elementor-element-populated\">\n\t\t\t\t\t\t<div class=\"elementor-element elementor-element-14ffeab elementor-align-justify elementor-mobile-align-center elementor-widget elementor-widget-button\" data-id=\"14ffeab\" data-element_type=\"widget\" data-e-type=\"widget\" data-widget_type=\"button.default\">\n\t\t\t\t<div class=\"elementor-widget-container\">\n\t\t\t\t\t\t\t\t\t<div class=\"elementor-button-wrapper\">\n\t\t\t\t\t<a class=\"elementor-button elementor-button-link elementor-size-md\" href=\"https:\/\/tintas2000.pt\/home\/documentacao-tecnica-e-de-seguranca-temporariamente-indisponivel\/\" target=\"_blank\">\n\t\t\t\t\t\t<span class=\"elementor-button-content-wrapper\">\n\t\t\t\t\t\t<span class=\"elementor-button-icon\">\n\t\t\t\t<svg xmlns=\"http:\/\/www.w3.org\/2000\/svg\" width=\"26\" height=\"27\" viewBox=\"0 0 26 27\" fill=\"none\"><path d=\"M18.0918 15.9551L12.7509 21.296\" stroke=\"white\" stroke-width=\"2\" stroke-miterlimit=\"10\" stroke-linecap=\"round\" stroke-linejoin=\"round\"><\/path><path d=\"M7.40906 15.9551L12.75 21.296\" stroke=\"white\" stroke-width=\"2\" stroke-miterlimit=\"10\" stroke-linecap=\"round\" stroke-linejoin=\"round\"><\/path><path d=\"M24.5 19.1582V24.4991C24.5 25.0866 24.0086 25.5673 23.4318 25.5673H2.04682C1.47 25.5673 1 25.0866 1 24.4991V19.1582\" stroke=\"white\" stroke-width=\"2\" stroke-miterlimit=\"10\" stroke-linecap=\"round\" stroke-linejoin=\"round\"><\/path><path d=\"M12.75 1V21.2955\" stroke=\"white\" stroke-width=\"2\" stroke-miterlimit=\"10\" stroke-linecap=\"round\" stroke-linejoin=\"round\"><\/path><\/svg>\t\t\t<\/span>\n\t\t\t\t\t\t\t\t\t<span class=\"elementor-button-text\">ficha dados de seguran\u00e7a<\/span>\n\t\t\t\t\t<\/span>\n\t\t\t\t\t<\/a>\n\t\t\t\t<\/div>\n\t\t\t\t\t\t\t\t<\/div>\n\t\t\t\t<\/div>\n\t\t\t\t\t<\/div>\n\t\t<\/div>\n\t\t\t\t\t<\/div>\n\t\t<\/section>\n\t\t\t\t\t<\/div>\n\t\t<\/div>\n\t\t\t\t\t<\/div>\n\t\t<\/section>\n\t\t\t\t<\/div>\n\t\t","protected":false},"excerpt":{"rendered":"<p>CARACTER\u00cdSTICAS DO PRODUTO Tinta aquosa para constru\u00e7\u00e3o civil. UTILIZA\u00c7\u00c3O Texto PROPRIEDADES Texto ACABAMENTO Texto APLICA\u00c7\u00c3O Texto RENDIMENTO Texto CORES DISPON\u00cdVEIS Texto ficha t\u00e9cnica ficha dados de seguran\u00e7a<\/p>\n","protected":false},"featured_media":12806,"comment_status":"open","ping_status":"closed","template":"","meta":{"_acf_changed":false},"product_brand":[],"product_cat":[107],"product_tag":[],"class_list":{"0":"post-12807","1":"product","2":"type-product","3":"status-publish","4":"has-post-thumbnail","6":"product_cat-acessorios","8":"first","9":"instock","10":"taxable","11":"shipping-taxable","12":"purchasable","13":"product-type-simple"},"acf":[],"yoast_head":"<!-- This site is optimized with the Yoast SEO plugin v27.5 - https:\/\/yoast.com\/product\/yoast-seo-wordpress\/ -->\n<title>Spray Efeito Dourado Dourado 400ml - Tintas 2000<\/title>\n<meta name=\"robots\" content=\"index, follow, max-snippet:-1, max-image-preview:large, max-video-preview:-1\" \/>\n<link rel=\"canonical\" href=\"https:\/\/tintas2000.pt\/home\/produtos\/spray-efeito-dourado-dourado-400ml\/\" \/>\n<meta property=\"og:locale\" content=\"pt_PT\" \/>\n<meta property=\"og:type\" content=\"article\" \/>\n<meta property=\"og:title\" content=\"Spray Efeito Dourado Dourado 400ml - Tintas 2000\" \/>\n<meta property=\"og:description\" content=\"CARACTER\u00cdSTICAS DO PRODUTO Tinta aquosa para constru\u00e7\u00e3o civil. UTILIZA\u00c7\u00c3O Texto PROPRIEDADES Texto ACABAMENTO Texto APLICA\u00c7\u00c3O Texto RENDIMENTO Texto CORES DISPON\u00cdVEIS Texto ficha t\u00e9cnica ficha dados de seguran\u00e7a\" \/>\n<meta property=\"og:url\" content=\"https:\/\/tintas2000.pt\/home\/produtos\/spray-efeito-dourado-dourado-400ml\/\" \/>\n<meta property=\"og:site_name\" content=\"Tintas 2000\" \/>\n<meta property=\"article:modified_time\" content=\"2025-05-20T12:38:39+00:00\" \/>\n<meta property=\"og:image\" content=\"https:\/\/tintas2000.pt\/home\/wp-content\/uploads\/2021\/03\/LOGO___LISTA_5_18.png\" \/>\n\t<meta property=\"og:image:width\" content=\"220\" \/>\n\t<meta property=\"og:image:height\" content=\"200\" \/>\n\t<meta property=\"og:image:type\" content=\"image\/png\" \/>\n<meta name=\"twitter:card\" content=\"summary_large_image\" \/>\n<script type=\"application\/ld+json\" class=\"yoast-schema-graph\">{\"@context\":\"https:\\\/\\\/schema.org\",\"@graph\":[{\"@type\":\"WebPage\",\"@id\":\"https:\\\/\\\/tintas2000.pt\\\/home\\\/produtos\\\/spray-efeito-dourado-dourado-400ml\\\/\",\"url\":\"https:\\\/\\\/tintas2000.pt\\\/home\\\/produtos\\\/spray-efeito-dourado-dourado-400ml\\\/\",\"name\":\"Spray Efeito Dourado Dourado 400ml - Tintas 2000\",\"isPartOf\":{\"@id\":\"https:\\\/\\\/tintas2000.pt\\\/home\\\/#website\"},\"primaryImageOfPage\":{\"@id\":\"https:\\\/\\\/tintas2000.pt\\\/home\\\/produtos\\\/spray-efeito-dourado-dourado-400ml\\\/#primaryimage\"},\"image\":{\"@id\":\"https:\\\/\\\/tintas2000.pt\\\/home\\\/produtos\\\/spray-efeito-dourado-dourado-400ml\\\/#primaryimage\"},\"thumbnailUrl\":\"https:\\\/\\\/tintas2000.pt\\\/home\\\/wp-content\\\/uploads\\\/2021\\\/03\\\/LOGO___LISTA_5_18.png\",\"datePublished\":\"2021-03-08T10:12:19+00:00\",\"dateModified\":\"2025-05-20T12:38:39+00:00\",\"breadcrumb\":{\"@id\":\"https:\\\/\\\/tintas2000.pt\\\/home\\\/produtos\\\/spray-efeito-dourado-dourado-400ml\\\/#breadcrumb\"},\"inLanguage\":\"pt-PT\",\"potentialAction\":[{\"@type\":\"ReadAction\",\"target\":[\"https:\\\/\\\/tintas2000.pt\\\/home\\\/produtos\\\/spray-efeito-dourado-dourado-400ml\\\/\"]}]},{\"@type\":\"ImageObject\",\"inLanguage\":\"pt-PT\",\"@id\":\"https:\\\/\\\/tintas2000.pt\\\/home\\\/produtos\\\/spray-efeito-dourado-dourado-400ml\\\/#primaryimage\",\"url\":\"https:\\\/\\\/tintas2000.pt\\\/home\\\/wp-content\\\/uploads\\\/2021\\\/03\\\/LOGO___LISTA_5_18.png\",\"contentUrl\":\"https:\\\/\\\/tintas2000.pt\\\/home\\\/wp-content\\\/uploads\\\/2021\\\/03\\\/LOGO___LISTA_5_18.png\",\"width\":220,\"height\":200},{\"@type\":\"BreadcrumbList\",\"@id\":\"https:\\\/\\\/tintas2000.pt\\\/home\\\/produtos\\\/spray-efeito-dourado-dourado-400ml\\\/#breadcrumb\",\"itemListElement\":[{\"@type\":\"ListItem\",\"position\":1,\"name\":\"In\u00edcio\",\"item\":\"https:\\\/\\\/tintas2000.pt\\\/home\\\/\"},{\"@type\":\"ListItem\",\"position\":2,\"name\":\"Shop\",\"item\":\"https:\\\/\\\/tintas2000.pt\\\/home\\\/shop-2\\\/\"},{\"@type\":\"ListItem\",\"position\":3,\"name\":\"Spray Efeito Dourado Dourado 400ml\"}]},{\"@type\":\"WebSite\",\"@id\":\"https:\\\/\\\/tintas2000.pt\\\/home\\\/#website\",\"url\":\"https:\\\/\\\/tintas2000.pt\\\/home\\\/\",\"name\":\"Tintas 2000\",\"description\":\"Tintas 2000\",\"potentialAction\":[{\"@type\":\"SearchAction\",\"target\":{\"@type\":\"EntryPoint\",\"urlTemplate\":\"https:\\\/\\\/tintas2000.pt\\\/home\\\/?s={search_term_string}\"},\"query-input\":{\"@type\":\"PropertyValueSpecification\",\"valueRequired\":true,\"valueName\":\"search_term_string\"}}],\"inLanguage\":\"pt-PT\"}]}<\/script>\n<!-- \/ Yoast SEO plugin. -->","yoast_head_json":{"title":"Spray Efeito Dourado Dourado 400ml - Tintas 2000","robots":{"index":"index","follow":"follow","max-snippet":"max-snippet:-1","max-image-preview":"max-image-preview:large","max-video-preview":"max-video-preview:-1"},"canonical":"https:\/\/tintas2000.pt\/home\/produtos\/spray-efeito-dourado-dourado-400ml\/","og_locale":"pt_PT","og_type":"article","og_title":"Spray Efeito Dourado Dourado 400ml - Tintas 2000","og_description":"CARACTER\u00cdSTICAS DO PRODUTO Tinta aquosa para constru\u00e7\u00e3o civil. UTILIZA\u00c7\u00c3O Texto PROPRIEDADES Texto ACABAMENTO Texto APLICA\u00c7\u00c3O Texto RENDIMENTO Texto CORES DISPON\u00cdVEIS Texto ficha t\u00e9cnica ficha dados de seguran\u00e7a","og_url":"https:\/\/tintas2000.pt\/home\/produtos\/spray-efeito-dourado-dourado-400ml\/","og_site_name":"Tintas 2000","article_modified_time":"2025-05-20T12:38:39+00:00","og_image":[{"width":220,"height":200,"url":"https:\/\/tintas2000.pt\/home\/wp-content\/uploads\/2021\/03\/LOGO___LISTA_5_18.png","type":"image\/png"}],"twitter_card":"summary_large_image","schema":{"@context":"https:\/\/schema.org","@graph":[{"@type":"WebPage","@id":"https:\/\/tintas2000.pt\/home\/produtos\/spray-efeito-dourado-dourado-400ml\/","url":"https:\/\/tintas2000.pt\/home\/produtos\/spray-efeito-dourado-dourado-400ml\/","name":"Spray Efeito Dourado Dourado 400ml - Tintas 2000","isPartOf":{"@id":"https:\/\/tintas2000.pt\/home\/#website"},"primaryImageOfPage":{"@id":"https:\/\/tintas2000.pt\/home\/produtos\/spray-efeito-dourado-dourado-400ml\/#primaryimage"},"image":{"@id":"https:\/\/tintas2000.pt\/home\/produtos\/spray-efeito-dourado-dourado-400ml\/#primaryimage"},"thumbnailUrl":"https:\/\/tintas2000.pt\/home\/wp-content\/uploads\/2021\/03\/LOGO___LISTA_5_18.png","datePublished":"2021-03-08T10:12:19+00:00","dateModified":"2025-05-20T12:38:39+00:00","breadcrumb":{"@id":"https:\/\/tintas2000.pt\/home\/produtos\/spray-efeito-dourado-dourado-400ml\/#breadcrumb"},"inLanguage":"pt-PT","potentialAction":[{"@type":"ReadAction","target":["https:\/\/tintas2000.pt\/home\/produtos\/spray-efeito-dourado-dourado-400ml\/"]}]},{"@type":"ImageObject","inLanguage":"pt-PT","@id":"https:\/\/tintas2000.pt\/home\/produtos\/spray-efeito-dourado-dourado-400ml\/#primaryimage","url":"https:\/\/tintas2000.pt\/home\/wp-content\/uploads\/2021\/03\/LOGO___LISTA_5_18.png","contentUrl":"https:\/\/tintas2000.pt\/home\/wp-content\/uploads\/2021\/03\/LOGO___LISTA_5_18.png","width":220,"height":200},{"@type":"BreadcrumbList","@id":"https:\/\/tintas2000.pt\/home\/produtos\/spray-efeito-dourado-dourado-400ml\/#breadcrumb","itemListElement":[{"@type":"ListItem","position":1,"name":"In\u00edcio","item":"https:\/\/tintas2000.pt\/home\/"},{"@type":"ListItem","position":2,"name":"Shop","item":"https:\/\/tintas2000.pt\/home\/shop-2\/"},{"@type":"ListItem","position":3,"name":"Spray Efeito Dourado Dourado 400ml"}]},{"@type":"WebSite","@id":"https:\/\/tintas2000.pt\/home\/#website","url":"https:\/\/tintas2000.pt\/home\/","name":"Tintas 2000","description":"Tintas 2000","potentialAction":[{"@type":"SearchAction","target":{"@type":"EntryPoint","urlTemplate":"https:\/\/tintas2000.pt\/home\/?s={search_term_string}"},"query-input":{"@type":"PropertyValueSpecification","valueRequired":true,"valueName":"search_term_string"}}],"inLanguage":"pt-PT"}]}},"_links":{"self":[{"href":"https:\/\/tintas2000.pt\/home\/wp-json\/wp\/v2\/product\/12807","targetHints":{"allow":["GET"]}}],"collection":[{"href":"https:\/\/tintas2000.pt\/home\/wp-json\/wp\/v2\/product"}],"about":[{"href":"https:\/\/tintas2000.pt\/home\/wp-json\/wp\/v2\/types\/product"}],"replies":[{"embeddable":true,"href":"https:\/\/tintas2000.pt\/home\/wp-json\/wp\/v2\/comments?post=12807"}],"version-history":[{"count":1,"href":"https:\/\/tintas2000.pt\/home\/wp-json\/wp\/v2\/product\/12807\/revisions"}],"predecessor-version":[{"id":44935,"href":"https:\/\/tintas2000.pt\/home\/wp-json\/wp\/v2\/product\/12807\/revisions\/44935"}],"wp:featuredmedia":[{"embeddable":true,"href":"https:\/\/tintas2000.pt\/home\/wp-json\/wp\/v2\/media\/12806"}],"wp:attachment":[{"href":"https:\/\/tintas2000.pt\/home\/wp-json\/wp\/v2\/media?parent=12807"}],"wp:term":[{"taxonomy":"product_brand","embeddable":true,"href":"https:\/\/tintas2000.pt\/home\/wp-json\/wp\/v2\/product_brand?post=12807"},{"taxonomy":"product_cat","embeddable":true,"href":"https:\/\/tintas2000.pt\/home\/wp-json\/wp\/v2\/product_cat?post=12807"},{"taxonomy":"product_tag","embeddable":true,"href":"https:\/\/tintas2000.pt\/home\/wp-json\/wp\/v2\/product_tag?post=12807"}],"curies":[{"name":"wp","href":"https:\/\/api.w.org\/{rel}","templated":true}]}}