{"id":30261,"date":"2021-09-28T09:14:35","date_gmt":"2021-09-28T09:14:35","guid":{"rendered":"https:\/\/tintas2000.pt\/home\/product\/primario-ecopliomil\/"},"modified":"2025-05-20T13:39:02","modified_gmt":"2025-05-20T12:39:02","slug":"primario-ecopliomil","status":"publish","type":"product","link":"https:\/\/tintas2000.pt\/home\/produtos\/primario-ecopliomil\/","title":{"rendered":"Prim\u00e1rio Ecopliomil"},"content":{"rendered":"\t\t<div data-elementor-type=\"product-post\" data-elementor-id=\"30261\" class=\"elementor elementor-30261\" data-elementor-post-type=\"product\">\n\t\t\t\t\t\t<section class=\"elementor-section elementor-top-section elementor-element elementor-element-143e805 elementor-section-boxed elementor-section-height-default elementor-section-height-default\" data-id=\"143e805\" data-element_type=\"section\" data-e-type=\"section\">\n\t\t\t\t\t\t<div class=\"elementor-container elementor-column-gap-default\">\n\t\t\t\t\t<div class=\"elementor-column elementor-col-100 elementor-top-column elementor-element elementor-element-4bad817\" data-id=\"4bad817\" data-element_type=\"column\" data-e-type=\"column\">\n\t\t\t<div class=\"elementor-widget-wrap elementor-element-populated\">\n\t\t\t\t\t\t<div class=\"elementor-element elementor-element-e702d97 elementor-widget-divider--view-line_text elementor-widget-divider--element-align-center elementor-widget elementor-widget-divider\" data-id=\"e702d97\" data-element_type=\"widget\" data-e-type=\"widget\" data-widget_type=\"divider.default\">\n\t\t\t\t<div class=\"elementor-widget-container\">\n\t\t\t\t\t\t\t<div class=\"elementor-divider\">\n\t\t\t<span class=\"elementor-divider-separator\">\n\t\t\t\t\t\t<\/span>\n\t\t<\/div>\n\t\t\t\t\t\t<\/div>\n\t\t\t\t<\/div>\n\t\t\t\t<div class=\"elementor-element elementor-element-fd0dd0a elementor-widget elementor-widget-heading\" data-id=\"fd0dd0a\" data-element_type=\"widget\" data-e-type=\"widget\" data-widget_type=\"heading.default\">\n\t\t\t\t<div class=\"elementor-widget-container\">\n\t\t\t\t\t<h2 class=\"elementor-heading-title elementor-size-default\">CARACTER\u00cdSTICAS DO PRODUTO<\/h2>\t\t\t\t<\/div>\n\t\t\t\t<\/div>\n\t\t\t\t<div class=\"elementor-element elementor-element-967eed1 elementor-widget elementor-widget-text-editor\" data-id=\"967eed1\" data-element_type=\"widget\" data-e-type=\"widget\" data-widget_type=\"text-editor.default\">\n\t\t\t\t<div class=\"elementor-widget-container\">\n\t\t\t\t\t\t\t\t\t<p>Prim\u00e1rio fixador baseado em resinas de copol\u00edmeros vinil-acr\u00edlicos em base solvente, da linha Plioway \u00ae, para fachadas e paredes. Resistente ao desenvolvimento de bolores e fungos. Excelente ader\u00eancia. Odor pouco intenso.<\/p>\t\t\t\t\t\t\t\t<\/div>\n\t\t\t\t<\/div>\n\t\t\t\t<section class=\"elementor-section elementor-inner-section elementor-element elementor-element-371655e elementor-section-content-top nm-btn-icon nm-margin-left elementor-section-boxed elementor-section-height-default elementor-section-height-default\" data-id=\"371655e\" data-element_type=\"section\" data-e-type=\"section\">\n\t\t\t\t\t\t<div class=\"elementor-container elementor-column-gap-default\">\n\t\t\t\t\t<div class=\"elementor-column elementor-col-50 elementor-inner-column elementor-element elementor-element-b957bfa\" data-id=\"b957bfa\" data-element_type=\"column\" data-e-type=\"column\">\n\t\t\t<div class=\"elementor-widget-wrap elementor-element-populated\">\n\t\t\t\t\t\t<div class=\"elementor-element elementor-element-e14498d elementor-align-justify elementor-mobile-align-center elementor-widget elementor-widget-button\" data-id=\"e14498d\" data-element_type=\"widget\" data-e-type=\"widget\" data-widget_type=\"button.default\">\n\t\t\t\t<div class=\"elementor-widget-container\">\n\t\t\t\t\t\t\t\t\t<div class=\"elementor-button-wrapper\">\n\t\t\t\t\t<a class=\"elementor-button elementor-button-link elementor-size-md\" href=\"https:\/\/www.tintas2000.pt\/home\/wp-content\/uploads\/Fichas%20T\u00e9cnicas\/FT_CC\/FT_CC\/PRIMARIO%20ECOPLIOMIL.pdf\" target=\"_blank\">\n\t\t\t\t\t\t<span class=\"elementor-button-content-wrapper\">\n\t\t\t\t\t\t<span class=\"elementor-button-icon\">\n\t\t\t\t<svg xmlns=\"http:\/\/www.w3.org\/2000\/svg\" width=\"26\" height=\"27\" viewBox=\"0 0 26 27\" fill=\"none\"><path d=\"M18.0918 15.9551L12.7509 21.296\" stroke=\"white\" stroke-width=\"2\" stroke-miterlimit=\"10\" stroke-linecap=\"round\" stroke-linejoin=\"round\"><\/path><path d=\"M7.40906 15.9551L12.75 21.296\" stroke=\"white\" stroke-width=\"2\" stroke-miterlimit=\"10\" stroke-linecap=\"round\" stroke-linejoin=\"round\"><\/path><path d=\"M24.5 19.1582V24.4991C24.5 25.0866 24.0086 25.5673 23.4318 25.5673H2.04682C1.47 25.5673 1 25.0866 1 24.4991V19.1582\" stroke=\"white\" stroke-width=\"2\" stroke-miterlimit=\"10\" stroke-linecap=\"round\" stroke-linejoin=\"round\"><\/path><path d=\"M12.75 1V21.2955\" stroke=\"white\" stroke-width=\"2\" stroke-miterlimit=\"10\" stroke-linecap=\"round\" stroke-linejoin=\"round\"><\/path><\/svg>\t\t\t<\/span>\n\t\t\t\t\t\t\t\t\t<span class=\"elementor-button-text\">ficha t\u00e9cnica<\/span>\n\t\t\t\t\t<\/span>\n\t\t\t\t\t<\/a>\n\t\t\t\t<\/div>\n\t\t\t\t\t\t\t\t<\/div>\n\t\t\t\t<\/div>\n\t\t\t\t\t<\/div>\n\t\t<\/div>\n\t\t\t\t<div class=\"elementor-column elementor-col-50 elementor-inner-column elementor-element elementor-element-a9f265e\" data-id=\"a9f265e\" data-element_type=\"column\" data-e-type=\"column\">\n\t\t\t<div class=\"elementor-widget-wrap elementor-element-populated\">\n\t\t\t\t\t\t<div class=\"elementor-element elementor-element-b3af1df elementor-align-justify elementor-mobile-align-center elementor-widget elementor-widget-button\" data-id=\"b3af1df\" data-element_type=\"widget\" data-e-type=\"widget\" data-widget_type=\"button.default\">\n\t\t\t\t<div class=\"elementor-widget-container\">\n\t\t\t\t\t\t\t\t\t<div class=\"elementor-button-wrapper\">\n\t\t\t\t\t<a class=\"elementor-button elementor-button-link elementor-size-md\" href=\"https:\/\/tintas2000.pt\/home\/wp-content\/uploads\/Fichas%20Dados%20Seguran%C3%A7a\/210180__PRIMARIO_ECOPLIOMIL_BRANCO.pdf\" target=\"_blank\">\n\t\t\t\t\t\t<span class=\"elementor-button-content-wrapper\">\n\t\t\t\t\t\t<span class=\"elementor-button-icon\">\n\t\t\t\t<svg xmlns=\"http:\/\/www.w3.org\/2000\/svg\" width=\"26\" height=\"27\" viewBox=\"0 0 26 27\" fill=\"none\"><path d=\"M18.0918 15.9551L12.7509 21.296\" stroke=\"white\" stroke-width=\"2\" stroke-miterlimit=\"10\" stroke-linecap=\"round\" stroke-linejoin=\"round\"><\/path><path d=\"M7.40906 15.9551L12.75 21.296\" stroke=\"white\" stroke-width=\"2\" stroke-miterlimit=\"10\" stroke-linecap=\"round\" stroke-linejoin=\"round\"><\/path><path d=\"M24.5 19.1582V24.4991C24.5 25.0866 24.0086 25.5673 23.4318 25.5673H2.04682C1.47 25.5673 1 25.0866 1 24.4991V19.1582\" stroke=\"white\" stroke-width=\"2\" stroke-miterlimit=\"10\" stroke-linecap=\"round\" stroke-linejoin=\"round\"><\/path><path d=\"M12.75 1V21.2955\" stroke=\"white\" stroke-width=\"2\" stroke-miterlimit=\"10\" stroke-linecap=\"round\" stroke-linejoin=\"round\"><\/path><\/svg>\t\t\t<\/span>\n\t\t\t\t\t\t\t\t\t<span class=\"elementor-button-text\">ficha dados de seguran\u00e7a<\/span>\n\t\t\t\t\t<\/span>\n\t\t\t\t\t<\/a>\n\t\t\t\t<\/div>\n\t\t\t\t\t\t\t\t<\/div>\n\t\t\t\t<\/div>\n\t\t\t\t\t<\/div>\n\t\t<\/div>\n\t\t\t\t\t<\/div>\n\t\t<\/section>\n\t\t\t\t\t<\/div>\n\t\t<\/div>\n\t\t\t\t\t<\/div>\n\t\t<\/section>\n\t\t\t\t<\/div>\n\t\t","protected":false},"excerpt":{"rendered":"<p>Prim\u00e1rio fixador baseado em resinas de copol\u00edmeros vinil-acr\u00edlicos em base solvente, da linha Plioway \u00ae, para fachadas e paredes. Resistente ao desenvolvimento de bolores e fungos. Excelente ader\u00eancia. Odor pouco intenso.<\/p>\n","protected":false},"featured_media":25244,"comment_status":"open","ping_status":"closed","template":"","meta":{"_acf_changed":false},"product_brand":[],"product_cat":[474,487],"product_tag":[],"class_list":{"0":"post-30261","1":"product","2":"type-product","3":"status-publish","4":"has-post-thumbnail","6":"product_cat-construcao-civil-profissional","7":"product_cat-fachadas-construcao-civil-profissional","9":"first","10":"instock","11":"taxable","12":"shipping-taxable","13":"product-type-simple"},"acf":[],"yoast_head":"<!-- This site is optimized with the Yoast SEO plugin v27.4 - https:\/\/yoast.com\/product\/yoast-seo-wordpress\/ -->\n<title>Prim\u00e1rio Ecopliomil - Tintas 2000<\/title>\n<meta name=\"robots\" content=\"index, follow, max-snippet:-1, max-image-preview:large, max-video-preview:-1\" \/>\n<link rel=\"canonical\" href=\"https:\/\/tintas2000.pt\/home\/produtos\/primario-ecopliomil\/\" \/>\n<meta property=\"og:locale\" content=\"pt_PT\" \/>\n<meta property=\"og:type\" content=\"article\" \/>\n<meta property=\"og:title\" content=\"Prim\u00e1rio Ecopliomil - Tintas 2000\" \/>\n<meta property=\"og:description\" content=\"Prim\u00e1rio fixador baseado em resinas de copol\u00edmeros vinil-acr\u00edlicos em base solvente, da linha Plioway \u00ae, para fachadas e paredes. Resistente ao desenvolvimento de bolores e fungos. Excelente ader\u00eancia. Odor pouco intenso.\" \/>\n<meta property=\"og:url\" content=\"https:\/\/tintas2000.pt\/home\/produtos\/primario-ecopliomil\/\" \/>\n<meta property=\"og:site_name\" content=\"Tintas 2000\" \/>\n<meta property=\"article:modified_time\" content=\"2025-05-20T12:39:02+00:00\" \/>\n<meta property=\"og:image\" content=\"https:\/\/tintas2000.pt\/home\/wp-content\/uploads\/2021\/05\/Pliomil-15L.jpg\" \/>\n\t<meta property=\"og:image:width\" content=\"1500\" \/>\n\t<meta property=\"og:image:height\" content=\"1662\" \/>\n\t<meta property=\"og:image:type\" content=\"image\/jpeg\" \/>\n<meta name=\"twitter:card\" content=\"summary_large_image\" \/>\n<script type=\"application\/ld+json\" class=\"yoast-schema-graph\">{\"@context\":\"https:\\\/\\\/schema.org\",\"@graph\":[{\"@type\":\"WebPage\",\"@id\":\"https:\\\/\\\/tintas2000.pt\\\/home\\\/produtos\\\/primario-ecopliomil\\\/\",\"url\":\"https:\\\/\\\/tintas2000.pt\\\/home\\\/produtos\\\/primario-ecopliomil\\\/\",\"name\":\"Prim\u00e1rio Ecopliomil - Tintas 2000\",\"isPartOf\":{\"@id\":\"https:\\\/\\\/tintas2000.pt\\\/home\\\/#website\"},\"primaryImageOfPage\":{\"@id\":\"https:\\\/\\\/tintas2000.pt\\\/home\\\/produtos\\\/primario-ecopliomil\\\/#primaryimage\"},\"image\":{\"@id\":\"https:\\\/\\\/tintas2000.pt\\\/home\\\/produtos\\\/primario-ecopliomil\\\/#primaryimage\"},\"thumbnailUrl\":\"https:\\\/\\\/tintas2000.pt\\\/home\\\/wp-content\\\/uploads\\\/2021\\\/05\\\/Pliomil-15L.jpg\",\"datePublished\":\"2021-09-28T09:14:35+00:00\",\"dateModified\":\"2025-05-20T12:39:02+00:00\",\"breadcrumb\":{\"@id\":\"https:\\\/\\\/tintas2000.pt\\\/home\\\/produtos\\\/primario-ecopliomil\\\/#breadcrumb\"},\"inLanguage\":\"pt-PT\",\"potentialAction\":[{\"@type\":\"ReadAction\",\"target\":[\"https:\\\/\\\/tintas2000.pt\\\/home\\\/produtos\\\/primario-ecopliomil\\\/\"]}]},{\"@type\":\"ImageObject\",\"inLanguage\":\"pt-PT\",\"@id\":\"https:\\\/\\\/tintas2000.pt\\\/home\\\/produtos\\\/primario-ecopliomil\\\/#primaryimage\",\"url\":\"https:\\\/\\\/tintas2000.pt\\\/home\\\/wp-content\\\/uploads\\\/2021\\\/05\\\/Pliomil-15L.jpg\",\"contentUrl\":\"https:\\\/\\\/tintas2000.pt\\\/home\\\/wp-content\\\/uploads\\\/2021\\\/05\\\/Pliomil-15L.jpg\",\"width\":1500,\"height\":1662},{\"@type\":\"BreadcrumbList\",\"@id\":\"https:\\\/\\\/tintas2000.pt\\\/home\\\/produtos\\\/primario-ecopliomil\\\/#breadcrumb\",\"itemListElement\":[{\"@type\":\"ListItem\",\"position\":1,\"name\":\"In\u00edcio\",\"item\":\"https:\\\/\\\/tintas2000.pt\\\/home\\\/\"},{\"@type\":\"ListItem\",\"position\":2,\"name\":\"Shop\",\"item\":\"https:\\\/\\\/tintas2000.pt\\\/home\\\/shop-2\\\/\"},{\"@type\":\"ListItem\",\"position\":3,\"name\":\"Prim\u00e1rio Ecopliomil\"}]},{\"@type\":\"WebSite\",\"@id\":\"https:\\\/\\\/tintas2000.pt\\\/home\\\/#website\",\"url\":\"https:\\\/\\\/tintas2000.pt\\\/home\\\/\",\"name\":\"Tintas 2000\",\"description\":\"Tintas 2000\",\"potentialAction\":[{\"@type\":\"SearchAction\",\"target\":{\"@type\":\"EntryPoint\",\"urlTemplate\":\"https:\\\/\\\/tintas2000.pt\\\/home\\\/?s={search_term_string}\"},\"query-input\":{\"@type\":\"PropertyValueSpecification\",\"valueRequired\":true,\"valueName\":\"search_term_string\"}}],\"inLanguage\":\"pt-PT\"}]}<\/script>\n<!-- \/ Yoast SEO plugin. -->","yoast_head_json":{"title":"Prim\u00e1rio Ecopliomil - Tintas 2000","robots":{"index":"index","follow":"follow","max-snippet":"max-snippet:-1","max-image-preview":"max-image-preview:large","max-video-preview":"max-video-preview:-1"},"canonical":"https:\/\/tintas2000.pt\/home\/produtos\/primario-ecopliomil\/","og_locale":"pt_PT","og_type":"article","og_title":"Prim\u00e1rio Ecopliomil - Tintas 2000","og_description":"Prim\u00e1rio fixador baseado em resinas de copol\u00edmeros vinil-acr\u00edlicos em base solvente, da linha Plioway \u00ae, para fachadas e paredes. Resistente ao desenvolvimento de bolores e fungos. Excelente ader\u00eancia. Odor pouco intenso.","og_url":"https:\/\/tintas2000.pt\/home\/produtos\/primario-ecopliomil\/","og_site_name":"Tintas 2000","article_modified_time":"2025-05-20T12:39:02+00:00","og_image":[{"width":1500,"height":1662,"url":"https:\/\/tintas2000.pt\/home\/wp-content\/uploads\/2021\/05\/Pliomil-15L.jpg","type":"image\/jpeg"}],"twitter_card":"summary_large_image","schema":{"@context":"https:\/\/schema.org","@graph":[{"@type":"WebPage","@id":"https:\/\/tintas2000.pt\/home\/produtos\/primario-ecopliomil\/","url":"https:\/\/tintas2000.pt\/home\/produtos\/primario-ecopliomil\/","name":"Prim\u00e1rio Ecopliomil - Tintas 2000","isPartOf":{"@id":"https:\/\/tintas2000.pt\/home\/#website"},"primaryImageOfPage":{"@id":"https:\/\/tintas2000.pt\/home\/produtos\/primario-ecopliomil\/#primaryimage"},"image":{"@id":"https:\/\/tintas2000.pt\/home\/produtos\/primario-ecopliomil\/#primaryimage"},"thumbnailUrl":"https:\/\/tintas2000.pt\/home\/wp-content\/uploads\/2021\/05\/Pliomil-15L.jpg","datePublished":"2021-09-28T09:14:35+00:00","dateModified":"2025-05-20T12:39:02+00:00","breadcrumb":{"@id":"https:\/\/tintas2000.pt\/home\/produtos\/primario-ecopliomil\/#breadcrumb"},"inLanguage":"pt-PT","potentialAction":[{"@type":"ReadAction","target":["https:\/\/tintas2000.pt\/home\/produtos\/primario-ecopliomil\/"]}]},{"@type":"ImageObject","inLanguage":"pt-PT","@id":"https:\/\/tintas2000.pt\/home\/produtos\/primario-ecopliomil\/#primaryimage","url":"https:\/\/tintas2000.pt\/home\/wp-content\/uploads\/2021\/05\/Pliomil-15L.jpg","contentUrl":"https:\/\/tintas2000.pt\/home\/wp-content\/uploads\/2021\/05\/Pliomil-15L.jpg","width":1500,"height":1662},{"@type":"BreadcrumbList","@id":"https:\/\/tintas2000.pt\/home\/produtos\/primario-ecopliomil\/#breadcrumb","itemListElement":[{"@type":"ListItem","position":1,"name":"In\u00edcio","item":"https:\/\/tintas2000.pt\/home\/"},{"@type":"ListItem","position":2,"name":"Shop","item":"https:\/\/tintas2000.pt\/home\/shop-2\/"},{"@type":"ListItem","position":3,"name":"Prim\u00e1rio Ecopliomil"}]},{"@type":"WebSite","@id":"https:\/\/tintas2000.pt\/home\/#website","url":"https:\/\/tintas2000.pt\/home\/","name":"Tintas 2000","description":"Tintas 2000","potentialAction":[{"@type":"SearchAction","target":{"@type":"EntryPoint","urlTemplate":"https:\/\/tintas2000.pt\/home\/?s={search_term_string}"},"query-input":{"@type":"PropertyValueSpecification","valueRequired":true,"valueName":"search_term_string"}}],"inLanguage":"pt-PT"}]}},"_links":{"self":[{"href":"https:\/\/tintas2000.pt\/home\/wp-json\/wp\/v2\/product\/30261","targetHints":{"allow":["GET"]}}],"collection":[{"href":"https:\/\/tintas2000.pt\/home\/wp-json\/wp\/v2\/product"}],"about":[{"href":"https:\/\/tintas2000.pt\/home\/wp-json\/wp\/v2\/types\/product"}],"replies":[{"embeddable":true,"href":"https:\/\/tintas2000.pt\/home\/wp-json\/wp\/v2\/comments?post=30261"}],"version-history":[{"count":1,"href":"https:\/\/tintas2000.pt\/home\/wp-json\/wp\/v2\/product\/30261\/revisions"}],"predecessor-version":[{"id":44897,"href":"https:\/\/tintas2000.pt\/home\/wp-json\/wp\/v2\/product\/30261\/revisions\/44897"}],"wp:featuredmedia":[{"embeddable":true,"href":"https:\/\/tintas2000.pt\/home\/wp-json\/wp\/v2\/media\/25244"}],"wp:attachment":[{"href":"https:\/\/tintas2000.pt\/home\/wp-json\/wp\/v2\/media?parent=30261"}],"wp:term":[{"taxonomy":"product_brand","embeddable":true,"href":"https:\/\/tintas2000.pt\/home\/wp-json\/wp\/v2\/product_brand?post=30261"},{"taxonomy":"product_cat","embeddable":true,"href":"https:\/\/tintas2000.pt\/home\/wp-json\/wp\/v2\/product_cat?post=30261"},{"taxonomy":"product_tag","embeddable":true,"href":"https:\/\/tintas2000.pt\/home\/wp-json\/wp\/v2\/product_tag?post=30261"}],"curies":[{"name":"wp","href":"https:\/\/api.w.org\/{rel}","templated":true}]}}