{"id":32234,"date":"2021-11-24T11:45:48","date_gmt":"2021-11-24T11:45:48","guid":{"rendered":"https:\/\/tintas2000.pt\/home\/product\/tinta-epoxi-2000\/"},"modified":"2025-05-20T13:39:47","modified_gmt":"2025-05-20T12:39:47","slug":"tinta-epoxi-2000","status":"publish","type":"product","link":"https:\/\/tintas2000.pt\/home\/produtos\/tinta-epoxi-2000\/","title":{"rendered":"TINTA EPOXI 2000"},"content":{"rendered":"\t\t<div data-elementor-type=\"product-post\" data-elementor-id=\"32234\" class=\"elementor elementor-32234\" data-elementor-post-type=\"product\">\n\t\t\t\t\t\t<section class=\"elementor-section elementor-top-section elementor-element elementor-element-914e606 elementor-section-boxed elementor-section-height-default elementor-section-height-default\" data-id=\"914e606\" data-element_type=\"section\" data-e-type=\"section\">\n\t\t\t\t\t\t<div class=\"elementor-container elementor-column-gap-default\">\n\t\t\t\t\t<div class=\"elementor-column elementor-col-100 elementor-top-column elementor-element elementor-element-421922a\" data-id=\"421922a\" data-element_type=\"column\" data-e-type=\"column\">\n\t\t\t<div class=\"elementor-widget-wrap elementor-element-populated\">\n\t\t\t\t\t\t<div class=\"elementor-element elementor-element-18f7b99 elementor-widget-divider--view-line_text elementor-widget-divider--element-align-center elementor-widget elementor-widget-divider\" data-id=\"18f7b99\" data-element_type=\"widget\" data-e-type=\"widget\" data-widget_type=\"divider.default\">\n\t\t\t\t<div class=\"elementor-widget-container\">\n\t\t\t\t\t\t\t<div class=\"elementor-divider\">\n\t\t\t<span class=\"elementor-divider-separator\">\n\t\t\t\t\t\t<\/span>\n\t\t<\/div>\n\t\t\t\t\t\t<\/div>\n\t\t\t\t<\/div>\n\t\t\t\t<div class=\"elementor-element elementor-element-c2bf233 elementor-widget elementor-widget-heading\" data-id=\"c2bf233\" data-element_type=\"widget\" data-e-type=\"widget\" data-widget_type=\"heading.default\">\n\t\t\t\t<div class=\"elementor-widget-container\">\n\t\t\t\t\t<h2 class=\"elementor-heading-title elementor-size-default\">CARACTER\u00cdSTICAS DO PRODUTO<\/h2>\t\t\t\t<\/div>\n\t\t\t\t<\/div>\n\t\t\t\t<div class=\"elementor-element elementor-element-9e95b88 elementor-widget elementor-widget-text-editor\" data-id=\"9e95b88\" data-element_type=\"widget\" data-e-type=\"widget\" data-widget_type=\"text-editor.default\">\n\t\t\t\t<div class=\"elementor-widget-container\">\n\t\t\t\t\t\t\t\t\t<p>Tinta formulada \u00e0 base de resinas epoxi indicada para a ind\u00fastria metalomec\u00e2nica. Tem excelente ader\u00eancia sobre a\u00e7o, boa prote\u00e7\u00e3o anticorrosiva, permite aplica\u00e7\u00e3o de espessuras elevadas. Boa resist\u00eancia a ambientes mar\u00edtimos e industriais. Acabamento acetinado.<\/p>\t\t\t\t\t\t\t\t<\/div>\n\t\t\t\t<\/div>\n\t\t\t\t<section class=\"elementor-section elementor-inner-section elementor-element elementor-element-4b983a2 nm-btn-icon elementor-section-boxed elementor-section-height-default elementor-section-height-default\" data-id=\"4b983a2\" data-element_type=\"section\" data-e-type=\"section\">\n\t\t\t\t\t\t<div class=\"elementor-container elementor-column-gap-default\">\n\t\t\t\t\t<div class=\"elementor-column elementor-col-50 elementor-inner-column elementor-element elementor-element-7828635\" data-id=\"7828635\" data-element_type=\"column\" data-e-type=\"column\">\n\t\t\t<div class=\"elementor-widget-wrap elementor-element-populated\">\n\t\t\t\t\t\t<div class=\"elementor-element elementor-element-591d24d elementor-align-justify elementor-mobile-align-center elementor-widget elementor-widget-button\" data-id=\"591d24d\" data-element_type=\"widget\" data-e-type=\"widget\" data-widget_type=\"button.default\">\n\t\t\t\t<div class=\"elementor-widget-container\">\n\t\t\t\t\t\t\t\t\t<div class=\"elementor-button-wrapper\">\n\t\t\t\t\t<a class=\"elementor-button elementor-button-link elementor-size-md\" href=\"https:\/\/tintas2000.pt\/home\/wp-content\/uploads\/Fichas%20T\u00e9cnicas\/FT%20METALOMEC\u00c2NICA\/TINTA%20EPOXI%202000.pdf\" target=\"_blank\">\n\t\t\t\t\t\t<span class=\"elementor-button-content-wrapper\">\n\t\t\t\t\t\t<span class=\"elementor-button-icon\">\n\t\t\t\t<svg xmlns=\"http:\/\/www.w3.org\/2000\/svg\" width=\"26\" height=\"27\" viewBox=\"0 0 26 27\" fill=\"none\"><path d=\"M18.0918 15.9551L12.7509 21.296\" stroke=\"white\" stroke-width=\"2\" stroke-miterlimit=\"10\" stroke-linecap=\"round\" stroke-linejoin=\"round\"><\/path><path d=\"M7.40906 15.9551L12.75 21.296\" stroke=\"white\" stroke-width=\"2\" stroke-miterlimit=\"10\" stroke-linecap=\"round\" stroke-linejoin=\"round\"><\/path><path d=\"M24.5 19.1582V24.4991C24.5 25.0866 24.0086 25.5673 23.4318 25.5673H2.04682C1.47 25.5673 1 25.0866 1 24.4991V19.1582\" stroke=\"white\" stroke-width=\"2\" stroke-miterlimit=\"10\" stroke-linecap=\"round\" stroke-linejoin=\"round\"><\/path><path d=\"M12.75 1V21.2955\" stroke=\"white\" stroke-width=\"2\" stroke-miterlimit=\"10\" stroke-linecap=\"round\" stroke-linejoin=\"round\"><\/path><\/svg>\t\t\t<\/span>\n\t\t\t\t\t\t\t\t\t<span class=\"elementor-button-text\">ficha t\u00e9cnica<\/span>\n\t\t\t\t\t<\/span>\n\t\t\t\t\t<\/a>\n\t\t\t\t<\/div>\n\t\t\t\t\t\t\t\t<\/div>\n\t\t\t\t<\/div>\n\t\t\t\t\t<\/div>\n\t\t<\/div>\n\t\t\t\t<div class=\"elementor-column elementor-col-50 elementor-inner-column elementor-element elementor-element-15509c6\" data-id=\"15509c6\" data-element_type=\"column\" data-e-type=\"column\">\n\t\t\t<div class=\"elementor-widget-wrap elementor-element-populated\">\n\t\t\t\t\t\t<div class=\"elementor-element elementor-element-8236c59 elementor-align-justify elementor-mobile-align-center elementor-widget elementor-widget-button\" data-id=\"8236c59\" data-element_type=\"widget\" data-e-type=\"widget\" data-widget_type=\"button.default\">\n\t\t\t\t<div class=\"elementor-widget-container\">\n\t\t\t\t\t\t\t\t\t<div class=\"elementor-button-wrapper\">\n\t\t\t\t\t<a class=\"elementor-button elementor-button-link elementor-size-md\" href=\"https:\/\/tintas2000.pt\/home\/wp-content\/uploads\/Fichas%20Dados%20Seguran%C3%A7a\/221063__TINTA_EPOXI_2000.pdf\" target=\"_blank\">\n\t\t\t\t\t\t<span class=\"elementor-button-content-wrapper\">\n\t\t\t\t\t\t<span class=\"elementor-button-icon\">\n\t\t\t\t<svg xmlns=\"http:\/\/www.w3.org\/2000\/svg\" width=\"26\" height=\"27\" viewBox=\"0 0 26 27\" fill=\"none\"><path d=\"M18.0918 15.9551L12.7509 21.296\" stroke=\"white\" stroke-width=\"2\" stroke-miterlimit=\"10\" stroke-linecap=\"round\" stroke-linejoin=\"round\"><\/path><path d=\"M7.40906 15.9551L12.75 21.296\" stroke=\"white\" stroke-width=\"2\" stroke-miterlimit=\"10\" stroke-linecap=\"round\" stroke-linejoin=\"round\"><\/path><path d=\"M24.5 19.1582V24.4991C24.5 25.0866 24.0086 25.5673 23.4318 25.5673H2.04682C1.47 25.5673 1 25.0866 1 24.4991V19.1582\" stroke=\"white\" stroke-width=\"2\" stroke-miterlimit=\"10\" stroke-linecap=\"round\" stroke-linejoin=\"round\"><\/path><path d=\"M12.75 1V21.2955\" stroke=\"white\" stroke-width=\"2\" stroke-miterlimit=\"10\" stroke-linecap=\"round\" stroke-linejoin=\"round\"><\/path><\/svg>\t\t\t<\/span>\n\t\t\t\t\t\t\t\t\t<span class=\"elementor-button-text\">ficha dados de seguran\u00e7a<\/span>\n\t\t\t\t\t<\/span>\n\t\t\t\t\t<\/a>\n\t\t\t\t<\/div>\n\t\t\t\t\t\t\t\t<\/div>\n\t\t\t\t<\/div>\n\t\t\t\t\t<\/div>\n\t\t<\/div>\n\t\t\t\t\t<\/div>\n\t\t<\/section>\n\t\t\t\t\t<\/div>\n\t\t<\/div>\n\t\t\t\t\t<\/div>\n\t\t<\/section>\n\t\t\t\t<\/div>\n\t\t","protected":false},"excerpt":{"rendered":"<p>Tinta formulada \u00e0 base de resinas epoxi indicada para a ind\u00fastria metalomec\u00e2nica. Tem excelente ader\u00eancia sobre a\u00e7o, boa prote\u00e7\u00e3o<br \/>\n anticorrosiva, permite aplica\u00e7\u00e3o de espessuras elevadas. Boa resist\u00eancia a ambientes mar\u00edtimos e industriais. Acabamento acetinado.<\/p>\n","protected":false},"featured_media":25349,"comment_status":"open","ping_status":"closed","template":"","meta":{"_acf_changed":false},"product_brand":[],"product_cat":[527],"product_tag":[],"class_list":{"0":"post-32234","1":"product","2":"type-product","3":"status-publish","4":"has-post-thumbnail","6":"product_cat-epoxi","8":"first","9":"instock","10":"taxable","11":"shipping-taxable","12":"product-type-simple"},"acf":[],"yoast_head":"<!-- This site is optimized with the Yoast SEO plugin v27.5 - https:\/\/yoast.com\/product\/yoast-seo-wordpress\/ -->\n<title>TINTA EPOXI 2000 - Tintas 2000<\/title>\n<meta name=\"robots\" content=\"index, follow, max-snippet:-1, max-image-preview:large, max-video-preview:-1\" \/>\n<link rel=\"canonical\" href=\"https:\/\/tintas2000.pt\/home\/produtos\/tinta-epoxi-2000\/\" \/>\n<meta property=\"og:locale\" content=\"pt_PT\" \/>\n<meta property=\"og:type\" content=\"article\" \/>\n<meta property=\"og:title\" content=\"TINTA EPOXI 2000 - Tintas 2000\" \/>\n<meta property=\"og:description\" content=\"Tinta formulada \u00e0 base de resinas epoxi indicada para a ind\u00fastria metalomec\u00e2nica. Tem excelente ader\u00eancia sobre a\u00e7o, boa prote\u00e7\u00e3o anticorrosiva, permite aplica\u00e7\u00e3o de espessuras elevadas. Boa resist\u00eancia a ambientes mar\u00edtimos e industriais. Acabamento acetinado.\" \/>\n<meta property=\"og:url\" content=\"https:\/\/tintas2000.pt\/home\/produtos\/tinta-epoxi-2000\/\" \/>\n<meta property=\"og:site_name\" content=\"Tintas 2000\" \/>\n<meta property=\"article:modified_time\" content=\"2025-05-20T12:39:47+00:00\" \/>\n<meta property=\"og:image\" content=\"https:\/\/tintas2000.pt\/home\/wp-content\/uploads\/2021\/06\/Industria-5L.jpg\" \/>\n\t<meta property=\"og:image:width\" content=\"1500\" \/>\n\t<meta property=\"og:image:height\" content=\"1662\" \/>\n\t<meta property=\"og:image:type\" content=\"image\/jpeg\" \/>\n<meta name=\"twitter:card\" content=\"summary_large_image\" \/>\n<script type=\"application\/ld+json\" class=\"yoast-schema-graph\">{\"@context\":\"https:\\\/\\\/schema.org\",\"@graph\":[{\"@type\":\"WebPage\",\"@id\":\"https:\\\/\\\/tintas2000.pt\\\/home\\\/produtos\\\/tinta-epoxi-2000\\\/\",\"url\":\"https:\\\/\\\/tintas2000.pt\\\/home\\\/produtos\\\/tinta-epoxi-2000\\\/\",\"name\":\"TINTA EPOXI 2000 - Tintas 2000\",\"isPartOf\":{\"@id\":\"https:\\\/\\\/tintas2000.pt\\\/home\\\/#website\"},\"primaryImageOfPage\":{\"@id\":\"https:\\\/\\\/tintas2000.pt\\\/home\\\/produtos\\\/tinta-epoxi-2000\\\/#primaryimage\"},\"image\":{\"@id\":\"https:\\\/\\\/tintas2000.pt\\\/home\\\/produtos\\\/tinta-epoxi-2000\\\/#primaryimage\"},\"thumbnailUrl\":\"https:\\\/\\\/tintas2000.pt\\\/home\\\/wp-content\\\/uploads\\\/2021\\\/06\\\/Industria-5L.jpg\",\"datePublished\":\"2021-11-24T11:45:48+00:00\",\"dateModified\":\"2025-05-20T12:39:47+00:00\",\"breadcrumb\":{\"@id\":\"https:\\\/\\\/tintas2000.pt\\\/home\\\/produtos\\\/tinta-epoxi-2000\\\/#breadcrumb\"},\"inLanguage\":\"pt-PT\",\"potentialAction\":[{\"@type\":\"ReadAction\",\"target\":[\"https:\\\/\\\/tintas2000.pt\\\/home\\\/produtos\\\/tinta-epoxi-2000\\\/\"]}]},{\"@type\":\"ImageObject\",\"inLanguage\":\"pt-PT\",\"@id\":\"https:\\\/\\\/tintas2000.pt\\\/home\\\/produtos\\\/tinta-epoxi-2000\\\/#primaryimage\",\"url\":\"https:\\\/\\\/tintas2000.pt\\\/home\\\/wp-content\\\/uploads\\\/2021\\\/06\\\/Industria-5L.jpg\",\"contentUrl\":\"https:\\\/\\\/tintas2000.pt\\\/home\\\/wp-content\\\/uploads\\\/2021\\\/06\\\/Industria-5L.jpg\",\"width\":1500,\"height\":1662},{\"@type\":\"BreadcrumbList\",\"@id\":\"https:\\\/\\\/tintas2000.pt\\\/home\\\/produtos\\\/tinta-epoxi-2000\\\/#breadcrumb\",\"itemListElement\":[{\"@type\":\"ListItem\",\"position\":1,\"name\":\"In\u00edcio\",\"item\":\"https:\\\/\\\/tintas2000.pt\\\/home\\\/\"},{\"@type\":\"ListItem\",\"position\":2,\"name\":\"Shop\",\"item\":\"https:\\\/\\\/tintas2000.pt\\\/home\\\/shop-2\\\/\"},{\"@type\":\"ListItem\",\"position\":3,\"name\":\"TINTA EPOXI 2000\"}]},{\"@type\":\"WebSite\",\"@id\":\"https:\\\/\\\/tintas2000.pt\\\/home\\\/#website\",\"url\":\"https:\\\/\\\/tintas2000.pt\\\/home\\\/\",\"name\":\"Tintas 2000\",\"description\":\"Tintas 2000\",\"potentialAction\":[{\"@type\":\"SearchAction\",\"target\":{\"@type\":\"EntryPoint\",\"urlTemplate\":\"https:\\\/\\\/tintas2000.pt\\\/home\\\/?s={search_term_string}\"},\"query-input\":{\"@type\":\"PropertyValueSpecification\",\"valueRequired\":true,\"valueName\":\"search_term_string\"}}],\"inLanguage\":\"pt-PT\"}]}<\/script>\n<!-- \/ Yoast SEO plugin. -->","yoast_head_json":{"title":"TINTA EPOXI 2000 - Tintas 2000","robots":{"index":"index","follow":"follow","max-snippet":"max-snippet:-1","max-image-preview":"max-image-preview:large","max-video-preview":"max-video-preview:-1"},"canonical":"https:\/\/tintas2000.pt\/home\/produtos\/tinta-epoxi-2000\/","og_locale":"pt_PT","og_type":"article","og_title":"TINTA EPOXI 2000 - Tintas 2000","og_description":"Tinta formulada \u00e0 base de resinas epoxi indicada para a ind\u00fastria metalomec\u00e2nica. Tem excelente ader\u00eancia sobre a\u00e7o, boa prote\u00e7\u00e3o anticorrosiva, permite aplica\u00e7\u00e3o de espessuras elevadas. Boa resist\u00eancia a ambientes mar\u00edtimos e industriais. Acabamento acetinado.","og_url":"https:\/\/tintas2000.pt\/home\/produtos\/tinta-epoxi-2000\/","og_site_name":"Tintas 2000","article_modified_time":"2025-05-20T12:39:47+00:00","og_image":[{"width":1500,"height":1662,"url":"https:\/\/tintas2000.pt\/home\/wp-content\/uploads\/2021\/06\/Industria-5L.jpg","type":"image\/jpeg"}],"twitter_card":"summary_large_image","schema":{"@context":"https:\/\/schema.org","@graph":[{"@type":"WebPage","@id":"https:\/\/tintas2000.pt\/home\/produtos\/tinta-epoxi-2000\/","url":"https:\/\/tintas2000.pt\/home\/produtos\/tinta-epoxi-2000\/","name":"TINTA EPOXI 2000 - Tintas 2000","isPartOf":{"@id":"https:\/\/tintas2000.pt\/home\/#website"},"primaryImageOfPage":{"@id":"https:\/\/tintas2000.pt\/home\/produtos\/tinta-epoxi-2000\/#primaryimage"},"image":{"@id":"https:\/\/tintas2000.pt\/home\/produtos\/tinta-epoxi-2000\/#primaryimage"},"thumbnailUrl":"https:\/\/tintas2000.pt\/home\/wp-content\/uploads\/2021\/06\/Industria-5L.jpg","datePublished":"2021-11-24T11:45:48+00:00","dateModified":"2025-05-20T12:39:47+00:00","breadcrumb":{"@id":"https:\/\/tintas2000.pt\/home\/produtos\/tinta-epoxi-2000\/#breadcrumb"},"inLanguage":"pt-PT","potentialAction":[{"@type":"ReadAction","target":["https:\/\/tintas2000.pt\/home\/produtos\/tinta-epoxi-2000\/"]}]},{"@type":"ImageObject","inLanguage":"pt-PT","@id":"https:\/\/tintas2000.pt\/home\/produtos\/tinta-epoxi-2000\/#primaryimage","url":"https:\/\/tintas2000.pt\/home\/wp-content\/uploads\/2021\/06\/Industria-5L.jpg","contentUrl":"https:\/\/tintas2000.pt\/home\/wp-content\/uploads\/2021\/06\/Industria-5L.jpg","width":1500,"height":1662},{"@type":"BreadcrumbList","@id":"https:\/\/tintas2000.pt\/home\/produtos\/tinta-epoxi-2000\/#breadcrumb","itemListElement":[{"@type":"ListItem","position":1,"name":"In\u00edcio","item":"https:\/\/tintas2000.pt\/home\/"},{"@type":"ListItem","position":2,"name":"Shop","item":"https:\/\/tintas2000.pt\/home\/shop-2\/"},{"@type":"ListItem","position":3,"name":"TINTA EPOXI 2000"}]},{"@type":"WebSite","@id":"https:\/\/tintas2000.pt\/home\/#website","url":"https:\/\/tintas2000.pt\/home\/","name":"Tintas 2000","description":"Tintas 2000","potentialAction":[{"@type":"SearchAction","target":{"@type":"EntryPoint","urlTemplate":"https:\/\/tintas2000.pt\/home\/?s={search_term_string}"},"query-input":{"@type":"PropertyValueSpecification","valueRequired":true,"valueName":"search_term_string"}}],"inLanguage":"pt-PT"}]}},"_links":{"self":[{"href":"https:\/\/tintas2000.pt\/home\/wp-json\/wp\/v2\/product\/32234","targetHints":{"allow":["GET"]}}],"collection":[{"href":"https:\/\/tintas2000.pt\/home\/wp-json\/wp\/v2\/product"}],"about":[{"href":"https:\/\/tintas2000.pt\/home\/wp-json\/wp\/v2\/types\/product"}],"replies":[{"embeddable":true,"href":"https:\/\/tintas2000.pt\/home\/wp-json\/wp\/v2\/comments?post=32234"}],"version-history":[{"count":1,"href":"https:\/\/tintas2000.pt\/home\/wp-json\/wp\/v2\/product\/32234\/revisions"}],"predecessor-version":[{"id":44973,"href":"https:\/\/tintas2000.pt\/home\/wp-json\/wp\/v2\/product\/32234\/revisions\/44973"}],"wp:featuredmedia":[{"embeddable":true,"href":"https:\/\/tintas2000.pt\/home\/wp-json\/wp\/v2\/media\/25349"}],"wp:attachment":[{"href":"https:\/\/tintas2000.pt\/home\/wp-json\/wp\/v2\/media?parent=32234"}],"wp:term":[{"taxonomy":"product_brand","embeddable":true,"href":"https:\/\/tintas2000.pt\/home\/wp-json\/wp\/v2\/product_brand?post=32234"},{"taxonomy":"product_cat","embeddable":true,"href":"https:\/\/tintas2000.pt\/home\/wp-json\/wp\/v2\/product_cat?post=32234"},{"taxonomy":"product_tag","embeddable":true,"href":"https:\/\/tintas2000.pt\/home\/wp-json\/wp\/v2\/product_tag?post=32234"}],"curies":[{"name":"wp","href":"https:\/\/api.w.org\/{rel}","templated":true}]}}