{"id":42818,"date":"2024-05-08T15:10:27","date_gmt":"2024-05-08T14:10:27","guid":{"rendered":"https:\/\/tintas2000.pt\/home\/?post_type=product&#038;p=42818"},"modified":"2025-05-20T13:39:59","modified_gmt":"2025-05-20T12:39:59","slug":"microdecor","status":"publish","type":"product","link":"https:\/\/tintas2000.pt\/home\/produtos\/microdecor\/","title":{"rendered":"MICRODECOR"},"content":{"rendered":"\t\t<div data-elementor-type=\"product-post\" data-elementor-id=\"42818\" class=\"elementor elementor-42818\" data-elementor-post-type=\"product\">\n\t\t\t\t<div class=\"elementor-element elementor-element-4107c8d e-flex e-con-boxed e-con e-parent\" data-id=\"4107c8d\" data-element_type=\"container\" data-e-type=\"container\">\n\t\t\t\t\t<div class=\"e-con-inner\">\n\t\t<div class=\"elementor-element elementor-element-eeb4f7b e-flex e-con-boxed e-con e-child\" data-id=\"eeb4f7b\" data-element_type=\"container\" data-e-type=\"container\">\n\t\t\t\t\t<div class=\"e-con-inner\">\n\t\t\t\t<div class=\"elementor-element elementor-element-8863fee elementor-widget-divider--view-line_text elementor-widget-divider--element-align-center elementor-widget elementor-widget-divider\" data-id=\"8863fee\" data-element_type=\"widget\" data-e-type=\"widget\" data-widget_type=\"divider.default\">\n\t\t\t\t<div class=\"elementor-widget-container\">\n\t\t\t\t\t\t\t<div class=\"elementor-divider\">\n\t\t\t<span class=\"elementor-divider-separator\">\n\t\t\t\t\t\t<\/span>\n\t\t<\/div>\n\t\t\t\t\t\t<\/div>\n\t\t\t\t<\/div>\n\t\t\t\t<div class=\"elementor-element elementor-element-5580a01 elementor-widget elementor-widget-heading\" data-id=\"5580a01\" data-element_type=\"widget\" data-e-type=\"widget\" data-widget_type=\"heading.default\">\n\t\t\t\t<div class=\"elementor-widget-container\">\n\t\t\t\t\t<h2 class=\"elementor-heading-title elementor-size-default\">CARACTER\u00cdSTICAS DO PRODUTO<\/h2>\t\t\t\t<\/div>\n\t\t\t\t<\/div>\n\t\t<div class=\"elementor-element elementor-element-0a07ad6 e-flex e-con-boxed e-con e-child\" data-id=\"0a07ad6\" data-element_type=\"container\" data-e-type=\"container\">\n\t\t\t\t\t<div class=\"e-con-inner\">\n\t\t\t\t<div class=\"elementor-element elementor-element-41daea9 elementor-widget elementor-widget-text-editor\" data-id=\"41daea9\" data-element_type=\"widget\" data-e-type=\"widget\" data-widget_type=\"text-editor.default\">\n\t\t\t\t<div class=\"elementor-widget-container\">\n\t\t\t\t\t\t\t\t\t<p>Massa de renova\u00e7\u00e3o de superf\u00edcies, formulada \u00e0 base de copol\u00edmeros acr\u00edlicos, cargas minerais e refor\u00e7ada com fibras.<\/p>\t\t\t\t\t\t\t\t<\/div>\n\t\t\t\t<\/div>\n\t\t\t\t\t<\/div>\n\t\t\t\t<\/div>\n\t\t\t\t\t<\/div>\n\t\t\t\t<\/div>\n\t\t\t\t\t<\/div>\n\t\t\t\t<\/div>\n\t\t<div class=\"elementor-element elementor-element-4ef95af e-flex e-con-boxed e-con e-parent\" data-id=\"4ef95af\" data-element_type=\"container\" data-e-type=\"container\">\n\t\t\t\t\t<div class=\"e-con-inner\">\n\t\t\t\t<div class=\"elementor-element elementor-element-67fea66 elementor-widget elementor-widget-html\" data-id=\"67fea66\" data-element_type=\"widget\" data-e-type=\"widget\" data-widget_type=\"html.default\">\n\t\t\t\t<div class=\"elementor-widget-container\">\n\t\t\t\t\t<p>Transforme os seus espa\u00e7os com o requinte e a sofistica\u00e7\u00e3o do nosso revestimento aquoso decorativo para paredes interiores. Com um acabamento tipo \"microcimento\", este produto \u00e9 a escolha ideal para quem procura elevar a est\u00e9tica de qualquer ambiente, sem abrir m\u00e3o da qualidade.\u00a0<\/p>\r\n<p><strong>MONOCOMPONENTE - PRONTO A APLICAR - ELEVADA ADER\u00caNCIA - DISPON\u00cdVEL EM DIVERSAS CORES<\/strong><\/p>\r\n<img fetchpriority=\"high\" decoding=\"async\" class=\"size-full wp-image-422495\" title=\"CoresMicrodecor Site\" src=\"https:\/\/marilina.pt\/wp-content\/uploads\/2024\/05\/CoresMicrodecor-Site-scaled.jpg\" alt=\"CoresMicrodecor Site\" width=\"2560\" height=\"1073\" \/> \r\n<p>&nbsp;<\/p>\r\n<p><strong> PREPARA\u00c7\u00c3O DE SUPERF\u00cdCIES<\/strong><\/p>\r\n<p><strong> SUPERF\u00cdCIES COM TEXTURA OU IRREGULARIDADES: <\/strong><\/p>\r\n<p>Sobre tintas texturadas: Alisar a superf\u00edcie com massas de gesso pr\u00f3prias para o efeito. Aplicar Prim\u00e1rio Microdecor em cor igual ou aproximada ao acabamento. Sobre cer\u00e2micos: Aplicar duas camadas de Renovamil Fibrado. Aplicar Prim\u00e1rio Microdecor em cor igual ou aproximada ao acabamento.<\/p>\r\n<p><strong>SUPERF\u00cdCIES LISAS ANTERIORMENTE PINTADAS: <\/strong><\/p>\r\n<p>Com tintas mates: Aplicar Prim\u00e1rio Microdecor em cor igual ou aproximada ao acabamento. Com tintas acetinadas ou esmaltes: Aplicar uma dem\u00e3o de Prim\u00e1rio TT como promotor de ader\u00eancia. Aplicar Prim\u00e1rio Microdecor em cor igual ou aproximada ao acabamento.<\/p>\r\n<p><strong>SUPERF\u00cdCIES LISAS NOVAS (EX. GESSO PROJETADO, GESSO CARTONADO, ETC):<\/strong><\/p>\r\n<p>Aplicar Prim\u00e1rio Microdecor em cor igual ou aproximada ao acabamento.<\/p>\r\n<p>O Microdecor deve ser aplicado com o recurso a uma palustra de cantos redondos em pelo menos duas camadas, com movimentos ondulados, curtos e sem orienta\u00e7\u00e3o definida, apertando o material contra a superf\u00edcie.<\/p>\r\n<p>Proteger a superf\u00edcie, aplicando 2 a 3 dem\u00e3os de Verniz PU 2FLOOR 10-920 Mate.<\/p>\t\t\t\t<\/div>\n\t\t\t\t<\/div>\n\t\t\t\t\t<\/div>\n\t\t\t\t<\/div>\n\t\t<div class=\"elementor-element elementor-element-a401cab e-flex e-con-boxed e-con e-parent\" data-id=\"a401cab\" data-element_type=\"container\" data-e-type=\"container\">\n\t\t\t\t\t<div class=\"e-con-inner\">\n\t\t\t\t<div class=\"elementor-element elementor-element-15ae9d8 elementor-widget elementor-widget-html\" data-id=\"15ae9d8\" data-element_type=\"widget\" data-e-type=\"widget\" data-widget_type=\"html.default\">\n\t\t\t\t<div class=\"elementor-widget-container\">\n\t\t\t\t\t<iframe width=\"1200\" height=\"600\" src=\"https:\/\/www.youtube.com\/embed\/EsjRKFCBG6U?rel=0\" title=\"YouTube video player\" frameborder=\"0\" allow=\"accelerometer; autoplay; clipboard-write; encrypted-media; gyroscope; picture-in-picture; web-share\" referrerpolicy=\"strict-origin-when-cross-origin\" allowfullscreen><\/iframe>\t\t\t\t<\/div>\n\t\t\t\t<\/div>\n\t\t\t\t\t<\/div>\n\t\t\t\t<\/div>\n\t\t\t\t<section class=\"elementor-section elementor-top-section elementor-element elementor-element-9b49b20 elementor-section-boxed elementor-section-height-default elementor-section-height-default\" data-id=\"9b49b20\" data-element_type=\"section\" data-e-type=\"section\">\n\t\t\t\t\t\t<div class=\"elementor-container elementor-column-gap-default\">\n\t\t\t\t\t<div class=\"elementor-column elementor-col-100 elementor-top-column elementor-element elementor-element-100f059\" data-id=\"100f059\" data-element_type=\"column\" data-e-type=\"column\">\n\t\t\t<div class=\"elementor-widget-wrap elementor-element-populated\">\n\t\t\t\t\t\t<section class=\"elementor-section elementor-inner-section elementor-element elementor-element-94ed1d7 elementor-section-content-top nm-btn-icon nm-margin-left elementor-section-boxed elementor-section-height-default elementor-section-height-default\" data-id=\"94ed1d7\" data-element_type=\"section\" data-e-type=\"section\">\n\t\t\t\t\t\t<div class=\"elementor-container elementor-column-gap-default\">\n\t\t\t\t\t<div class=\"elementor-column elementor-col-50 elementor-inner-column elementor-element elementor-element-494ca48\" data-id=\"494ca48\" data-element_type=\"column\" data-e-type=\"column\">\n\t\t\t<div class=\"elementor-widget-wrap elementor-element-populated\">\n\t\t\t\t\t\t<div class=\"elementor-element elementor-element-7ca1879 elementor-align-justify elementor-mobile-align-center elementor-widget elementor-widget-button\" data-id=\"7ca1879\" data-element_type=\"widget\" data-e-type=\"widget\" data-widget_type=\"button.default\">\n\t\t\t\t<div class=\"elementor-widget-container\">\n\t\t\t\t\t\t\t\t\t<div class=\"elementor-button-wrapper\">\n\t\t\t\t\t<a class=\"elementor-button elementor-button-link elementor-size-md\" href=\"https:\/\/www.tintas2000.pt\/home\/wp-content\/uploads\/Fichas%20T\u00e9cnicas\/FT_CC\/FT_CC\/MICRODECOR.pdf\" target=\"_blank\">\n\t\t\t\t\t\t<span class=\"elementor-button-content-wrapper\">\n\t\t\t\t\t\t<span class=\"elementor-button-icon\">\n\t\t\t\t<svg xmlns=\"http:\/\/www.w3.org\/2000\/svg\" width=\"26\" height=\"27\" viewBox=\"0 0 26 27\" fill=\"none\"><path d=\"M18.0918 15.9551L12.7509 21.296\" stroke=\"white\" stroke-width=\"2\" stroke-miterlimit=\"10\" stroke-linecap=\"round\" stroke-linejoin=\"round\"><\/path><path d=\"M7.40906 15.9551L12.75 21.296\" stroke=\"white\" stroke-width=\"2\" stroke-miterlimit=\"10\" stroke-linecap=\"round\" stroke-linejoin=\"round\"><\/path><path d=\"M24.5 19.1582V24.4991C24.5 25.0866 24.0086 25.5673 23.4318 25.5673H2.04682C1.47 25.5673 1 25.0866 1 24.4991V19.1582\" stroke=\"white\" stroke-width=\"2\" stroke-miterlimit=\"10\" stroke-linecap=\"round\" stroke-linejoin=\"round\"><\/path><path d=\"M12.75 1V21.2955\" stroke=\"white\" stroke-width=\"2\" stroke-miterlimit=\"10\" stroke-linecap=\"round\" stroke-linejoin=\"round\"><\/path><\/svg>\t\t\t<\/span>\n\t\t\t\t\t\t\t\t\t<span class=\"elementor-button-text\">ficha t\u00e9cnica<\/span>\n\t\t\t\t\t<\/span>\n\t\t\t\t\t<\/a>\n\t\t\t\t<\/div>\n\t\t\t\t\t\t\t\t<\/div>\n\t\t\t\t<\/div>\n\t\t\t\t\t<\/div>\n\t\t<\/div>\n\t\t\t\t<div class=\"elementor-column elementor-col-50 elementor-inner-column elementor-element elementor-element-ed88137\" data-id=\"ed88137\" data-element_type=\"column\" data-e-type=\"column\">\n\t\t\t<div class=\"elementor-widget-wrap elementor-element-populated\">\n\t\t\t\t\t\t<div class=\"elementor-element elementor-element-a34e218 elementor-align-justify elementor-mobile-align-center elementor-widget elementor-widget-button\" data-id=\"a34e218\" data-element_type=\"widget\" data-e-type=\"widget\" data-widget_type=\"button.default\">\n\t\t\t\t<div class=\"elementor-widget-container\">\n\t\t\t\t\t\t\t\t\t<div class=\"elementor-button-wrapper\">\n\t\t\t\t\t<a class=\"elementor-button elementor-button-link elementor-size-md\" href=\"https:\/\/tintas2000.pt\/home\/wp-content\/uploads\/Fichas%20Dados%20Seguran%C3%A7a\/180210__MICRODECOR.pdf\" target=\"_blank\">\n\t\t\t\t\t\t<span class=\"elementor-button-content-wrapper\">\n\t\t\t\t\t\t<span class=\"elementor-button-icon\">\n\t\t\t\t<svg xmlns=\"http:\/\/www.w3.org\/2000\/svg\" width=\"26\" height=\"27\" viewBox=\"0 0 26 27\" fill=\"none\"><path d=\"M18.0918 15.9551L12.7509 21.296\" stroke=\"white\" stroke-width=\"2\" stroke-miterlimit=\"10\" stroke-linecap=\"round\" stroke-linejoin=\"round\"><\/path><path d=\"M7.40906 15.9551L12.75 21.296\" stroke=\"white\" stroke-width=\"2\" stroke-miterlimit=\"10\" stroke-linecap=\"round\" stroke-linejoin=\"round\"><\/path><path d=\"M24.5 19.1582V24.4991C24.5 25.0866 24.0086 25.5673 23.4318 25.5673H2.04682C1.47 25.5673 1 25.0866 1 24.4991V19.1582\" stroke=\"white\" stroke-width=\"2\" stroke-miterlimit=\"10\" stroke-linecap=\"round\" stroke-linejoin=\"round\"><\/path><path d=\"M12.75 1V21.2955\" stroke=\"white\" stroke-width=\"2\" stroke-miterlimit=\"10\" stroke-linecap=\"round\" stroke-linejoin=\"round\"><\/path><\/svg>\t\t\t<\/span>\n\t\t\t\t\t\t\t\t\t<span class=\"elementor-button-text\">ficha dados de seguran\u00e7a<\/span>\n\t\t\t\t\t<\/span>\n\t\t\t\t\t<\/a>\n\t\t\t\t<\/div>\n\t\t\t\t\t\t\t\t<\/div>\n\t\t\t\t<\/div>\n\t\t\t\t\t<\/div>\n\t\t<\/div>\n\t\t\t\t\t<\/div>\n\t\t<\/section>\n\t\t\t\t\t<\/div>\n\t\t<\/div>\n\t\t\t\t\t<\/div>\n\t\t<\/section>\n\t\t\t\t<\/div>\n\t\t","protected":false},"excerpt":{"rendered":"<p>Revestimento aquoso decorativo de paredes interiores, com acabamento do tipo \u201cmicrocimento\u201d. Adequado para diversos substratos lisos.<\/p>\n","protected":false},"featured_media":42819,"comment_status":"open","ping_status":"closed","template":"","meta":{"_acf_changed":false},"product_brand":[],"product_cat":[97,111],"product_tag":[],"class_list":{"0":"post-42818","1":"product","2":"type-product","3":"status-publish","4":"has-post-thumbnail","6":"product_cat-construcao-civil","7":"product_cat-paredes-interiores","9":"first","10":"instock","11":"taxable","12":"shipping-taxable","13":"product-type-simple"},"acf":[],"yoast_head":"<!-- This site is optimized with the Yoast SEO plugin v27.4 - https:\/\/yoast.com\/product\/yoast-seo-wordpress\/ -->\n<title>MICRODECOR - Tintas 2000<\/title>\n<meta name=\"description\" content=\"Revestimento aquoso decorativo de paredes interiores, com acabamento do tipo\u201cmicrocimento\u201d. Adequado para diversos substratos lisos.\" \/>\n<meta name=\"robots\" content=\"index, follow, max-snippet:-1, max-image-preview:large, max-video-preview:-1\" \/>\n<link rel=\"canonical\" href=\"https:\/\/tintas2000.pt\/home\/produtos\/microdecor\/\" \/>\n<meta property=\"og:locale\" content=\"pt_PT\" \/>\n<meta property=\"og:type\" content=\"article\" \/>\n<meta property=\"og:title\" content=\"MICRODECOR - Tintas 2000\" \/>\n<meta property=\"og:description\" content=\"Revestimento aquoso decorativo de paredes interiores, com acabamento do tipo\u201cmicrocimento\u201d. Adequado para diversos substratos lisos.\" \/>\n<meta property=\"og:url\" content=\"https:\/\/tintas2000.pt\/home\/produtos\/microdecor\/\" \/>\n<meta property=\"og:site_name\" content=\"Tintas 2000\" \/>\n<meta property=\"article:modified_time\" content=\"2025-05-20T12:39:59+00:00\" \/>\n<meta property=\"og:image\" content=\"https:\/\/tintas2000.pt\/home\/wp-content\/uploads\/2024\/05\/microdecor.webp\" \/>\n\t<meta property=\"og:image:width\" content=\"750\" \/>\n\t<meta property=\"og:image:height\" content=\"750\" \/>\n\t<meta property=\"og:image:type\" content=\"image\/webp\" \/>\n<meta name=\"twitter:card\" content=\"summary_large_image\" \/>\n<meta name=\"twitter:label1\" content=\"Tempo estimado de leitura\" \/>\n\t<meta name=\"twitter:data1\" content=\"1 minuto\" \/>\n<script type=\"application\/ld+json\" class=\"yoast-schema-graph\">{\"@context\":\"https:\\\/\\\/schema.org\",\"@graph\":[{\"@type\":\"WebPage\",\"@id\":\"https:\\\/\\\/tintas2000.pt\\\/home\\\/produtos\\\/microdecor\\\/\",\"url\":\"https:\\\/\\\/tintas2000.pt\\\/home\\\/produtos\\\/microdecor\\\/\",\"name\":\"MICRODECOR - Tintas 2000\",\"isPartOf\":{\"@id\":\"https:\\\/\\\/tintas2000.pt\\\/home\\\/#website\"},\"primaryImageOfPage\":{\"@id\":\"https:\\\/\\\/tintas2000.pt\\\/home\\\/produtos\\\/microdecor\\\/#primaryimage\"},\"image\":{\"@id\":\"https:\\\/\\\/tintas2000.pt\\\/home\\\/produtos\\\/microdecor\\\/#primaryimage\"},\"thumbnailUrl\":\"https:\\\/\\\/tintas2000.pt\\\/home\\\/wp-content\\\/uploads\\\/2024\\\/05\\\/microdecor.webp\",\"datePublished\":\"2024-05-08T14:10:27+00:00\",\"dateModified\":\"2025-05-20T12:39:59+00:00\",\"description\":\"Revestimento aquoso decorativo de paredes interiores, com acabamento do tipo\u201cmicrocimento\u201d. Adequado para diversos substratos lisos.\",\"breadcrumb\":{\"@id\":\"https:\\\/\\\/tintas2000.pt\\\/home\\\/produtos\\\/microdecor\\\/#breadcrumb\"},\"inLanguage\":\"pt-PT\",\"potentialAction\":[{\"@type\":\"ReadAction\",\"target\":[\"https:\\\/\\\/tintas2000.pt\\\/home\\\/produtos\\\/microdecor\\\/\"]}]},{\"@type\":\"ImageObject\",\"inLanguage\":\"pt-PT\",\"@id\":\"https:\\\/\\\/tintas2000.pt\\\/home\\\/produtos\\\/microdecor\\\/#primaryimage\",\"url\":\"https:\\\/\\\/tintas2000.pt\\\/home\\\/wp-content\\\/uploads\\\/2024\\\/05\\\/microdecor.webp\",\"contentUrl\":\"https:\\\/\\\/tintas2000.pt\\\/home\\\/wp-content\\\/uploads\\\/2024\\\/05\\\/microdecor.webp\",\"width\":750,\"height\":750},{\"@type\":\"BreadcrumbList\",\"@id\":\"https:\\\/\\\/tintas2000.pt\\\/home\\\/produtos\\\/microdecor\\\/#breadcrumb\",\"itemListElement\":[{\"@type\":\"ListItem\",\"position\":1,\"name\":\"In\u00edcio\",\"item\":\"https:\\\/\\\/tintas2000.pt\\\/home\\\/\"},{\"@type\":\"ListItem\",\"position\":2,\"name\":\"Shop\",\"item\":\"https:\\\/\\\/tintas2000.pt\\\/home\\\/shop-2\\\/\"},{\"@type\":\"ListItem\",\"position\":3,\"name\":\"MICRODECOR\"}]},{\"@type\":\"WebSite\",\"@id\":\"https:\\\/\\\/tintas2000.pt\\\/home\\\/#website\",\"url\":\"https:\\\/\\\/tintas2000.pt\\\/home\\\/\",\"name\":\"Tintas 2000\",\"description\":\"Tintas 2000\",\"potentialAction\":[{\"@type\":\"SearchAction\",\"target\":{\"@type\":\"EntryPoint\",\"urlTemplate\":\"https:\\\/\\\/tintas2000.pt\\\/home\\\/?s={search_term_string}\"},\"query-input\":{\"@type\":\"PropertyValueSpecification\",\"valueRequired\":true,\"valueName\":\"search_term_string\"}}],\"inLanguage\":\"pt-PT\"}]}<\/script>\n<!-- \/ Yoast SEO plugin. -->","yoast_head_json":{"title":"MICRODECOR - Tintas 2000","description":"Revestimento aquoso decorativo de paredes interiores, com acabamento do tipo\u201cmicrocimento\u201d. Adequado para diversos substratos lisos.","robots":{"index":"index","follow":"follow","max-snippet":"max-snippet:-1","max-image-preview":"max-image-preview:large","max-video-preview":"max-video-preview:-1"},"canonical":"https:\/\/tintas2000.pt\/home\/produtos\/microdecor\/","og_locale":"pt_PT","og_type":"article","og_title":"MICRODECOR - Tintas 2000","og_description":"Revestimento aquoso decorativo de paredes interiores, com acabamento do tipo\u201cmicrocimento\u201d. Adequado para diversos substratos lisos.","og_url":"https:\/\/tintas2000.pt\/home\/produtos\/microdecor\/","og_site_name":"Tintas 2000","article_modified_time":"2025-05-20T12:39:59+00:00","og_image":[{"width":750,"height":750,"url":"https:\/\/tintas2000.pt\/home\/wp-content\/uploads\/2024\/05\/microdecor.webp","type":"image\/webp"}],"twitter_card":"summary_large_image","twitter_misc":{"Tempo estimado de leitura":"1 minuto"},"schema":{"@context":"https:\/\/schema.org","@graph":[{"@type":"WebPage","@id":"https:\/\/tintas2000.pt\/home\/produtos\/microdecor\/","url":"https:\/\/tintas2000.pt\/home\/produtos\/microdecor\/","name":"MICRODECOR - Tintas 2000","isPartOf":{"@id":"https:\/\/tintas2000.pt\/home\/#website"},"primaryImageOfPage":{"@id":"https:\/\/tintas2000.pt\/home\/produtos\/microdecor\/#primaryimage"},"image":{"@id":"https:\/\/tintas2000.pt\/home\/produtos\/microdecor\/#primaryimage"},"thumbnailUrl":"https:\/\/tintas2000.pt\/home\/wp-content\/uploads\/2024\/05\/microdecor.webp","datePublished":"2024-05-08T14:10:27+00:00","dateModified":"2025-05-20T12:39:59+00:00","description":"Revestimento aquoso decorativo de paredes interiores, com acabamento do tipo\u201cmicrocimento\u201d. Adequado para diversos substratos lisos.","breadcrumb":{"@id":"https:\/\/tintas2000.pt\/home\/produtos\/microdecor\/#breadcrumb"},"inLanguage":"pt-PT","potentialAction":[{"@type":"ReadAction","target":["https:\/\/tintas2000.pt\/home\/produtos\/microdecor\/"]}]},{"@type":"ImageObject","inLanguage":"pt-PT","@id":"https:\/\/tintas2000.pt\/home\/produtos\/microdecor\/#primaryimage","url":"https:\/\/tintas2000.pt\/home\/wp-content\/uploads\/2024\/05\/microdecor.webp","contentUrl":"https:\/\/tintas2000.pt\/home\/wp-content\/uploads\/2024\/05\/microdecor.webp","width":750,"height":750},{"@type":"BreadcrumbList","@id":"https:\/\/tintas2000.pt\/home\/produtos\/microdecor\/#breadcrumb","itemListElement":[{"@type":"ListItem","position":1,"name":"In\u00edcio","item":"https:\/\/tintas2000.pt\/home\/"},{"@type":"ListItem","position":2,"name":"Shop","item":"https:\/\/tintas2000.pt\/home\/shop-2\/"},{"@type":"ListItem","position":3,"name":"MICRODECOR"}]},{"@type":"WebSite","@id":"https:\/\/tintas2000.pt\/home\/#website","url":"https:\/\/tintas2000.pt\/home\/","name":"Tintas 2000","description":"Tintas 2000","potentialAction":[{"@type":"SearchAction","target":{"@type":"EntryPoint","urlTemplate":"https:\/\/tintas2000.pt\/home\/?s={search_term_string}"},"query-input":{"@type":"PropertyValueSpecification","valueRequired":true,"valueName":"search_term_string"}}],"inLanguage":"pt-PT"}]}},"_links":{"self":[{"href":"https:\/\/tintas2000.pt\/home\/wp-json\/wp\/v2\/product\/42818","targetHints":{"allow":["GET"]}}],"collection":[{"href":"https:\/\/tintas2000.pt\/home\/wp-json\/wp\/v2\/product"}],"about":[{"href":"https:\/\/tintas2000.pt\/home\/wp-json\/wp\/v2\/types\/product"}],"replies":[{"embeddable":true,"href":"https:\/\/tintas2000.pt\/home\/wp-json\/wp\/v2\/comments?post=42818"}],"version-history":[{"count":10,"href":"https:\/\/tintas2000.pt\/home\/wp-json\/wp\/v2\/product\/42818\/revisions"}],"predecessor-version":[{"id":45524,"href":"https:\/\/tintas2000.pt\/home\/wp-json\/wp\/v2\/product\/42818\/revisions\/45524"}],"wp:featuredmedia":[{"embeddable":true,"href":"https:\/\/tintas2000.pt\/home\/wp-json\/wp\/v2\/media\/42819"}],"wp:attachment":[{"href":"https:\/\/tintas2000.pt\/home\/wp-json\/wp\/v2\/media?parent=42818"}],"wp:term":[{"taxonomy":"product_brand","embeddable":true,"href":"https:\/\/tintas2000.pt\/home\/wp-json\/wp\/v2\/product_brand?post=42818"},{"taxonomy":"product_cat","embeddable":true,"href":"https:\/\/tintas2000.pt\/home\/wp-json\/wp\/v2\/product_cat?post=42818"},{"taxonomy":"product_tag","embeddable":true,"href":"https:\/\/tintas2000.pt\/home\/wp-json\/wp\/v2\/product_tag?post=42818"}],"curies":[{"name":"wp","href":"https:\/\/api.w.org\/{rel}","templated":true}]}}